{"id":5797,"date":"2023-11-09T20:33:09","date_gmt":"2023-11-09T19:33:09","guid":{"rendered":"https:\/\/www.ngdcare.nl\/ansvarsfraskrivelse\/"},"modified":"2023-11-09T20:33:09","modified_gmt":"2023-11-09T19:33:09","slug":"ansvarsfraskrivelse","status":"publish","type":"page","link":"https:\/\/www.ngdcare.nl\/da\/ansvarsfraskrivelse\/","title":{"rendered":"Ansvarsfraskrivelse"},"content":{"rendered":"<p>Indholdet p\u00e5 denne hjemmeside er udarbejdet med omhu, og vi g\u00f8r vores yderste for at give fuldst\u00e6ndige og korrekte oplysninger til enhver tid. Ikke desto mindre kan der ikke udledes nogen rettigheder af indholdet p\u00e5 denne hjemmeside. NGD Care er heller ikke ansvarlig for eventuelle fejl p\u00e5 denne hjemmeside og forbeholder sig retten til at justere eller \u00e6ndre oplysninger og\/eller priser til enhver tid.  <\/p>\n<p>Teksterne p\u00e5 denne hjemmeside b\u00f8r betragtes som en retningslinje, men erstatter ikke r\u00e5d fra en dyrl\u00e6ge. I tilf\u00e6lde af tvivl om et dyrs helbred eller rigtigheden af den valgte terapi, anbefaler vi at konsultere en dyrl\u00e6ge i alle tilf\u00e6lde. NGD Care er ikke ansvarlig for skader for\u00e5rsaget af forkert brug eller anbefaling af produkter eller oplysninger n\u00e6vnt p\u00e5 hjemmesiden.  <\/p>\n<p>Alle NGD Care-produkter er kosttilskud og ikke en erstatning for en sund livsstil og varieret afbalanceret kost. Produkterne er ikke l\u00e6gemidler og kan derfor ikke bruges som medicin, men som kosttilskud. I tilf\u00e6lde af sygdom eller anden medicinsk tilstand anbefaler vi altid at konsultere en dyrl\u00e6ge f\u00f8r brug. Kosttilskud kan have interaktioner og bivirkninger med hinanden og med regelm\u00e6ssig medicin. Disse interaktioner og bivirkninger er angivet i de enkelte kosttilskud. Fordi der er lavet lidt forskning p\u00e5 kosttilskuddene, vil disse interaktioner og bivirkninger ikke v\u00e6re fuldst\u00e6ndige. Derfor er det vigtigt at bruge dine egne observationsbef\u00f8jelser og konsultere os eller en dyrl\u00e6ge, hvis du er i tvivl.      <\/p>\n<p>Opbevar kosttilskud utilg\u00e6ngeligt for sm\u00e5 b\u00f8rn.<\/p>\n","protected":false},"excerpt":{"rendered":"<p>Indholdet p\u00e5 denne hjemmeside er udarbejdet med omhu, og vi g\u00f8r vores yderste for at give fuldst\u00e6ndige og korrekte oplysninger til enhver tid. Ikke desto mindre kan der ikke udledes nogen rettigheder af indholdet p\u00e5 denne hjemmeside. NGD Care er heller ikke ansvarlig for eventuelle fejl p\u00e5 denne hjemmeside og forbeholder sig retten til at &#8230; <a title=\"Ansvarsfraskrivelse\" class=\"read-more\" href=\"https:\/\/www.ngdcare.nl\/da\/ansvarsfraskrivelse\/\" aria-label=\"Read more about Ansvarsfraskrivelse\">L\u00e6s Mere<\/a><\/p>\n","protected":false},"author":1,"featured_media":0,"parent":0,"menu_order":0,"comment_status":"closed","ping_status":"closed","template":"","meta":{"footnotes":""},"class_list":{"0":"post-5797","1":"page","2":"type-page","3":"status-publish","5":"infinite-scroll-item"},"_links":{"self":[{"href":"https:\/\/www.ngdcare.nl\/da\/wp-json\/wp\/v2\/pages\/5797","targetHints":{"allow":["GET"]}}],"collection":[{"href":"https:\/\/www.ngdcare.nl\/da\/wp-json\/wp\/v2\/pages"}],"about":[{"href":"https:\/\/www.ngdcare.nl\/da\/wp-json\/wp\/v2\/types\/page"}],"author":[{"embeddable":true,"href":"https:\/\/www.ngdcare.nl\/da\/wp-json\/wp\/v2\/users\/1"}],"replies":[{"embeddable":true,"href":"https:\/\/www.ngdcare.nl\/da\/wp-json\/wp\/v2\/comments?post=5797"}],"version-history":[{"count":0,"href":"https:\/\/www.ngdcare.nl\/da\/wp-json\/wp\/v2\/pages\/5797\/revisions"}],"wp:attachment":[{"href":"https:\/\/www.ngdcare.nl\/da\/wp-json\/wp\/v2\/media?parent=5797"}],"curies":[{"name":"wp","href":"https:\/\/api.w.org\/{rel}","templated":true}]}}