{"id":10067,"date":"2025-11-07T14:25:04","date_gmt":"2025-11-07T13:25:04","guid":{"rendered":"https:\/\/www.ngdcare.nl\/product\/Ikke%20kategoriseret\/pala-hundefoder-kylling\/"},"modified":"2025-11-07T14:28:06","modified_gmt":"2025-11-07T13:28:06","slug":"pala-hundefoder-kylling","status":"publish","type":"product","link":"https:\/\/www.ngdcare.nl\/da\/product\/dyrehandel\/hund\/ernaering\/torfoder\/pala-hundefoder-kylling\/","title":{"rendered":"Pala hundefoder \u2013 Kylling"},"content":{"rendered":"<p data-start=\"0\" data-end=\"79\"><strong data-start=\"0\" data-end=\"77\">Pala hundefoder \u2013 Opskrift #5 Kylling \u2013 Luftt\u00f8rret komplet hundefoder<\/strong><\/p>\n<p data-start=\"81\" data-end=\"444\">Giv din hund ren energi fra kylling og \u00e6g \u2013 <strong data-start=\"127\" data-end=\"153\">Pala Opskrift #5 Kylling<\/strong> er rig p\u00e5 n\u00e6rende proteiner, fedtstoffer, vitaminer og mineraler. Denne opskrift indeholder <strong data-start=\"234\" data-end=\"261\">hel kylling og hele \u00e6g<\/strong> kombineret med friske gr\u00f8ntsager, b\u00e6r og krydderurter. Ingredienserne <strong data-start=\"347\" data-end=\"384\">luftt\u00f8rres langsomt ved lav temperatur<\/strong>, s\u00e5 alle naturlige n\u00e6ringsstoffer bevares.<\/p>\n<p data-start=\"446\" data-end=\"751\">Med sit <strong data-start=\"455\" data-end=\"481\">h\u00f8jeste kalorieindhold<\/strong> af alle Pala-opskrifter er dette foder perfekt til <strong data-start=\"530\" data-end=\"548\">aktive hunde<\/strong>, hunde med et h\u00f8jt stofskifte eller som har brug for ekstra st\u00f8tte til muskelopbygning og restitution. Det hj\u00e6lper med sund hud, st\u00e6rke led, et godt immunforsvar og en skinnende pels.<\/p>\n<p data-start=\"753\" data-end=\"773\"><strong data-start=\"753\" data-end=\"771\">Egenskaber:<\/strong><\/p>\n<ul>\n<li data-start=\"776\" data-end=\"837\">76 % kylling og 6 % \u00e6g \u2013 enkelt, letford\u00f8jelig proteinkilde<\/li>\n<li data-start=\"840\" data-end=\"908\">Luftt\u00f8rret ved lav temperatur \u2013 bevarer vitaminer og mineraler<\/li>\n<li data-start=\"911\" data-end=\"975\">H\u00f8jt energiniveau \u2013 ideel til aktive eller kr\u00e6sne hunde<\/li>\n<li data-start=\"978\" data-end=\"1028\">Fuldfoder til hunde i alle aldre<\/li>\n<li data-start=\"1031\" data-end=\"1079\">Rig p\u00e5 Omega 3 og 6 fedtsyrer og antioxidanter<\/li>\n<li data-start=\"1082\" data-end=\"1122\">Fri for dufte, farvestoffer og smagsstoffer<\/li>\n<li data-start=\"1125\" data-end=\"1174\">Kan fores t\u00f8rt eller bruges som topper<\/li>\n<li data-start=\"1177\" data-end=\"1240\">Praktisk alternativ til frisk mad \u2013 ideelt til p\u00e5 farten<\/li>\n<li data-start=\"1243\" data-end=\"1282\">Lavet med lokale finske ingredienser<\/li>\n<\/ul>\n<p><strong data-start=\"1884\" data-end=\"1903\">Fodring anbefaling:<\/strong><br data-start=\"1903\" data-end=\"1906\">Brug ca. <strong data-start=\"1918\" data-end=\"1938\">65-311 g om dagen<\/strong>, afh\u00e6ngigt af hundens v\u00e6gt (se tabellen p\u00e5 Palas hjemmeside for detaljer). S\u00f8rg altid for, at der er rigeligt <strong data-start=\"2052\" data-end=\"2071\">med frisk drikkevand<\/strong>.<\/p>\n","protected":false},"excerpt":{"rendered":"<p><strong>Pala Opskrift #5 Kylling<\/strong> tilbyder ren, luftt\u00f8rret kraft fra kylling og \u00e6g. Den er n\u00e6rende, energit\u00e6t og ideel til aktive hunde i alle aldre! <\/p>\n","protected":false},"featured_media":10069,"comment_status":"open","ping_status":"closed","template":"","meta":[],"product_brand":[],"product_cat":[5132,5052,5134],"product_tag":[],"merken":[],"class_list":{"0":"post-10067","1":"product","2":"type-product","3":"status-publish","4":"has-post-thumbnail","6":"product_cat-ernaering","7":"product_cat-hund","8":"product_cat-torfoder","9":"infinite-scroll-item","10":"sales-flash-overlay","11":"woocommerce-text-align-center","12":"woocommerce-image-align-center","13":"do-quantity-buttons","15":"first","16":"instock","17":"sold-individually","18":"taxable","19":"shipping-taxable","20":"purchasable","21":"product-type-variable"},"_links":{"self":[{"href":"https:\/\/www.ngdcare.nl\/da\/wp-json\/wp\/v2\/product\/10067","targetHints":{"allow":["GET"]}}],"collection":[{"href":"https:\/\/www.ngdcare.nl\/da\/wp-json\/wp\/v2\/product"}],"about":[{"href":"https:\/\/www.ngdcare.nl\/da\/wp-json\/wp\/v2\/types\/product"}],"replies":[{"embeddable":true,"href":"https:\/\/www.ngdcare.nl\/da\/wp-json\/wp\/v2\/comments?post=10067"}],"wp:featuredmedia":[{"embeddable":true,"href":"https:\/\/www.ngdcare.nl\/da\/wp-json\/wp\/v2\/media\/10069"}],"wp:attachment":[{"href":"https:\/\/www.ngdcare.nl\/da\/wp-json\/wp\/v2\/media?parent=10067"}],"wp:term":[{"taxonomy":"product_brand","embeddable":true,"href":"https:\/\/www.ngdcare.nl\/da\/wp-json\/wp\/v2\/product_brand?post=10067"},{"taxonomy":"product_cat","embeddable":true,"href":"https:\/\/www.ngdcare.nl\/da\/wp-json\/wp\/v2\/product_cat?post=10067"},{"taxonomy":"product_tag","embeddable":true,"href":"https:\/\/www.ngdcare.nl\/da\/wp-json\/wp\/v2\/product_tag?post=10067"},{"taxonomy":"merken","embeddable":true,"href":"https:\/\/www.ngdcare.nl\/da\/wp-json\/wp\/v2\/merken?post=10067"}],"curies":[{"name":"wp","href":"https:\/\/api.w.org\/{rel}","templated":true}]}}