{"id":10141,"date":"2025-11-07T15:47:06","date_gmt":"2025-11-07T14:47:06","guid":{"rendered":"https:\/\/www.ngdcare.nl\/product\/Ikke kategoriseret\/pala-hundefoder-lam-og-sild\/"},"modified":"2025-11-07T15:47:06","modified_gmt":"2025-11-07T14:47:06","slug":"pala-hundefoder-lam-og-sild","status":"publish","type":"product","link":"https:\/\/www.ngdcare.nl\/da\/product\/dyrehandel\/hund\/ernaering\/torfoder\/pala-hundefoder-lam-og-sild\/","title":{"rendered":"Pala hundefoder \u2013 lam og sild"},"content":{"rendered":"<p data-start=\"0\" data-end=\"86\"><strong data-start=\"0\" data-end=\"84\">Pala hundefoder \u2013 Opskrift #7 Lam og sild \u2013 Luftt\u00f8rret komplet hundefoder<\/strong><\/p>\n<p data-start=\"88\" data-end=\"403\">Oplev Palas nyeste smag: <strong data-start=\"123\" data-end=\"151\">Opskrift #7 Lam og sild<\/strong> \u2013 et letford\u00f8jeligt, proteinrigt m\u00e5ltid med lam som hovedingrediens og atlantisk sild til en sund dosis omega-fedtsyrer. Perfekt til <strong data-start=\"305\" data-end=\"332\">hvalpe, aktive hunde<\/strong> eller kr\u00e6sne spisere, der elsker naturlig, velsmagende mad. <\/p>\n<p data-start=\"405\" data-end=\"778\">Pala <strong data-start=\"425\" data-end=\"462\">luftt\u00f8rres langsomt ved lav temperatur<\/strong>, s\u00e5 alle naturlige n\u00e6ringsstoffer, vitaminer og enzymer forbliver intakte. Med lam, sild, \u00e6g, friske gr\u00f8ntsager og sundhedsfremmende midler som gurkemeje, hvedegr\u00e6s og tang giver denne opskrift komplet, afbalanceret ern\u00e6ring, der st\u00f8tter din hund indefra og ud \u2013 fra <strong data-start=\"733\" data-end=\"775\">st\u00e6rke muskler til en skinnende pels<\/strong>. <\/p>\n<p data-start=\"780\" data-end=\"800\"><strong data-start=\"780\" data-end=\"798\">Egenskaber:<\/strong><\/p>\n<ul>\n<li data-start=\"803\" data-end=\"869\">44 % lam og 32 % atlantisk sild \u2013 rig p\u00e5 protein og omega<\/li>\n<li data-start=\"872\" data-end=\"935\">Luftt\u00f8rret ved lav temperatur \u2013 bevarelse af n\u00e6ringsv\u00e6rdien<\/li>\n<li data-start=\"938\" data-end=\"1007\">Komplet, letford\u00f8jeligt foder til hunde i alle aldre<\/li>\n<li data-start=\"1010\" data-end=\"1068\">Underst\u00f8tter hud, pels, ford\u00f8jelse og immunsystem<\/li>\n<li data-start=\"1071\" data-end=\"1127\">100% naturlig \u2013 uden dufte, farver eller smagsstoffer<\/li>\n<li data-start=\"1130\" data-end=\"1179\">Kan t\u00f8rres eller bruges som topper<\/li>\n<li data-start=\"1182\" data-end=\"1254\">Praktisk alternativ til frisk mad \u2013 ideelt til p\u00e5 farten eller p\u00e5 ferien<\/li>\n<li data-start=\"1257\" data-end=\"1296\">Lavet med lokale finske ingredienser<\/li>\n<\/ul>\n<p><strong data-start=\"1931\" data-end=\"1950\">Fodring anbefaling:<\/strong><br data-start=\"1950\" data-end=\"1953\">Brug ca. <strong data-start=\"1965\" data-end=\"1985\">65-311 g om dagen<\/strong>, afh\u00e6ngigt af hundens v\u00e6gt (se tabellen p\u00e5 Palas hjemmeside for detaljer). S\u00f8rg altid for, at der er rigeligt <strong data-start=\"2099\" data-end=\"2118\">med frisk drikkevand<\/strong>.<\/p>\n","protected":false},"excerpt":{"rendered":"<p><strong>Pala Opskrift #7 Lam og sild<\/strong> er naturlig kraft i hver bid! Den er rig p\u00e5 lam, sild og superfoods til en sund, energisk hund med en skinnende pels. <\/p>\n","protected":false},"featured_media":10143,"comment_status":"open","ping_status":"closed","template":"","meta":[],"product_brand":[],"product_cat":[5132,5052,5134],"product_tag":[],"merken":[],"class_list":{"0":"post-10141","1":"product","2":"type-product","3":"status-publish","4":"has-post-thumbnail","6":"product_cat-ernaering","7":"product_cat-hund","8":"product_cat-torfoder","9":"infinite-scroll-item","10":"sales-flash-overlay","11":"woocommerce-text-align-center","12":"woocommerce-image-align-center","13":"do-quantity-buttons","15":"first","16":"instock","17":"sold-individually","18":"taxable","19":"shipping-taxable","20":"purchasable","21":"product-type-variable"},"_links":{"self":[{"href":"https:\/\/www.ngdcare.nl\/da\/wp-json\/wp\/v2\/product\/10141","targetHints":{"allow":["GET"]}}],"collection":[{"href":"https:\/\/www.ngdcare.nl\/da\/wp-json\/wp\/v2\/product"}],"about":[{"href":"https:\/\/www.ngdcare.nl\/da\/wp-json\/wp\/v2\/types\/product"}],"replies":[{"embeddable":true,"href":"https:\/\/www.ngdcare.nl\/da\/wp-json\/wp\/v2\/comments?post=10141"}],"wp:featuredmedia":[{"embeddable":true,"href":"https:\/\/www.ngdcare.nl\/da\/wp-json\/wp\/v2\/media\/10143"}],"wp:attachment":[{"href":"https:\/\/www.ngdcare.nl\/da\/wp-json\/wp\/v2\/media?parent=10141"}],"wp:term":[{"taxonomy":"product_brand","embeddable":true,"href":"https:\/\/www.ngdcare.nl\/da\/wp-json\/wp\/v2\/product_brand?post=10141"},{"taxonomy":"product_cat","embeddable":true,"href":"https:\/\/www.ngdcare.nl\/da\/wp-json\/wp\/v2\/product_cat?post=10141"},{"taxonomy":"product_tag","embeddable":true,"href":"https:\/\/www.ngdcare.nl\/da\/wp-json\/wp\/v2\/product_tag?post=10141"},{"taxonomy":"merken","embeddable":true,"href":"https:\/\/www.ngdcare.nl\/da\/wp-json\/wp\/v2\/merken?post=10141"}],"curies":[{"name":"wp","href":"https:\/\/api.w.org\/{rel}","templated":true}]}}