{"id":10298,"date":"2025-11-15T21:34:33","date_gmt":"2025-11-15T20:34:33","guid":{"rendered":"https:\/\/www.ngdcare.nl\/?post_type=product&#038;p=10298"},"modified":"2025-11-24T16:17:04","modified_gmt":"2025-11-24T15:17:04","slug":"praebiotika-praebiotiske-fibre-kopie","status":"publish","type":"product","link":"https:\/\/www.ngdcare.nl\/da\/product\/kosttilskud\/praebiotika-praebiotiske-fibre-kopie\/","title":{"rendered":"Prebiotisk fiber"},"content":{"rendered":"<div>\n<p style=\"font-weight: 400;\"><strong>NGD-pleje \u2013 Prebiotisk fiber <\/strong>er en omhyggeligt sammensat blanding af naturlige fibre og funktionelle stoffer, der fungerer som f\u00f8de for gavnlige tarmbakterier. I mods\u00e6tning til probiotika (levende bakterier) <strong>er pr\u00e6biotika fermenterbare fibre<\/strong> , der stimulerer v\u00e6ksten og aktiviteten i det eksisterende mikrobiom. Prebiotika er uford\u00f8jelige kulhydrater, der krydser mave-tarmkanalen og selektivt fermenteres i tyktarmens tarm af gavnlige bakteriearter som Bifidobacterium og Lactobacillus. Dette skaber kortk\u00e6dede fedtsyrer (SCFA&#8217;er) s\u00e5som butyrat, propionat og acetat, som n\u00e6rer tarmv\u00e6ggen, s\u00e6nker pH, modulerer inflammatoriske processer og underst\u00f8tter tarmbarrieren. Dette pr\u00e6biotiske kompleks er udviklet for at fremme mikrobiomets diversitet og stabilitet p\u00e5 en mild, men effektiv m\u00e5de.    <\/p>\n<p style=\"font-weight: 400;\">Denne unikke formel indeholder de <strong>fem vigtigste pr\u00e6biotiske grupper<\/strong>:<\/p>\n<ul>\n<li style=\"font-weight: 400;\"><strong>Inulin og FOS<\/strong> fra cikorierod<\/li>\n<li><strong>Arabinogalaktaner<\/strong> af akaciefibre<\/li>\n<li><strong>MOS<\/strong> fra <em>Saccharomyces boulardii<\/em><\/li>\n<li><strong>Beta-glucaner<\/strong> fra svampen <em>Agaricus blazei<\/em><\/li>\n<\/ul>\n<p>Produktet er velegnet til forstyrret tarmbalance (efter medicin, stress, sygdom), i tilf\u00e6lde af forstoppelse eller uregelm\u00e6ssige aff\u00f8ringer og som en del af en integreret tarmprotokol. Prebiotika hj\u00e6lper ikke kun med lokal tarmsundhed, men har ogs\u00e5 systemiske effekter gennem tarm-hjerne-aksen, tarm-immunaksen og tarm-metabolisme-aksen. De kan bidrage til bedre tolerance over for f\u00f8devarer, mere stabil energi og en mere balanceret immunrespons.<br data-start=\"1961\" data-end=\"1964\">Fordi f\u00f8lsomme tarme nogle gange reagerer voldsomt p\u00e5 store m\u00e6ngder fermenterbar fiber, er dette kompleks beregnet til langsomt at opbygges. Det kan kombineres med probiotika, glutamin, laktoferrin og andre tarmst\u00f8tter. For personer med SIBO eller sv\u00e6re gas-\/smerteklager justeres dosering og type fiber helst af en terapeut.    <\/p>\n<\/div>\n","protected":false},"excerpt":{"rendered":"<p style=\"font-weight: 400;\">Prebiotics Fiber fra NGD Care indeholder en blanding af opl\u00f8selige fibre, der fungerer som f\u00f8de for gavnlige tarmbakterier. Underst\u00f8tter et sundt mikrobiom, tarmbarriere og aff\u00f8ring. <\/p>\n","protected":false},"featured_media":11812,"comment_status":"open","ping_status":"closed","template":"","meta":[],"product_brand":[],"product_cat":[5316],"product_tag":[5788,2941,2940,2542,5787,1952,5786,1954,5413,1963,1911,5329,2939,1899,5789,2942],"merken":[2756],"class_list":{"0":"post-10298","1":"product","2":"type-product","3":"status-publish","4":"has-post-thumbnail","6":"product_cat-kosttilskud","7":"product_tag-afforing","8":"product_tag-ekskrementer-da","9":"product_tag-fiber-da","10":"product_tag-fordojelse","11":"product_tag-fos","12":"product_tag-hund-da","13":"product_tag-inulin","14":"product_tag-kat-da","15":"product_tag-menneskelige-tilskud","16":"product_tag-mikrobiom-da","17":"product_tag-ngd-care-kosttilskud","18":"product_tag-ngd-pleje-for-menneskers-sundhed","19":"product_tag-praebiotika","20":"product_tag-tarm-sundhed","21":"product_tag-tarmbarriere","22":"product_tag-tarmflora-da","23":"merken-ngdcare","24":"infinite-scroll-item","25":"sales-flash-overlay","26":"woocommerce-text-align-center","27":"woocommerce-image-align-center","28":"do-quantity-buttons","30":"first","31":"instock","32":"taxable","33":"shipping-taxable","34":"purchasable","35":"product-type-simple"},"_links":{"self":[{"href":"https:\/\/www.ngdcare.nl\/da\/wp-json\/wp\/v2\/product\/10298","targetHints":{"allow":["GET"]}}],"collection":[{"href":"https:\/\/www.ngdcare.nl\/da\/wp-json\/wp\/v2\/product"}],"about":[{"href":"https:\/\/www.ngdcare.nl\/da\/wp-json\/wp\/v2\/types\/product"}],"replies":[{"embeddable":true,"href":"https:\/\/www.ngdcare.nl\/da\/wp-json\/wp\/v2\/comments?post=10298"}],"wp:featuredmedia":[{"embeddable":true,"href":"https:\/\/www.ngdcare.nl\/da\/wp-json\/wp\/v2\/media\/11812"}],"wp:attachment":[{"href":"https:\/\/www.ngdcare.nl\/da\/wp-json\/wp\/v2\/media?parent=10298"}],"wp:term":[{"taxonomy":"product_brand","embeddable":true,"href":"https:\/\/www.ngdcare.nl\/da\/wp-json\/wp\/v2\/product_brand?post=10298"},{"taxonomy":"product_cat","embeddable":true,"href":"https:\/\/www.ngdcare.nl\/da\/wp-json\/wp\/v2\/product_cat?post=10298"},{"taxonomy":"product_tag","embeddable":true,"href":"https:\/\/www.ngdcare.nl\/da\/wp-json\/wp\/v2\/product_tag?post=10298"},{"taxonomy":"merken","embeddable":true,"href":"https:\/\/www.ngdcare.nl\/da\/wp-json\/wp\/v2\/merken?post=10298"}],"curies":[{"name":"wp","href":"https:\/\/api.w.org\/{rel}","templated":true}]}}