{"id":10312,"date":"2025-11-16T11:49:18","date_gmt":"2025-11-16T10:49:18","guid":{"rendered":"https:\/\/www.ngdcare.nl\/?post_type=product&#038;p=10312"},"modified":"2025-11-24T13:07:49","modified_gmt":"2025-11-24T12:07:49","slug":"liposomal-curcumin-liposomal-curcumin-ekstrakt-kopie","status":"publish","type":"product","link":"https:\/\/www.ngdcare.nl\/da\/product\/human-health\/kosttilskud\/liposomal-curcumin-liposomal-curcumin-ekstrakt-kopie\/","title":{"rendered":"Liposomalt curcuminekstrakt"},"content":{"rendered":"<p style=\"font-weight: 400;\">Curcumin er et af de bedst unders\u00f8gte fyton\u00e6ringsstoffer og har en bred effekt p\u00e5 oxidativt stress, inflammatoriske veje og reparationsprocesser. Dog bliver standard curcumin n\u00e6sten ikke optaget, hvilket kr\u00e6ver h\u00f8je doser, der kan belaste mave-tarmkanalen. <strong>NGD Care Human Healths<\/strong> <strong>liposomale curcumin<\/strong> indeholder den mest dokumenterede Curcumin C3 og er pakket i fosfolipider, hvilket g\u00f8r den meget bedre optaget og mindre tilb\u00f8jelig til nedbrydning.  <\/p>\n<p style=\"font-weight: 400;\">Denne avancerede form underst\u00f8tter ledkomfort, leverfunktion, immunbalance og beskyttelse mod frie radikaler. Den virker p\u00e5 flere niveauer, herunder NF-\u03baB, inflammasomer og antioxidantveje som Nrf2. Dette g\u00f8r den til et fremragende valg til stress, smertef\u00f8lsomhed, ford\u00f8jelsesproblemer og restitution efter intensiv fysisk eller mental stress.  <\/p>\n<p style=\"font-weight: 400;\">Liposomal curcumin er sk\u00e5nsom mod maven og velegnet til daglig brug. P\u00e5 grund af den forbedrede biotilg\u00e6ngelighed kr\u00e6ves lavere doser, hvilket \u00f8ger tolerancen og g\u00f8r produktet ideelt til b\u00e5de forebyggende og terapeutiske anvendelser. <\/p>\n","protected":false},"excerpt":{"rendered":"<p>Liposomal curcumin giver en potent og meget absorberbar form for curcuminoider til st\u00f8tte for inflammationsbalance og cellebeskyttelse.<\/p>\n<p>&nbsp;<\/p>\n<p>&nbsp;<\/p>\n<p>&nbsp;<\/p>\n<p>&nbsp;<\/p>\n","protected":false},"featured_media":10965,"comment_status":"open","ping_status":"closed","template":"","meta":{"wds_primary_product_brand":0,"wds_primary_product_cat":20,"wds_primary_merken":0},"product_brand":[],"product_cat":[5316],"product_tag":[1893,3065,2347,5501,5334,2472,2119,2637,5329,2512],"merken":[2756],"class_list":{"0":"post-10312","1":"product","2":"type-product","3":"status-publish","4":"has-post-thumbnail","6":"product_cat-kosttilskud","7":"product_tag-antioxidant-da","8":"product_tag-betaendelse","9":"product_tag-curcumin-da","10":"product_tag-gurkemeje","11":"product_tag-immunitet","12":"product_tag-led","13":"product_tag-liposomal-da","14":"product_tag-ngd-pleje","15":"product_tag-ngd-pleje-for-menneskers-sundhed","16":"product_tag-reparere","17":"merken-ngdcare","18":"infinite-scroll-item","19":"sales-flash-overlay","20":"woocommerce-text-align-center","21":"woocommerce-image-align-center","22":"do-quantity-buttons","24":"first","25":"instock","26":"taxable","27":"shipping-taxable","28":"purchasable","29":"product-type-simple"},"_links":{"self":[{"href":"https:\/\/www.ngdcare.nl\/da\/wp-json\/wp\/v2\/product\/10312","targetHints":{"allow":["GET"]}}],"collection":[{"href":"https:\/\/www.ngdcare.nl\/da\/wp-json\/wp\/v2\/product"}],"about":[{"href":"https:\/\/www.ngdcare.nl\/da\/wp-json\/wp\/v2\/types\/product"}],"replies":[{"embeddable":true,"href":"https:\/\/www.ngdcare.nl\/da\/wp-json\/wp\/v2\/comments?post=10312"}],"wp:featuredmedia":[{"embeddable":true,"href":"https:\/\/www.ngdcare.nl\/da\/wp-json\/wp\/v2\/media\/10965"}],"wp:attachment":[{"href":"https:\/\/www.ngdcare.nl\/da\/wp-json\/wp\/v2\/media?parent=10312"}],"wp:term":[{"taxonomy":"product_brand","embeddable":true,"href":"https:\/\/www.ngdcare.nl\/da\/wp-json\/wp\/v2\/product_brand?post=10312"},{"taxonomy":"product_cat","embeddable":true,"href":"https:\/\/www.ngdcare.nl\/da\/wp-json\/wp\/v2\/product_cat?post=10312"},{"taxonomy":"product_tag","embeddable":true,"href":"https:\/\/www.ngdcare.nl\/da\/wp-json\/wp\/v2\/product_tag?post=10312"},{"taxonomy":"merken","embeddable":true,"href":"https:\/\/www.ngdcare.nl\/da\/wp-json\/wp\/v2\/merken?post=10312"}],"curies":[{"name":"wp","href":"https:\/\/api.w.org\/{rel}","templated":true}]}}