{"id":10372,"date":"2025-11-16T13:59:01","date_gmt":"2025-11-16T12:59:01","guid":{"rendered":"https:\/\/www.ngdcare.nl\/?post_type=product&#038;p=10372"},"modified":"2025-12-01T20:43:37","modified_gmt":"2025-12-01T19:43:37","slug":"liposomal-nad-resveratrol-og-ergotionein-stotte-til-lang-levetid-kopie","status":"publish","type":"product","link":"https:\/\/www.ngdcare.nl\/da\/product\/human-health\/kosttilskud\/liposomal-nad-resveratrol-og-ergotionein-stotte-til-lang-levetid-kopie\/","title":{"rendered":"St\u00f8tte til liposomal levetid"},"content":{"rendered":"<p style=\"font-weight: 400;\"><strong>NAD\u207a<\/strong> (nicotinamid adenin dinukleotid) er en afg\u00f8rende kofaktor i energiproduktion, DNA-reparation og cellemetabolisme. Med alderen falder NAD\u207a-niveauerne gradvist, hvilket er forbundet med nedsat mitokondriefunktion, langsommere restitution og aldringsprocesser. <strong>Resveratrol<\/strong> er et polyfenol, der kan p\u00e5virke SIRT1-aktiviteten og dermed underst\u00f8tter vejene for stressrespons, stofskifte og aldring. <strong>Ergothionein<\/strong> er en unik svovlholdige antioxidant, der specifikt optages i celler og v\u00e6v via OCTN1-transport\u00f8ren og spiller en beskyttende rolle mod oxidativt og nitrosativt stress. <\/p>\n<p style=\"font-weight: 400;\">I denne liposomale formel kombineres de tre stoffer for at underst\u00f8tte synergistisk <strong>energistyring, cellebeskyttelse og reparationsprocesser<\/strong>. NAD-forl\u00f8beren bidrager til at genopfylde NAD\u207a-lagre, resveratrol underst\u00f8tter sirtuineaktivitet og vaskul\u00e6r sundhed, og ergothionein giver langvarig beskyttelse mod redox i v\u00e6v med h\u00f8j metabolisk aktivitet (s\u00e5som hjerne, hjerte og lever). Dette g\u00f8r formlen velegnet til tr\u00e6thed, genopretning efter sygdom, \u00f8get oxidativt stress, kardiometabolisk risiko og som en del af en integrativ \u201csund aldring&#8221;-strategi.  <\/p>\n<p style=\"font-weight: 400;\">Den liposomale matrix sikrer, at disse f\u00f8lsomme stoffer optages godt og forbliver beskyttet i mave-tarmkanalen. Formlen er udviklet til voksne brugere og terapeuter, der \u00f8nsker at fokusere p\u00e5 mitokondrier, cellealdring og systemsundhed, uden ekstreme eller eksperimentelle doser. <\/p>\n","protected":false},"excerpt":{"rendered":"<p style=\"font-weight: 400;\">Liposomal Longevity Support kombinerer en NAD-pr\u00e6kursor med resveratrol og ergothionein i en meget absorberbar liposomal formel. Underst\u00f8tter energistyring, cellebeskyttelse og processer involveret i sund aldring. <\/p>\n<p style=\"font-weight: 400;\">\n","protected":false},"featured_media":11021,"comment_status":"open","ping_status":"closed","template":"","meta":{"wds_primary_product_brand":0,"wds_primary_product_cat":187,"wds_primary_merken":0},"product_brand":[],"product_cat":[5316],"product_tag":[4031,2356,5628,2207,2119,5626,4464,2637,5329,4465,5629],"merken":[2756],"class_list":{"0":"post-10372","1":"product","2":"type-product","3":"status-publish","4":"has-post-thumbnail","6":"product_cat-kosttilskud","7":"product_tag-aldring","8":"product_tag-beskyttelse-af-celler","9":"product_tag-ergothioneine","10":"product_tag-levetid","11":"product_tag-liposomal-da","12":"product_tag-mitokondrier","13":"product_tag-nad-da","14":"product_tag-ngd-pleje","15":"product_tag-ngd-pleje-for-menneskers-sundhed","16":"product_tag-resveratrol-da","17":"product_tag-sirtuins","18":"merken-ngdcare","19":"infinite-scroll-item","20":"sales-flash-overlay","21":"woocommerce-text-align-center","22":"woocommerce-image-align-center","23":"do-quantity-buttons","25":"first","26":"instock","27":"taxable","28":"shipping-taxable","29":"purchasable","30":"product-type-simple"},"_links":{"self":[{"href":"https:\/\/www.ngdcare.nl\/da\/wp-json\/wp\/v2\/product\/10372","targetHints":{"allow":["GET"]}}],"collection":[{"href":"https:\/\/www.ngdcare.nl\/da\/wp-json\/wp\/v2\/product"}],"about":[{"href":"https:\/\/www.ngdcare.nl\/da\/wp-json\/wp\/v2\/types\/product"}],"replies":[{"embeddable":true,"href":"https:\/\/www.ngdcare.nl\/da\/wp-json\/wp\/v2\/comments?post=10372"}],"wp:featuredmedia":[{"embeddable":true,"href":"https:\/\/www.ngdcare.nl\/da\/wp-json\/wp\/v2\/media\/11021"}],"wp:attachment":[{"href":"https:\/\/www.ngdcare.nl\/da\/wp-json\/wp\/v2\/media?parent=10372"}],"wp:term":[{"taxonomy":"product_brand","embeddable":true,"href":"https:\/\/www.ngdcare.nl\/da\/wp-json\/wp\/v2\/product_brand?post=10372"},{"taxonomy":"product_cat","embeddable":true,"href":"https:\/\/www.ngdcare.nl\/da\/wp-json\/wp\/v2\/product_cat?post=10372"},{"taxonomy":"product_tag","embeddable":true,"href":"https:\/\/www.ngdcare.nl\/da\/wp-json\/wp\/v2\/product_tag?post=10372"},{"taxonomy":"merken","embeddable":true,"href":"https:\/\/www.ngdcare.nl\/da\/wp-json\/wp\/v2\/merken?post=10372"}],"curies":[{"name":"wp","href":"https:\/\/api.w.org\/{rel}","templated":true}]}}