{"id":10404,"date":"2025-11-16T14:15:46","date_gmt":"2025-11-16T13:15:46","guid":{"rendered":"https:\/\/www.ngdcare.nl\/?post_type=product&#038;p=10404"},"modified":"2025-11-24T13:24:59","modified_gmt":"2025-11-24T12:24:59","slug":"liposomal-svampeblanding-1-liposomal-myco-immunkompleks-kopie","status":"publish","type":"product","link":"https:\/\/www.ngdcare.nl\/da\/product\/human-health\/kosttilskud\/liposomal-svampeblanding-1-liposomal-myco-immunkompleks-kopie\/","title":{"rendered":"Liposomalt myco-immunkompleks"},"content":{"rendered":"<p><strong><span style=\"font-weight: 400;\">NGD-pleje \u2013 <strong>Liposomal <\/strong><\/span>myco-immunkompleks <\/strong>er en kraftfuld blanding af fire medicinske svampe: <strong style=\"font-weight: 400;\">Agaricus blazei Murill, Maitake (Grifola frondosa), Shiitake (Lentinula edodes)<\/strong> og <strong style=\"font-weight: 400;\">Coriolus versicolor (Turkey Tail).<\/strong> Disse svampe har en lang tradition inden for fytoterapi og et voksende videnskabeligt grundlag. Deres vigtigste aktive komponenter er polysaccharider og \u03b2-glukaner, der modulerer det medf\u00f8dte og adaptive immunsystem via receptorer som Dectin-1, TLR&#8217;er og komplementveje. Ved at formulere dem liposomalt bliver ekstrakterne bedre beskyttet og optaget, hvilket er s\u00e6rligt vigtigt for personer med et skr\u00f8beligt ford\u00f8jelsessystem.   <\/p>\n<p>Myco Immune Complex underst\u00f8tter en balanceret immunrespons: det kan modulere b\u00e5de underaktive og overaktive immunresponser og bruges derfor ofte til <strong>reduceret resistens, helbredelse efter sygdom, \u00f8get modtagelighed for infektion <\/strong>og som en st\u00f8ttende komponent i<strong> onkologiske eller kroniske sygdomsforl\u00f8b<\/strong> (altid i samr\u00e5d med behandleren). Derudover bidrager svampene til vitalitet, antioxidantbeskyttelse og st\u00f8tte til lever- og tarmfunktion. <\/p>\n<p>Ved at kombinere flere svampe samles forskellige virkningsmekanismer, hvilket resulterer i en bred, men samtidig relativt mild og fysiologisk st\u00f8tte til immunsystemet. Den liposomale matrix g\u00f8r denne formel velegnet til langtidsbrug og til f\u00f8lsomme patienter, der t\u00e5les mindre godt af h\u00f8je doser r\u00e5 svampeprodukter. <\/p>\n<p data-start=\"14463\" data-end=\"14479\">\n","protected":false},"excerpt":{"rendered":"<p class=\"p3\">Liposomal Myco Immune Complex kombinerer fire medicinske svampe for at st\u00f8tte immunsystemet, restitutionen og vitaliteten. Den liposomale form \u00f8ger optagelse og biotilg\u00e6ngelighed. <\/p>\n","protected":false},"featured_media":10998,"comment_status":"open","ping_status":"closed","template":"","meta":{"wds_primary_product_brand":0,"wds_primary_product_cat":21,"wds_primary_merken":0},"product_brand":[],"product_cat":[5316],"product_tag":[2297,5591,2299,1960,2119,2298,5590,2637,5329,2296,5589],"merken":[],"class_list":{"0":"post-10404","1":"product","2":"type-product","3":"status-publish","4":"has-post-thumbnail","6":"product_cat-kosttilskud","7":"product_tag-agaricus-da","8":"product_tag-beta-glukaner","9":"product_tag-coriolus-da","10":"product_tag-immunsystem-da","11":"product_tag-liposomal-da","12":"product_tag-maitake-da","13":"product_tag-myco-immune","14":"product_tag-ngd-pleje","15":"product_tag-ngd-pleje-for-menneskers-sundhed","16":"product_tag-shiitake-da","17":"product_tag-svampeblanding","18":"infinite-scroll-item","19":"sales-flash-overlay","20":"woocommerce-text-align-center","21":"woocommerce-image-align-center","22":"do-quantity-buttons","24":"first","25":"instock","26":"featured","27":"taxable","28":"shipping-taxable","29":"purchasable","30":"product-type-simple"},"_links":{"self":[{"href":"https:\/\/www.ngdcare.nl\/da\/wp-json\/wp\/v2\/product\/10404","targetHints":{"allow":["GET"]}}],"collection":[{"href":"https:\/\/www.ngdcare.nl\/da\/wp-json\/wp\/v2\/product"}],"about":[{"href":"https:\/\/www.ngdcare.nl\/da\/wp-json\/wp\/v2\/types\/product"}],"replies":[{"embeddable":true,"href":"https:\/\/www.ngdcare.nl\/da\/wp-json\/wp\/v2\/comments?post=10404"}],"wp:featuredmedia":[{"embeddable":true,"href":"https:\/\/www.ngdcare.nl\/da\/wp-json\/wp\/v2\/media\/10998"}],"wp:attachment":[{"href":"https:\/\/www.ngdcare.nl\/da\/wp-json\/wp\/v2\/media?parent=10404"}],"wp:term":[{"taxonomy":"product_brand","embeddable":true,"href":"https:\/\/www.ngdcare.nl\/da\/wp-json\/wp\/v2\/product_brand?post=10404"},{"taxonomy":"product_cat","embeddable":true,"href":"https:\/\/www.ngdcare.nl\/da\/wp-json\/wp\/v2\/product_cat?post=10404"},{"taxonomy":"product_tag","embeddable":true,"href":"https:\/\/www.ngdcare.nl\/da\/wp-json\/wp\/v2\/product_tag?post=10404"},{"taxonomy":"merken","embeddable":true,"href":"https:\/\/www.ngdcare.nl\/da\/wp-json\/wp\/v2\/merken?post=10404"}],"curies":[{"name":"wp","href":"https:\/\/api.w.org\/{rel}","templated":true}]}}