{"id":10465,"date":"2025-11-16T15:11:48","date_gmt":"2025-11-16T14:11:48","guid":{"rendered":"https:\/\/www.ngdcare.nl\/?post_type=product&#038;p=10465"},"modified":"2025-11-24T12:42:07","modified_gmt":"2025-11-24T11:42:07","slug":"liposomale-c-vitamin-liposomalt-c-vitamin-kopie","status":"publish","type":"product","link":"https:\/\/www.ngdcare.nl\/da\/product\/human-health\/kosttilskud\/liposomale-c-vitamin-liposomalt-c-vitamin-kopie\/","title":{"rendered":"Liposomal C-vitamin"},"content":{"rendered":"<p style=\"font-weight: 400;\"><strong>Vitamin C<\/strong> er en essentiel antioxidant, der spiller en vigtig rolle i <strong>immunsystemet<\/strong>, <strong>kollagenproduktion<\/strong>, <strong>energimetabolisme<\/strong> og <strong>beskyttelse mod oxidativt stress<\/strong>. De fleste former for C-vitamin nedbrydes hurtigt i mave-tarmkanalen, hvilket begr\u00e6nser optagelsen og kan for\u00e5rsage mavesmerter ved h\u00f8jere doser. NGD Care bruger derfor en liposomal form, hvor C-vitamin er indkapslet i fosfolipider. Som f\u00f8lge heraf optages det mere direkte gennem lymfen og tolereres bedre af f\u00f8lsomme tarme.   <\/p>\n<p style=\"font-weight: 400;\">Liposomalt C-vitamin underst\u00f8tter immunsystemet b\u00e5de i akutte situationer og forebyggende. P\u00e5 grund af sin h\u00f8je optagelse n\u00e5r det hurtigere de celler, der er afh\u00e6ngige af tilstr\u00e6kkeligt ascorbat, s\u00e5som immunceller, leverceller, fibroblaster og hjernev\u00e6v. Vitamin C er ogs\u00e5 n\u00f8dvendigt for syntesen af kollagen, som bidrager til hudreparation, styrke i blodv\u00e6ggen og sundt bindev\u00e6v.  <\/p>\n<p style=\"font-weight: 400;\">Fordi C-vitamin er involveret i hundredvis af biokemiske processer, er behovet for askorbat ekstra h\u00f8jt under stress, infektioner, kronisk stress eller restitutionsperioder. Den liposomale form g\u00f8r det muligt at opn\u00e5 h\u00f8j biotilg\u00e6ngelighed med lave til moderate doser uden risikoen for mave-tarm-problemer, som opst\u00e5r ved almindeligt C-vitamin. Dette tilskud kan bruges sikkert dagligt og passer perfekt ind i integrative protokoller.  <\/p>\n","protected":false},"excerpt":{"rendered":"<p style=\"font-weight: 400;\">Liposomalt C-vitamin fra NGD Care giver en meget h\u00f8j optagelse, underst\u00f8tter immunsystemet, hj\u00e6lper med at reducere oxidativt stress og underst\u00f8tter kollagenproduktionen. Sk\u00e5nsomt for maven og tarmene. <\/p>\n","protected":false},"featured_media":10909,"comment_status":"open","ping_status":"closed","template":"","meta":{"wds_primary_product_brand":0,"wds_primary_product_cat":187,"wds_primary_merken":0},"product_brand":[],"product_cat":[5316],"product_tag":[1893,5415,5334,4041,2119,5413,2637,5329,5414],"merken":[],"class_list":{"0":"post-10465","1":"product","2":"type-product","3":"status-publish","4":"has-post-thumbnail","6":"product_cat-kosttilskud","7":"product_tag-antioxidant-da","8":"product_tag-c-vitamin","9":"product_tag-immunitet","10":"product_tag-kollagen-da","11":"product_tag-liposomal-da","12":"product_tag-menneskelige-tilskud","13":"product_tag-ngd-pleje","14":"product_tag-ngd-pleje-for-menneskers-sundhed","15":"product_tag-oxidativt-stress","16":"infinite-scroll-item","17":"sales-flash-overlay","18":"woocommerce-text-align-center","19":"woocommerce-image-align-center","20":"do-quantity-buttons","22":"first","23":"instock","24":"taxable","25":"shipping-taxable","26":"purchasable","27":"product-type-simple"},"_links":{"self":[{"href":"https:\/\/www.ngdcare.nl\/da\/wp-json\/wp\/v2\/product\/10465","targetHints":{"allow":["GET"]}}],"collection":[{"href":"https:\/\/www.ngdcare.nl\/da\/wp-json\/wp\/v2\/product"}],"about":[{"href":"https:\/\/www.ngdcare.nl\/da\/wp-json\/wp\/v2\/types\/product"}],"replies":[{"embeddable":true,"href":"https:\/\/www.ngdcare.nl\/da\/wp-json\/wp\/v2\/comments?post=10465"}],"wp:featuredmedia":[{"embeddable":true,"href":"https:\/\/www.ngdcare.nl\/da\/wp-json\/wp\/v2\/media\/10909"}],"wp:attachment":[{"href":"https:\/\/www.ngdcare.nl\/da\/wp-json\/wp\/v2\/media?parent=10465"}],"wp:term":[{"taxonomy":"product_brand","embeddable":true,"href":"https:\/\/www.ngdcare.nl\/da\/wp-json\/wp\/v2\/product_brand?post=10465"},{"taxonomy":"product_cat","embeddable":true,"href":"https:\/\/www.ngdcare.nl\/da\/wp-json\/wp\/v2\/product_cat?post=10465"},{"taxonomy":"product_tag","embeddable":true,"href":"https:\/\/www.ngdcare.nl\/da\/wp-json\/wp\/v2\/product_tag?post=10465"},{"taxonomy":"merken","embeddable":true,"href":"https:\/\/www.ngdcare.nl\/da\/wp-json\/wp\/v2\/merken?post=10465"}],"curies":[{"name":"wp","href":"https:\/\/api.w.org\/{rel}","templated":true}]}}