{"id":10485,"date":"2025-11-16T15:32:09","date_gmt":"2025-11-16T14:32:09","guid":{"rendered":"https:\/\/www.ngdcare.nl\/?post_type=product&#038;p=10485"},"modified":"2025-11-24T15:32:46","modified_gmt":"2025-11-24T14:32:46","slug":"liposomal-pea-og-boswellia-liposomal-pea-kompleks-kopie","status":"publish","type":"product","link":"https:\/\/www.ngdcare.nl\/da\/product\/human-health\/kosttilskud\/liposomal-pea-og-boswellia-liposomal-pea-kompleks-kopie\/","title":{"rendered":"Liposomalt PEA-kompleks"},"content":{"rendered":"<p style=\"font-weight: 400;\"><strong>Palmitoylethanolamid<\/strong> (PEA) er kroppens egen forbindelse, der er involveret i reguleringen af smerte, inflammation og immunaktivitet via receptorer som PPAR-\u03b1, GPR55 og cannabinoid-lignende veje. Det produceres i kroppen under stress, v\u00e6vsbelastning eller inflammation, men denne produktion kan <strong>v\u00e6re utilstr\u00e6kkelig ved kroniske sygdomme<\/strong>. <strong>Boswellia serrata<\/strong> indeholder boswellinsyrer, herunder AKBA (acetyl-11-keto-\u03b2-boswellinsyre), som blandt andet h\u00e6mmer 5-LOX og dermed reducerer produktionen af proinflammatoriske leukotriener. <\/p>\n<p style=\"font-weight: 400;\">Kombinationen af PEA og Boswellia har en dobbelt virkning: PEA underst\u00f8tter modulation af neuroinflammation og smerteopfattelse, mens Boswellia virker specifikt p\u00e5 inflammatoriske veje i v\u00e6v. Den liposomale matrix sikrer, at begge stoffer optages bedre og er tilg\u00e6ngelige hurtigere for de involverede celler. <\/p>\n<p style=\"font-weight: 400;\">Dette tilskud kan bruges til langvarige smerter, overstimuleret nervesystem, ledbelastning, muskelsp\u00e6ndinger, inflammationsf\u00f8lsomhed og restitutionsprocesser. Formlen er mild, godt tolereret og egnet til folk, der \u00f8nsker naturlig, systemisk st\u00f8tte uden virkningen af st\u00e6rke smertestillende. <\/p>\n","protected":false},"excerpt":{"rendered":"<p style=\"font-weight: 400;\">Liposomalt PEA-kompleks underst\u00f8tter naturlig smerteregulering, nervekomfort og inflammatorisk balance. Den liposomale form \u00f8ger optagelse og effektivitet. <\/p>\n","protected":false},"featured_media":11801,"comment_status":"open","ping_status":"closed","template":"","meta":{"wds_primary_product_brand":0,"wds_primary_product_cat":187,"wds_primary_merken":0},"product_brand":[],"product_cat":[5316],"product_tag":[2773,2777,2767,2778,2772,2119,5413,2763,2765,2769,2770,1911,2637,5329,2775,5754,5609],"merken":[2756],"class_list":{"0":"post-10485","1":"product","2":"type-product","3":"status-publish","4":"has-post-thumbnail","6":"product_cat-kosttilskud","7":"product_tag-aert","8":"product_tag-boswellia-da","9":"product_tag-endocannabinoid-da","10":"product_tag-faelles-stotte","11":"product_tag-glaukom-da","12":"product_tag-liposomal-da","13":"product_tag-menneskelige-tilskud","14":"product_tag-naturlig-antiinflammatorisk","15":"product_tag-naturligt-smertestillende-middel","16":"product_tag-neuralgi","17":"product_tag-neuropati","18":"product_tag-ngd-care-kosttilskud","19":"product_tag-ngd-pleje","20":"product_tag-ngd-pleje-for-menneskers-sundhed","21":"product_tag-slidgigt","22":"product_tag-smerter","23":"product_tag-taendingsbalance","24":"merken-ngdcare","25":"infinite-scroll-item","26":"sales-flash-overlay","27":"woocommerce-text-align-center","28":"woocommerce-image-align-center","29":"do-quantity-buttons","31":"first","32":"instock","33":"taxable","34":"shipping-taxable","35":"purchasable","36":"product-type-simple"},"_links":{"self":[{"href":"https:\/\/www.ngdcare.nl\/da\/wp-json\/wp\/v2\/product\/10485","targetHints":{"allow":["GET"]}}],"collection":[{"href":"https:\/\/www.ngdcare.nl\/da\/wp-json\/wp\/v2\/product"}],"about":[{"href":"https:\/\/www.ngdcare.nl\/da\/wp-json\/wp\/v2\/types\/product"}],"replies":[{"embeddable":true,"href":"https:\/\/www.ngdcare.nl\/da\/wp-json\/wp\/v2\/comments?post=10485"}],"wp:featuredmedia":[{"embeddable":true,"href":"https:\/\/www.ngdcare.nl\/da\/wp-json\/wp\/v2\/media\/11801"}],"wp:attachment":[{"href":"https:\/\/www.ngdcare.nl\/da\/wp-json\/wp\/v2\/media?parent=10485"}],"wp:term":[{"taxonomy":"product_brand","embeddable":true,"href":"https:\/\/www.ngdcare.nl\/da\/wp-json\/wp\/v2\/product_brand?post=10485"},{"taxonomy":"product_cat","embeddable":true,"href":"https:\/\/www.ngdcare.nl\/da\/wp-json\/wp\/v2\/product_cat?post=10485"},{"taxonomy":"product_tag","embeddable":true,"href":"https:\/\/www.ngdcare.nl\/da\/wp-json\/wp\/v2\/product_tag?post=10485"},{"taxonomy":"merken","embeddable":true,"href":"https:\/\/www.ngdcare.nl\/da\/wp-json\/wp\/v2\/merken?post=10485"}],"curies":[{"name":"wp","href":"https:\/\/api.w.org\/{rel}","templated":true}]}}