{"id":10526,"date":"2025-11-16T21:45:15","date_gmt":"2025-11-16T20:45:15","guid":{"rendered":"https:\/\/www.ngdcare.nl\/?post_type=product&#038;p=10526"},"modified":"2025-11-24T14:50:52","modified_gmt":"2025-11-24T13:50:52","slug":"enzymblanding-1-fordojelsesenzymer-kopie","status":"publish","type":"product","link":"https:\/\/www.ngdcare.nl\/da\/product\/kosttilskud\/enzymblanding-1-fordojelsesenzymer-kopie\/","title":{"rendered":"Ford\u00f8jelsesenzymer"},"content":{"rendered":"<p style=\"font-weight: 400;\"><strong>NGD Care \u2013 Digestive Enzymes <\/strong>er en omhyggeligt sammensat kombination af ford\u00f8jelsesenzymer til at underst\u00f8tte <strong>ford\u00f8jelsen hos hunde og katte<\/strong>. Denne formel hj\u00e6lper med at nedbryde proteiner, fedtstoffer, kulhydrater, laktose og fibre og underst\u00f8tter b\u00e5de <strong>mavefunktion<\/strong> (pepsin, betain) og <strong>bugspytkirtelfunktion<\/strong> (amylase, lipase, protease). Till\u00e6gget er s\u00e6rligt velegnet til reduceret enzymproduktion p\u00e5 grund af <strong>stress<\/strong>, <strong>lavgradig inflammation<\/strong>, <strong>kroniske mave-tarmlidelser<\/strong> eller tilstande som <strong>bugspytkirtelinsufficiens<\/strong>.  <\/p>\n<p style=\"font-weight: 400;\">Enzymerne i denne formel er bredt anvendelige:<\/p>\n<ul>\n<li><strong>Amylase<\/strong> \u2013 nedbryder stivelse til simple sukkerarter<\/li>\n<li><strong>Lipase<\/strong> \u2013 hj\u00e6lper med ford\u00f8jelsen af fedt<\/li>\n<li><strong>Protease, Papain og Pepsin<\/strong> \u2013 ford\u00f8jer proteiner<\/li>\n<li><strong>Bromelain<\/strong> \u2013 proteinspaltende og antiinflammatorisk, virker ogs\u00e5 mod allergi<\/li>\n<li><strong>Cellulase<\/strong> \u2013 nedbryder plantefibre<\/li>\n<li><strong>Laktase<\/strong> \u2013 letter laktoseford\u00f8jelsen<\/li>\n<li><strong>Betain<\/strong> \u2013 aktiverer pepsin i maven<\/li>\n<\/ul>\n<p style=\"font-weight: 400;\">P\u00e5 grund af sammens\u00e6tningen i en <strong>mavesyreresistent kapsel<\/strong> bliver enzymerne kun aktive i tarmene, hvor de optimalt kan underst\u00f8tte ford\u00f8jelsen.<\/p>\n","protected":false},"excerpt":{"rendered":"<div>\n<p class=\"p3\">Komplet blanding af ford\u00f8jelsesenzymer til at underst\u00f8tte mave- og bugspytkirtelfunktionen hos hunde og katte. Hj\u00e6lper med ford\u00f8jelsen af proteiner, fedtstoffer, kulhydrater og fibre. <\/p>\n<\/div>\n","protected":false},"featured_media":11064,"comment_status":"open","ping_status":"closed","template":"","meta":[],"product_brand":[],"product_cat":[5316],"product_tag":[2540,4396,5707,2536,2546,2548,2542,4394,2547,5706,2539,5413,1911,2637,5329,2545,4395],"merken":[],"class_list":{"0":"post-10526","1":"product","2":"type-product","3":"status-publish","4":"has-post-thumbnail","6":"product_cat-kosttilskud","7":"product_tag-amylase-da","8":"product_tag-betain-hcl-da","9":"product_tag-enzymblanding","10":"product_tag-enzymer","11":"product_tag-fedt-fordojelse","12":"product_tag-fordojelse-da","13":"product_tag-fordojelse","14":"product_tag-fordojelsesenzymer-da","15":"product_tag-kulhydrat-fordojelse","16":"product_tag-laktase","17":"product_tag-lipase-da","18":"product_tag-menneskelige-tilskud","19":"product_tag-ngd-care-kosttilskud","20":"product_tag-ngd-pleje","21":"product_tag-ngd-pleje-for-menneskers-sundhed","22":"product_tag-protein-fordojelse","23":"product_tag-stivelse-fordojelse","24":"infinite-scroll-item","25":"sales-flash-overlay","26":"woocommerce-text-align-center","27":"woocommerce-image-align-center","28":"do-quantity-buttons","30":"first","31":"onbackorder","32":"taxable","33":"shipping-taxable","34":"purchasable","35":"product-type-simple"},"_links":{"self":[{"href":"https:\/\/www.ngdcare.nl\/da\/wp-json\/wp\/v2\/product\/10526","targetHints":{"allow":["GET"]}}],"collection":[{"href":"https:\/\/www.ngdcare.nl\/da\/wp-json\/wp\/v2\/product"}],"about":[{"href":"https:\/\/www.ngdcare.nl\/da\/wp-json\/wp\/v2\/types\/product"}],"replies":[{"embeddable":true,"href":"https:\/\/www.ngdcare.nl\/da\/wp-json\/wp\/v2\/comments?post=10526"}],"wp:featuredmedia":[{"embeddable":true,"href":"https:\/\/www.ngdcare.nl\/da\/wp-json\/wp\/v2\/media\/11064"}],"wp:attachment":[{"href":"https:\/\/www.ngdcare.nl\/da\/wp-json\/wp\/v2\/media?parent=10526"}],"wp:term":[{"taxonomy":"product_brand","embeddable":true,"href":"https:\/\/www.ngdcare.nl\/da\/wp-json\/wp\/v2\/product_brand?post=10526"},{"taxonomy":"product_cat","embeddable":true,"href":"https:\/\/www.ngdcare.nl\/da\/wp-json\/wp\/v2\/product_cat?post=10526"},{"taxonomy":"product_tag","embeddable":true,"href":"https:\/\/www.ngdcare.nl\/da\/wp-json\/wp\/v2\/product_tag?post=10526"},{"taxonomy":"merken","embeddable":true,"href":"https:\/\/www.ngdcare.nl\/da\/wp-json\/wp\/v2\/merken?post=10526"}],"curies":[{"name":"wp","href":"https:\/\/api.w.org\/{rel}","templated":true}]}}