{"id":10568,"date":"2025-11-16T22:54:27","date_gmt":"2025-11-16T21:54:27","guid":{"rendered":"https:\/\/www.ngdcare.nl\/?post_type=product&#038;p=10568"},"modified":"2025-11-24T12:57:47","modified_gmt":"2025-11-24T11:57:47","slug":"vand-kefir-fermenteret-probiotika-kopie","status":"publish","type":"product","link":"https:\/\/www.ngdcare.nl\/da\/product\/kosttilskud\/vand-kefir-fermenteret-probiotika-kopie\/","title":{"rendered":"Fermenterede probiotika"},"content":{"rendered":"<p style=\"font-weight: 400;\"><strong>NGD-pleje \u2013 Vandkefir <\/strong> er en fryset\u00f8rret fermenteret vandkefir. Denne formel indeholder <g id=\"gid_1\">mere end 50 forskellige stammer af naturlige bakterier og g\u00e6r,<\/g> herunder forskellige arter af <g id=\"gid_2\">Lactobacillus<\/g>, <g id=\"gid_3\">Saccharomyces<\/g>, <g id=\"gid_4\">Candida<\/g>, <g id=\"gid_5\">Kluyveromyces<\/g> og <g id=\"gid_6\">Acetobacter<\/g>. Dette g\u00f8r det til et bredtvirkende probiotikakompleks, der skal underst\u00f8tte diversiteten og modstandsdygtigheden i tarmens mikrobiom.  <\/p>\n<p style=\"font-weight: 400;\">Produktet kan hj\u00e6lpe med restitution efter antibiotika, st\u00f8tte aff\u00f8ringen og reducere funktionelle tarmproblemer. Produktionen af SCFA&#8217;er, laktat og andre metabolitter p\u00e5virker pH og milj\u00f8et i tarmen positivt. Derudover spiller tarmens mikrobiom en rolle i tarm-hjerne-aksen og tarm-immun-aksen, hvilket betyder, at kefir ogs\u00e5 indirekte kan p\u00e5virke hum\u00f8r, stressresistens og generel modstand.  <\/p>\n<p style=\"font-weight: 400;\">Da hver tarm reagerer forskelligt, er det vigtigt langsomt at starte med f\u00f8lsomme tarme og gradvist \u00f8ge doseringen. Fermenterede probiotika \u2013 Kefir kan kombineres godt med pr\u00e6biotika, enzymer og andre tarmens st\u00f8ttemidler i en skr\u00e6ddersyet protokol. <\/p>\n","protected":false},"excerpt":{"rendered":"<p>Fermenterede probiotika indeholder levende bakterier og g\u00e6r fra kefirkulturer for at st\u00f8tte tarmens mikrobiom, ford\u00f8jelse og immunbalance.<\/p>\n","protected":false},"featured_media":10943,"comment_status":"open","ping_status":"closed","template":"","meta":[],"product_brand":[],"product_cat":[5316],"product_tag":[5494,1965,1961,1960,1966,5413,1963,1911,2637,5329,1964,1891,1899,1962],"merken":[2756],"class_list":{"0":"post-10568","1":"product","2":"type-product","3":"status-publish","4":"has-post-thumbnail","6":"product_cat-kosttilskud","7":"product_tag-fermenterede-probiotika","8":"product_tag-gaering","9":"product_tag-holistisk-da","10":"product_tag-immunsystem-da","11":"product_tag-kefir-da","12":"product_tag-menneskelige-tilskud","13":"product_tag-mikrobiom-da","14":"product_tag-ngd-care-kosttilskud","15":"product_tag-ngd-pleje","16":"product_tag-ngd-pleje-for-menneskers-sundhed","17":"product_tag-probiotika-da","18":"product_tag-supplement-da","19":"product_tag-tarm-sundhed","20":"product_tag-vand-kefir","21":"merken-ngdcare","22":"infinite-scroll-item","23":"sales-flash-overlay","24":"woocommerce-text-align-center","25":"woocommerce-image-align-center","26":"do-quantity-buttons","28":"first","29":"instock","30":"taxable","31":"shipping-taxable","32":"purchasable","33":"product-type-simple"},"_links":{"self":[{"href":"https:\/\/www.ngdcare.nl\/da\/wp-json\/wp\/v2\/product\/10568","targetHints":{"allow":["GET"]}}],"collection":[{"href":"https:\/\/www.ngdcare.nl\/da\/wp-json\/wp\/v2\/product"}],"about":[{"href":"https:\/\/www.ngdcare.nl\/da\/wp-json\/wp\/v2\/types\/product"}],"replies":[{"embeddable":true,"href":"https:\/\/www.ngdcare.nl\/da\/wp-json\/wp\/v2\/comments?post=10568"}],"wp:featuredmedia":[{"embeddable":true,"href":"https:\/\/www.ngdcare.nl\/da\/wp-json\/wp\/v2\/media\/10943"}],"wp:attachment":[{"href":"https:\/\/www.ngdcare.nl\/da\/wp-json\/wp\/v2\/media?parent=10568"}],"wp:term":[{"taxonomy":"product_brand","embeddable":true,"href":"https:\/\/www.ngdcare.nl\/da\/wp-json\/wp\/v2\/product_brand?post=10568"},{"taxonomy":"product_cat","embeddable":true,"href":"https:\/\/www.ngdcare.nl\/da\/wp-json\/wp\/v2\/product_cat?post=10568"},{"taxonomy":"product_tag","embeddable":true,"href":"https:\/\/www.ngdcare.nl\/da\/wp-json\/wp\/v2\/product_tag?post=10568"},{"taxonomy":"merken","embeddable":true,"href":"https:\/\/www.ngdcare.nl\/da\/wp-json\/wp\/v2\/merken?post=10568"}],"curies":[{"name":"wp","href":"https:\/\/api.w.org\/{rel}","templated":true}]}}