{"id":10618,"date":"2025-11-17T11:38:08","date_gmt":"2025-11-17T10:38:08","guid":{"rendered":"https:\/\/www.ngdcare.nl\/?post_type=product&#038;p=10618"},"modified":"2025-11-24T15:26:47","modified_gmt":"2025-11-24T14:26:47","slug":"liposomal-cbd-olie-liposomal-cbd-olie-kopie","status":"publish","type":"product","link":"https:\/\/www.ngdcare.nl\/da\/product\/human-health\/kosttilskud\/liposomal-cbd-olie-liposomal-cbd-olie-kopie\/","title":{"rendered":"Liposomal CBD-olie"},"content":{"rendered":"<p style=\"font-weight: 400;\"><strong>CBD<\/strong> (cannabidiol) er en ikke-psykoaktiv cannabinoid, der underst\u00f8tter det endocannabinoide system (ECS), det system, der er involveret i stress, smerteoplevelser, hum\u00f8r, inflammatorisk balance og s\u00f8vnregulering. <strong>NGD Care CBD-olie<\/strong> indeholder et <strong>fuldspektret ekstrakt<\/strong> med naturlige terpener og cannabinoider uden beruselse. Derudover har den en unik l\u00e6befacialbehandling, som sikrer, at optageevnen er s\u00e6rligt h\u00f8j og stabil i v\u00e6vet. CBD virker via modulation af CB1\/CB2-veje, TRPV1, serotonin (5-HT1A) og GABA-balance, blandt andre.  <\/p>\n<p style=\"font-weight: 400;\">Olien er velegnet til stress, sp\u00e6ndinger, s\u00f8vnproblemer, smerteproblemer, inflammationsf\u00f8lsomhed og overstimulering. N\u00e5r CBD bruges konsekvent, kan det hj\u00e6lpe med at genoprette balancen i ECS, med effekter p\u00e5 hvile, muskelsp\u00e6ndinger, hum\u00f8r og smerteopfattelse. <\/p>\n<p style=\"font-weight: 400;\">Produktet tilbydes i milde, let doserede styrker og er egnet til daglig brug. Den indeholder &lt;0,05% THC og opfylder EU-standarder. <\/p>\n","protected":false},"excerpt":{"rendered":"<div>\n<p class=\"p3\">Fuldspektret liposomal CBD-olie underst\u00f8tter afslapning, nervesystem, smerteregulering og stressbalance via det endocannabinoide system.<\/p>\n<\/div>\n","protected":false},"featured_media":11823,"comment_status":"open","ping_status":"closed","template":"","meta":{"wds_primary_product_brand":0,"wds_primary_product_cat":187,"wds_primary_merken":0},"product_brand":[],"product_cat":[5316],"product_tag":[4513,2349,4515,2302,5755,4039,3151,5757,4517,4512,2204,4518,2119,5329,4516,4514,5754,5756,2202],"merken":[2756],"class_list":{"0":"post-10618","1":"product","2":"type-product","3":"status-publish","4":"has-post-thumbnail","6":"product_cat-kosttilskud","7":"product_tag-4-cbd-olie-da","8":"product_tag-analgetikum-da","9":"product_tag-angst-reducerende","10":"product_tag-antiinflammatorisk-da","11":"product_tag-cannabinoider","12":"product_tag-cbd-da","13":"product_tag-cbd-olie-da","14":"product_tag-ecs","15":"product_tag-forbedrer-sovnen-da","16":"product_tag-fuldspektret-cbd-olie","17":"product_tag-kraeft","18":"product_tag-lindrende","19":"product_tag-liposomal-da","20":"product_tag-ngd-pleje-for-menneskers-sundhed","21":"product_tag-reducerer-angst","22":"product_tag-reduktion-af-stress-da","23":"product_tag-smerter","24":"product_tag-sove","25":"product_tag-stress-da","26":"merken-ngdcare","27":"infinite-scroll-item","28":"sales-flash-overlay","29":"woocommerce-text-align-center","30":"woocommerce-image-align-center","31":"do-quantity-buttons","33":"first","34":"instock","35":"taxable","36":"shipping-taxable","37":"purchasable","38":"product-type-variable"},"_links":{"self":[{"href":"https:\/\/www.ngdcare.nl\/da\/wp-json\/wp\/v2\/product\/10618","targetHints":{"allow":["GET"]}}],"collection":[{"href":"https:\/\/www.ngdcare.nl\/da\/wp-json\/wp\/v2\/product"}],"about":[{"href":"https:\/\/www.ngdcare.nl\/da\/wp-json\/wp\/v2\/types\/product"}],"replies":[{"embeddable":true,"href":"https:\/\/www.ngdcare.nl\/da\/wp-json\/wp\/v2\/comments?post=10618"}],"wp:featuredmedia":[{"embeddable":true,"href":"https:\/\/www.ngdcare.nl\/da\/wp-json\/wp\/v2\/media\/11823"}],"wp:attachment":[{"href":"https:\/\/www.ngdcare.nl\/da\/wp-json\/wp\/v2\/media?parent=10618"}],"wp:term":[{"taxonomy":"product_brand","embeddable":true,"href":"https:\/\/www.ngdcare.nl\/da\/wp-json\/wp\/v2\/product_brand?post=10618"},{"taxonomy":"product_cat","embeddable":true,"href":"https:\/\/www.ngdcare.nl\/da\/wp-json\/wp\/v2\/product_cat?post=10618"},{"taxonomy":"product_tag","embeddable":true,"href":"https:\/\/www.ngdcare.nl\/da\/wp-json\/wp\/v2\/product_tag?post=10618"},{"taxonomy":"merken","embeddable":true,"href":"https:\/\/www.ngdcare.nl\/da\/wp-json\/wp\/v2\/merken?post=10618"}],"curies":[{"name":"wp","href":"https:\/\/api.w.org\/{rel}","templated":true}]}}