{"id":10673,"date":"2025-11-17T13:44:08","date_gmt":"2025-11-17T12:44:08","guid":{"rendered":"https:\/\/www.ngdcare.nl\/?post_type=product&#038;p=10673"},"modified":"2025-11-24T12:38:47","modified_gmt":"2025-11-24T11:38:47","slug":"liposomal-ashwagandha-og-rhodiola-liposomalt-adaptogenkompleks-kopie","status":"publish","type":"product","link":"https:\/\/www.ngdcare.nl\/da\/product\/human-health\/kosttilskud\/liposomal-ashwagandha-og-rhodiola-liposomalt-adaptogenkompleks-kopie\/","title":{"rendered":"Liposomalt adaptogenkompleks"},"content":{"rendered":"<p style=\"font-weight: 400;\"><strong>Liposomalt adaptogenkompleks<\/strong> fra <strong>NGD Care<\/strong> kombinerer <strong>Ashwagandha (Withania somnifera)<\/strong> og <strong>Rhodiola (Rhodiola rosea). <\/strong>Ashwagandha og Rhodiola er to af de mest unders\u00f8gte adaptogener. De regulerer HPA-aksen (hypothalamus-hypofyse-binyre), underst\u00f8tter stressresistens, reducerer mental tr\u00e6thed og hj\u00e6lper kroppen med at h\u00e5ndtere langvarig belastning. <\/p>\n<p style=\"font-weight: 400;\">Ashwagandha har en beroligende effekt, underst\u00f8tter s\u00f8vnkvaliteten og har milde skjoldbruskkirtelmodulerende egenskaber. Rhodiola har en aktiverende effekt, \u00f8ger mental klarhed og underst\u00f8tter mitokondrieel energiproduktion. <\/p>\n<p style=\"font-weight: 400;\">Denne kombination er ideel til <strong>stress, overbelastning, udbr\u00e6ndthed, f\u00f8lsomhed over for stimuli, hum\u00f8rsvingninger, tr\u00e6thed <\/strong>og<strong> hormonelle ubalancer<\/strong>. Adaptogener virker bredt: de normaliserer i stedet for at stimulere eller undertrykke.<br data-start=\"12461\" data-end=\"12464\">Formlen er meget velegnet til restitution efter stress og udbr\u00e6ndthed, til HPA-ubalance (for h\u00f8jt\/for lavt kortisol), til eksamensstress, perioder med mental overbelastning og til restitution efter sygdom. <\/p>\n","protected":false},"excerpt":{"rendered":"<p class=\"p3\">Adaptogen blanding med liposomal Ashwagandha og Rhodiola for at st\u00f8tte stressresistens, energi, hum\u00f8r og hormonbalance.<\/p>\n","protected":false},"featured_media":10888,"comment_status":"open","ping_status":"closed","template":"","meta":{"wds_primary_product_brand":0,"wds_primary_product_cat":187,"wds_primary_merken":0},"product_brand":[],"product_cat":[5316],"product_tag":[2201,4065,2502,2206,2514,1886,2354,2511,2513,1961,2507,5397,5396,2509,1960,2119,2506,1911,5329,2505,2508,2512,2504,2510,2202],"merken":[2756],"class_list":{"0":"post-10673","1":"product","2":"type-product","3":"status-publish","4":"has-post-thumbnail","6":"product_cat-kosttilskud","7":"product_tag-adaptogen-da","8":"product_tag-adaptogener-da","9":"product_tag-adfaerd","10":"product_tag-anaemisk","11":"product_tag-binyrerne","12":"product_tag-dyr-da","13":"product_tag-energi-da","14":"product_tag-fokus-og-koncentration","15":"product_tag-folelsesmaessig-balance","16":"product_tag-holistisk-da","17":"product_tag-hormonbalance","18":"product_tag-hpa-aksen","19":"product_tag-humor","20":"product_tag-hvile-da","21":"product_tag-immunsystem-da","22":"product_tag-liposomal-da","23":"product_tag-naturligt-supplement","24":"product_tag-ngd-care-kosttilskud","25":"product_tag-ngd-pleje-for-menneskers-sundhed","26":"product_tag-reduktion-af-stress","27":"product_tag-rekreation-da","28":"product_tag-reparere","29":"product_tag-rhodiola-da","30":"product_tag-sovn-fordojelse","31":"product_tag-stress-da","32":"merken-ngdcare","33":"infinite-scroll-item","34":"sales-flash-overlay","35":"woocommerce-text-align-center","36":"woocommerce-image-align-center","37":"do-quantity-buttons","39":"first","40":"instock","41":"taxable","42":"shipping-taxable","43":"purchasable","44":"product-type-simple"},"_links":{"self":[{"href":"https:\/\/www.ngdcare.nl\/da\/wp-json\/wp\/v2\/product\/10673","targetHints":{"allow":["GET"]}}],"collection":[{"href":"https:\/\/www.ngdcare.nl\/da\/wp-json\/wp\/v2\/product"}],"about":[{"href":"https:\/\/www.ngdcare.nl\/da\/wp-json\/wp\/v2\/types\/product"}],"replies":[{"embeddable":true,"href":"https:\/\/www.ngdcare.nl\/da\/wp-json\/wp\/v2\/comments?post=10673"}],"wp:featuredmedia":[{"embeddable":true,"href":"https:\/\/www.ngdcare.nl\/da\/wp-json\/wp\/v2\/media\/10888"}],"wp:attachment":[{"href":"https:\/\/www.ngdcare.nl\/da\/wp-json\/wp\/v2\/media?parent=10673"}],"wp:term":[{"taxonomy":"product_brand","embeddable":true,"href":"https:\/\/www.ngdcare.nl\/da\/wp-json\/wp\/v2\/product_brand?post=10673"},{"taxonomy":"product_cat","embeddable":true,"href":"https:\/\/www.ngdcare.nl\/da\/wp-json\/wp\/v2\/product_cat?post=10673"},{"taxonomy":"product_tag","embeddable":true,"href":"https:\/\/www.ngdcare.nl\/da\/wp-json\/wp\/v2\/product_tag?post=10673"},{"taxonomy":"merken","embeddable":true,"href":"https:\/\/www.ngdcare.nl\/da\/wp-json\/wp\/v2\/merken?post=10673"}],"curies":[{"name":"wp","href":"https:\/\/api.w.org\/{rel}","templated":true}]}}