{"id":10736,"date":"2025-11-17T14:48:03","date_gmt":"2025-11-17T13:48:03","guid":{"rendered":"https:\/\/www.ngdcare.nl\/?post_type=product&#038;p=10736"},"modified":"2025-11-24T12:26:17","modified_gmt":"2025-11-24T11:26:17","slug":"liposomal-multivitamin-liposomal-daglig-multi-kopie","status":"publish","type":"product","link":"https:\/\/www.ngdcare.nl\/da\/product\/kosttilskud\/liposomal-multivitamin-liposomal-daglig-multi-kopie\/","title":{"rendered":"Liposomal daglig multi"},"content":{"rendered":"<p data-start=\"1132\" data-end=\"2604\">NGD Cares <strong>Liposomal Daily Multi<\/strong> er designet til at v\u00e6re en komplet daglig basisformel for folk, der \u00f8nsker at holde deres mikron\u00e6ringsstofstatus p\u00e5 et h\u00f8jt og stabilt niveau. Multivitaminet er baseret p\u00e5 \u00f8kologiske frugt- og gr\u00f8ntsagsekstrakter med alle essentielle vitaminer og mineraler i let optagelige former, hvor liposomal fosfatidmatrix (solsikkelecithin) sikrer forbedret celleoptagelse og en mild effekt p\u00e5 mave-tarmkanalen. <\/p>\n<p data-start=\"1132\" data-end=\"2604\">Denne Daily Multi underst\u00f8tter energimetabolismen, nervesystemet, immunsystemet, antioxidantbeskyttelse og hormonelle processer. B-vitaminerne findes i aktive former, herunder pyridoxal-5-fosfat (B6), methylcobalamin (B12) og methylfolat, hvilket g\u00f8r omdannelsen i kroppen minimalt byrdefuld. Vitaminerne D3 og K2 (MK-7) arbejder sammen for knoglemetabolisme, calciumregulering og hjerte-kar-sundhed.  <\/p>\n<p data-start=\"1132\" data-end=\"2604\">Formlen indeholder ogs\u00e5 essentielle mineraler som jern, selen, jod og krom, hvilket underst\u00f8tter afgiftningsprocesser, skjoldbruskkirtelfunktion, mitokondrieel energiproduktion og antioxidantveje. Takket v\u00e6re de afbalancerede doser er denne multi mild nok til daglig brug, men st\u00e6rk nok til at underst\u00f8tte stress, \u00f8gede behov, graviditetsforl\u00f8b (i konsultation), restitution, sportsbelastning og suboptimal ern\u00e6ring. <\/p>\n<p data-start=\"1132\" data-end=\"2604\">Liposomal Daily Multi passer ind i enhver NGD-Care behandlingsplan og danner grundlaget for andre kosttilskud (s\u00e5som omegaer, adaptogener, NAC, probiotika eller svampeekstrakter).<\/p>\n","protected":false},"excerpt":{"rendered":"<p class=\"p3\">Denne liposomale daglige multi kombinerer alle essentielle vitaminer og mineraler i optimalt absorberbare former med det unikke liposomkompleks if\u00f8lge lipodry-teknikken for forbedret biotilg\u00e6ngelighed. Velegnet til daglig brug, restitution, energi og immunforsvar. <\/p>\n","protected":false},"featured_media":10876,"comment_status":"open","ping_status":"closed","template":"","meta":[],"product_brand":[],"product_cat":[5316],"product_tag":[2761,5341,2354,5334,2119,5346,2637,5329,5350,5353],"merken":[],"class_list":{"0":"post-10736","1":"product","2":"type-product","3":"status-publish","4":"has-post-thumbnail","6":"product_cat-kosttilskud","7":"product_tag-b-kompleks","8":"product_tag-daglig-multi","9":"product_tag-energi-da","10":"product_tag-immunitet","11":"product_tag-liposomal-da","12":"product_tag-multivitamin","13":"product_tag-ngd-pleje","14":"product_tag-ngd-pleje-for-menneskers-sundhed","15":"product_tag-vitamin-d3","16":"product_tag-vitamin-k2","17":"infinite-scroll-item","18":"sales-flash-overlay","19":"woocommerce-text-align-center","20":"woocommerce-image-align-center","21":"do-quantity-buttons","23":"first","24":"instock","25":"taxable","26":"shipping-taxable","27":"purchasable","28":"product-type-simple"},"_links":{"self":[{"href":"https:\/\/www.ngdcare.nl\/da\/wp-json\/wp\/v2\/product\/10736","targetHints":{"allow":["GET"]}}],"collection":[{"href":"https:\/\/www.ngdcare.nl\/da\/wp-json\/wp\/v2\/product"}],"about":[{"href":"https:\/\/www.ngdcare.nl\/da\/wp-json\/wp\/v2\/types\/product"}],"replies":[{"embeddable":true,"href":"https:\/\/www.ngdcare.nl\/da\/wp-json\/wp\/v2\/comments?post=10736"}],"wp:featuredmedia":[{"embeddable":true,"href":"https:\/\/www.ngdcare.nl\/da\/wp-json\/wp\/v2\/media\/10876"}],"wp:attachment":[{"href":"https:\/\/www.ngdcare.nl\/da\/wp-json\/wp\/v2\/media?parent=10736"}],"wp:term":[{"taxonomy":"product_brand","embeddable":true,"href":"https:\/\/www.ngdcare.nl\/da\/wp-json\/wp\/v2\/product_brand?post=10736"},{"taxonomy":"product_cat","embeddable":true,"href":"https:\/\/www.ngdcare.nl\/da\/wp-json\/wp\/v2\/product_cat?post=10736"},{"taxonomy":"product_tag","embeddable":true,"href":"https:\/\/www.ngdcare.nl\/da\/wp-json\/wp\/v2\/product_tag?post=10736"},{"taxonomy":"merken","embeddable":true,"href":"https:\/\/www.ngdcare.nl\/da\/wp-json\/wp\/v2\/merken?post=10736"}],"curies":[{"name":"wp","href":"https:\/\/api.w.org\/{rel}","templated":true}]}}