{"id":10855,"date":"2025-11-22T16:09:09","date_gmt":"2025-11-22T15:09:09","guid":{"rendered":"https:\/\/www.ngdcare.nl\/product\/Ikke kategoriseret\/canumi-makrelfileter\/"},"modified":"2025-11-22T16:09:09","modified_gmt":"2025-11-22T15:09:09","slug":"canumi-makrelfileter","status":"publish","type":"product","link":"https:\/\/www.ngdcare.nl\/da\/product\/dyrehandel\/hund\/ernaering\/snacks\/canumi-makrelfileter\/","title":{"rendered":"Canumi-makrelfileter"},"content":{"rendered":"<p data-start=\"159\" data-end=\"218\"><strong data-start=\"162\" data-end=\"218\">Canumi \u2013 makrelfileter (100% naturlig bl\u00e5fisk)<\/strong><\/p>\n<p data-start=\"220\" data-end=\"652\">En kraftfuld kilde til rene n\u00e6ringsstoffer direkte fra havet. Disse makrelfileter er naturligt fyldt med B-vitaminer, jod og antioxidanter, som underst\u00f8tter stofskiftet, regulerer energistyringen og bidrager til st\u00e6rke muskler, en sund pels og en klar hjerne.<br data-start=\"513\" data-end=\"516\">Det perfekte, naturlige tilskud til hunde, der har gavn af omegaer, letford\u00f8jelige proteiner og havn\u00e6ring af h\u00f8j kvalitet. <\/p>\n<p data-start=\"654\" data-end=\"668\"><strong>Egenskaber:<\/strong><\/p>\n<ul>\n<li data-start=\"672\" data-end=\"727\">100% makrelfileter til menneskef\u00f8de<\/li>\n<li data-start=\"730\" data-end=\"790\">Rig p\u00e5 vitaminerne B12, B6 og B3 for en st\u00e6rk forbr\u00e6nding<\/li>\n<li data-start=\"793\" data-end=\"861\">Naturligt jod til energiregulering og en sund skjoldbruskkirtel<\/li>\n<li data-start=\"864\" data-end=\"925\">St\u00f8tter hud, pels, kognitiv funktion og muskelopbygning<\/li>\n<li data-start=\"928\" data-end=\"958\">Naturlig antioxidantboost<\/li>\n<li data-start=\"961\" data-end=\"1034\">Herunder n\u00e6ringsrigt konserveringsvand med mineraler, vitaminer og omegaer<\/li>\n<\/ul>\n<p><strong>Fodringsanbefaling:<\/strong><\/p>\n<p>XS hund: maks. 40 g om dagen<br data-start=\"1331\" data-end=\"1334\">S hund: maks. 63 g om dagen<br data-start=\"1359\" data-end=\"1362\">M hund: maks. 125 g om dagen<br data-start=\"1388\" data-end=\"1391\">L-hund: maks. 160 g om dagen<br data-start=\"1417\" data-end=\"1420\">XL hund: maks. 200 g om dagen<br data-start=\"1447\" data-end=\"1450\">Opbevar og server altid konserveringsvand.<\/p>\n","protected":false},"excerpt":{"rendered":"<p>100% naturlige makrelfileter fyldt med B-vitaminer, jod og antioxidanter \u2014 et havboost for stofskifte, hud, pels og vitalitet.<\/p>\n","protected":false},"featured_media":10857,"comment_status":"open","ping_status":"closed","template":"","meta":[],"product_brand":[],"product_cat":[5070,5132,5052,5307,5306],"product_tag":[],"merken":[],"class_list":{"0":"post-10855","1":"product","2":"type-product","3":"status-publish","4":"has-post-thumbnail","6":"product_cat-dyrehandel","7":"product_cat-ernaering","8":"product_cat-hund","9":"product_cat-snacks","10":"product_cat-vadfoder","11":"infinite-scroll-item","12":"sales-flash-overlay","13":"woocommerce-text-align-center","14":"woocommerce-image-align-center","15":"do-quantity-buttons","17":"first","18":"outofstock","19":"sold-individually","20":"taxable","21":"shipping-taxable","22":"purchasable","23":"product-type-simple"},"_links":{"self":[{"href":"https:\/\/www.ngdcare.nl\/da\/wp-json\/wp\/v2\/product\/10855","targetHints":{"allow":["GET"]}}],"collection":[{"href":"https:\/\/www.ngdcare.nl\/da\/wp-json\/wp\/v2\/product"}],"about":[{"href":"https:\/\/www.ngdcare.nl\/da\/wp-json\/wp\/v2\/types\/product"}],"replies":[{"embeddable":true,"href":"https:\/\/www.ngdcare.nl\/da\/wp-json\/wp\/v2\/comments?post=10855"}],"wp:featuredmedia":[{"embeddable":true,"href":"https:\/\/www.ngdcare.nl\/da\/wp-json\/wp\/v2\/media\/10857"}],"wp:attachment":[{"href":"https:\/\/www.ngdcare.nl\/da\/wp-json\/wp\/v2\/media?parent=10855"}],"wp:term":[{"taxonomy":"product_brand","embeddable":true,"href":"https:\/\/www.ngdcare.nl\/da\/wp-json\/wp\/v2\/product_brand?post=10855"},{"taxonomy":"product_cat","embeddable":true,"href":"https:\/\/www.ngdcare.nl\/da\/wp-json\/wp\/v2\/product_cat?post=10855"},{"taxonomy":"product_tag","embeddable":true,"href":"https:\/\/www.ngdcare.nl\/da\/wp-json\/wp\/v2\/product_tag?post=10855"},{"taxonomy":"merken","embeddable":true,"href":"https:\/\/www.ngdcare.nl\/da\/wp-json\/wp\/v2\/merken?post=10855"}],"curies":[{"name":"wp","href":"https:\/\/api.w.org\/{rel}","templated":true}]}}