{"id":11181,"date":"2025-11-26T22:11:04","date_gmt":"2025-11-26T21:11:04","guid":{"rendered":"https:\/\/www.ngdcare.nl\/product\/Ikke kategoriseret\/baerblomst\/"},"modified":"2025-11-26T22:11:04","modified_gmt":"2025-11-26T21:11:04","slug":"baerblomst","status":"publish","type":"product","link":"https:\/\/www.ngdcare.nl\/da\/product\/veterinary-health\/berigelse\/mad-toppings\/baerblomst\/","title":{"rendered":"B\u00e6rblomst"},"content":{"rendered":"<p data-start=\"2594\" data-end=\"2988\"><strong>Berry Blossom<\/strong> er en farve- og antioxidantrig blanding af <strong>fryset\u00f8rret traneb\u00e6r<\/strong>, <strong>solb\u00e6r<\/strong> og <strong>spiselige blomster<\/strong>. Fryset\u00f8rring bevarer naturlige polyfenoler, farvestoffer og vitaminer optimalt. Kombinationen af m\u00f8rke b\u00e6r og blomster giver et bredt spektrum af plantestoffer, der passer ind i en kost med ekstra opm\u00e6rksomhed p\u00e5 antioxidantst\u00f8tte.  <\/p>\n<p data-start=\"2990\" data-end=\"3358\">Denne blanding har en frisk smag og kan nemt tils\u00e6ttes til yoghurt og smoothies til mennesker og b\u00f8rn samt gennem frisk k\u00f8d eller d\u00e5semad. De naturlige syrer og b\u00e6rpigmenter g\u00f8r det til et attraktivt tilskud for b\u00e5de mennesker og dyr, der kan lide et frugtagtigt pr\u00e6g i deres kost. Blomsterne bidrager til variation i flavonoider og vegetabilske farvestoffer.  <\/p>\n<p data-start=\"3360\" data-end=\"3625\">Berry Blossom er ideel til daglig brug, som et farverigt tils\u00e6t til et m\u00e5ltid eller for at berige kosten. Den milde dosis og milde smag g\u00f8r den egnet til alle aldre og dyrearter, forudsat at de tilpasses individuelle behov. <\/p>\n","protected":false},"excerpt":{"rendered":"<p data-start=\"5425\" data-end=\"5572\">Berry Blossom er en farverig superfood-blanding af traneb\u00e6r, solb\u00e6r og spiselige blomster for antioxidanter, polyfenoler og en frisk frugtsmag.<\/p>\n","protected":false},"featured_media":11183,"comment_status":"open","ping_status":"closed","template":"","meta":{"wds_primary_product_brand":0,"wds_primary_product_cat":0,"wds_primary_merken":0},"product_brand":[],"product_cat":[3494,4775],"product_tag":[5839,5840,5846,5844,5842,1907,5841],"merken":[],"class_list":{"0":"post-11181","1":"product","2":"type-product","3":"status-publish","4":"has-post-thumbnail","6":"product_cat-mad-toppings","7":"product_cat-superfoods-da","8":"product_tag-antioxidanter","9":"product_tag-baer","10":"product_tag-blomsterblanding","11":"product_tag-polyfenoler","12":"product_tag-solbaer","13":"product_tag-superfood-da","14":"product_tag-tranebaer","15":"infinite-scroll-item","16":"sales-flash-overlay","17":"woocommerce-text-align-center","18":"woocommerce-image-align-center","19":"do-quantity-buttons","21":"first","22":"instock","23":"taxable","24":"shipping-taxable","25":"purchasable","26":"product-type-simple"},"_links":{"self":[{"href":"https:\/\/www.ngdcare.nl\/da\/wp-json\/wp\/v2\/product\/11181","targetHints":{"allow":["GET"]}}],"collection":[{"href":"https:\/\/www.ngdcare.nl\/da\/wp-json\/wp\/v2\/product"}],"about":[{"href":"https:\/\/www.ngdcare.nl\/da\/wp-json\/wp\/v2\/types\/product"}],"replies":[{"embeddable":true,"href":"https:\/\/www.ngdcare.nl\/da\/wp-json\/wp\/v2\/comments?post=11181"}],"wp:featuredmedia":[{"embeddable":true,"href":"https:\/\/www.ngdcare.nl\/da\/wp-json\/wp\/v2\/media\/11183"}],"wp:attachment":[{"href":"https:\/\/www.ngdcare.nl\/da\/wp-json\/wp\/v2\/media?parent=11181"}],"wp:term":[{"taxonomy":"product_brand","embeddable":true,"href":"https:\/\/www.ngdcare.nl\/da\/wp-json\/wp\/v2\/product_brand?post=11181"},{"taxonomy":"product_cat","embeddable":true,"href":"https:\/\/www.ngdcare.nl\/da\/wp-json\/wp\/v2\/product_cat?post=11181"},{"taxonomy":"product_tag","embeddable":true,"href":"https:\/\/www.ngdcare.nl\/da\/wp-json\/wp\/v2\/product_tag?post=11181"},{"taxonomy":"merken","embeddable":true,"href":"https:\/\/www.ngdcare.nl\/da\/wp-json\/wp\/v2\/merken?post=11181"}],"curies":[{"name":"wp","href":"https:\/\/api.w.org\/{rel}","templated":true}]}}