{"id":11212,"date":"2025-11-26T23:00:47","date_gmt":"2025-11-26T22:00:47","guid":{"rendered":"https:\/\/www.ngdcare.nl\/product\/Ikke kategoriseret\/groen-vitalitet\/"},"modified":"2025-11-26T23:00:47","modified_gmt":"2025-11-26T22:00:47","slug":"groen-vitalitet","status":"publish","type":"product","link":"https:\/\/www.ngdcare.nl\/da\/webshop\/veterinary-health\/berigelse\/mad-toppings\/groen-vitalitet\/","title":{"rendered":"Gr\u00f8n Vitalitet"},"content":{"rendered":"<p data-start=\"468\" data-end=\"881\"><strong>Green Vitality<\/strong> er en sammens\u00e6tning af fire n\u00e6ringsrige planter: <strong>spinat<\/strong>, <strong>broccoli<\/strong>, <strong>gr\u00f8nk\u00e5l<\/strong> og <strong>r\u00f8dbede<\/strong>. Disse gr\u00f8ntsager er blandt de mest fyton\u00e6ringsrige kilder i den daglige kost og indeholder klorofyl, antioxidanter, naturlige vitaminer og mineraler. Disse stoffer bidrager til generel vitalitet og giver st\u00f8tte, n\u00e5r der er behov for ekstra gr\u00f8nne n\u00e6ringsstoffer.  <\/p>\n<p data-start=\"883\" data-end=\"1257\">Kombinationen af bladgr\u00f8nt med r\u00f8dbede skaber en balanceret blanding af naturlige folater, fibre, nitratrige plantestoffer og farvepigmenter. Denne sammens\u00e6tning passer b\u00e5de til aktive personer og situationer, hvor der \u00f8nskes ekstra n\u00e6ring fra planter. Pulveret blandes let i yoghurt, frisk k\u00f8d, t\u00f8rfoder, smoothies eller gr\u00f8ntsagsblandinger.  <\/p>\n<p data-start=\"1259\" data-end=\"1487\">Green Vitality kan bruges dagligt til at underst\u00f8tte en varieret kost. Den bl\u00f8de smag g\u00f8r den nem at bruge b\u00e5de til kr\u00e6sne spisere og dyr, der reagerer f\u00f8lsomt over for st\u00e6rke smagsstoffer. <\/p>\n","protected":false},"excerpt":{"rendered":"<p><strong>Green Vitality<\/strong> er en kraftfuld gr\u00f8n superfood-blanding med spinat, broccoli, gr\u00f8nk\u00e5l og r\u00f8dbeder for daglig vitalitet, energi og et naturligt boost af fyton\u00e6ringsstoffer<\/p>\n","protected":false},"featured_media":11214,"comment_status":"open","ping_status":"closed","template":"","meta":{"wds_primary_product_brand":0,"wds_primary_product_cat":0,"wds_primary_merken":0},"product_brand":[],"product_cat":[3494,4775],"product_tag":[2206,5839,5914,5912,1895,5913,5526,5910,1907],"merken":[],"class_list":{"0":"post-11212","1":"product","2":"type-product","3":"status-publish","4":"has-post-thumbnail","6":"product_cat-mad-toppings","7":"product_cat-superfoods-da","8":"product_tag-anaemisk","9":"product_tag-antioxidanter","10":"product_tag-bede","11":"product_tag-broccoli","12":"product_tag-detox-da","13":"product_tag-gronkal","14":"product_tag-gronne","15":"product_tag-spinat","16":"product_tag-superfood-da","17":"infinite-scroll-item","18":"sales-flash-overlay","19":"woocommerce-text-align-center","20":"woocommerce-image-align-center","21":"do-quantity-buttons","23":"first","24":"instock","25":"taxable","26":"shipping-taxable","27":"purchasable","28":"product-type-simple"},"_links":{"self":[{"href":"https:\/\/www.ngdcare.nl\/da\/wp-json\/wp\/v2\/product\/11212","targetHints":{"allow":["GET"]}}],"collection":[{"href":"https:\/\/www.ngdcare.nl\/da\/wp-json\/wp\/v2\/product"}],"about":[{"href":"https:\/\/www.ngdcare.nl\/da\/wp-json\/wp\/v2\/types\/product"}],"replies":[{"embeddable":true,"href":"https:\/\/www.ngdcare.nl\/da\/wp-json\/wp\/v2\/comments?post=11212"}],"wp:featuredmedia":[{"embeddable":true,"href":"https:\/\/www.ngdcare.nl\/da\/wp-json\/wp\/v2\/media\/11214"}],"wp:attachment":[{"href":"https:\/\/www.ngdcare.nl\/da\/wp-json\/wp\/v2\/media?parent=11212"}],"wp:term":[{"taxonomy":"product_brand","embeddable":true,"href":"https:\/\/www.ngdcare.nl\/da\/wp-json\/wp\/v2\/product_brand?post=11212"},{"taxonomy":"product_cat","embeddable":true,"href":"https:\/\/www.ngdcare.nl\/da\/wp-json\/wp\/v2\/product_cat?post=11212"},{"taxonomy":"product_tag","embeddable":true,"href":"https:\/\/www.ngdcare.nl\/da\/wp-json\/wp\/v2\/product_tag?post=11212"},{"taxonomy":"merken","embeddable":true,"href":"https:\/\/www.ngdcare.nl\/da\/wp-json\/wp\/v2\/merken?post=11212"}],"curies":[{"name":"wp","href":"https:\/\/api.w.org\/{rel}","templated":true}]}}