{"id":11516,"date":"2025-11-27T19:11:21","date_gmt":"2025-11-27T18:11:21","guid":{"rendered":"https:\/\/www.ngdcare.nl\/product\/Ikke kategoriseret\/promolife-single-med-regulator\/"},"modified":"2025-11-27T19:11:21","modified_gmt":"2025-11-27T18:11:21","slug":"promolife-single-med-regulator","status":"publish","type":"product","link":"https:\/\/www.ngdcare.nl\/da\/product\/dyrehandel\/hund\/promolife-single-med-regulator\/","title":{"rendered":"Promolife single med regulator"},"content":{"rendered":"<p><strong>Promolife Low Flow Oxygen Regulator<\/strong> omdanner ilttanke eller koncentratorer til en pr\u00e6cist kontrollerbar, laviltstr\u00f8m. Ideel til applikationer, hvor en kontrolleret iltforsyning er afg\u00f8rende, s\u00e5som ozonterapi, medicinske behandlinger eller wellness-behandlinger. <\/p>\n<p>Med 5 katetre<br \/>\n, 1 spr\u00f8jte p\u00e5 60 ml<br \/>\n, 1 spr\u00f8jte p\u00e5 200 ml<\/p>\n<p data-start=\"442\" data-end=\"472\"><strong data-start=\"442\" data-end=\"470\">N\u00f8glefunktioner:<\/strong><\/p>\n<ul>\n<li data-start=\"475\" data-end=\"610\"><strong data-start=\"475\" data-end=\"507\">Pr\u00e6cis justerbar flow:<\/strong> fra 1\/32 til 4 liter per minut, s\u00e5 du kan finjustere ilttilf\u00f8rslen til din applikation.<\/li>\n<li data-start=\"613\" data-end=\"747\"><strong data-start=\"613\" data-end=\"644\">Universel kompatibilitet:<\/strong> egnet til standard ilttanke med CGA-540 (industrielle) eller CGA-870 (medicinske) forbindelser.<\/li>\n<li data-start=\"750\" data-end=\"908\"><strong data-start=\"750\" data-end=\"778\">Holdbar og p\u00e5lidelig:<\/strong> fremstillet af materialer af h\u00f8j kvalitet s\u00e5som messing og rustfrit st\u00e5l; mekanisk design, s\u00e5 ingen str\u00f8mforsyning n\u00f8dvendig.<\/li>\n<li data-start=\"911\" data-end=\"1046\"><strong data-start=\"911\" data-end=\"935\">Let at bruge:<\/strong> gennemsigtig trykm\u00e5ler og justeringsknap for nem og sikker betjening; inklusive slanger og forbindelser.<\/li>\n<\/ul>\n<p data-start=\"1048\" data-end=\"1277\">Promolife-regulatoren garanterer en konstant, sikker iltstr\u00f8m og giver optimal kontrol, hvilket g\u00f8r den til et uundv\u00e6rligt v\u00e6rkt\u00f8j for professionelle og hjemmebrugere, der har brug for pr\u00e6cis lavflow-ilt.<\/p>\n","protected":false},"excerpt":{"rendered":"<p><strong>Promolife Low Flow Oxygen Regulator<\/strong> er designet til at omdanne h\u00f8jtryks iltkilder (tanke eller koncentratorer) til en pr\u00e6cist kontrollerbar, lav-ilt-flow. Den er ideel til anvendelser som ozonterapi. <\/p>\n","protected":false},"featured_media":11498,"comment_status":"open","ping_status":"closed","template":"","meta":[],"product_brand":[],"product_cat":[5052,5037,5957,4731],"product_tag":[],"merken":[],"class_list":{"0":"post-11516","1":"product","2":"type-product","3":"status-publish","4":"has-post-thumbnail","6":"product_cat-hund","7":"product_cat-kat","8":"product_cat-naturligt-kaeledyrsapotek","9":"product_cat-ozonprodukter-da","10":"infinite-scroll-item","11":"sales-flash-overlay","12":"woocommerce-text-align-center","13":"woocommerce-image-align-center","14":"do-quantity-buttons","16":"first","17":"instock","18":"sold-individually","19":"taxable","20":"shipping-taxable","21":"purchasable","22":"product-type-simple"},"_links":{"self":[{"href":"https:\/\/www.ngdcare.nl\/da\/wp-json\/wp\/v2\/product\/11516","targetHints":{"allow":["GET"]}}],"collection":[{"href":"https:\/\/www.ngdcare.nl\/da\/wp-json\/wp\/v2\/product"}],"about":[{"href":"https:\/\/www.ngdcare.nl\/da\/wp-json\/wp\/v2\/types\/product"}],"replies":[{"embeddable":true,"href":"https:\/\/www.ngdcare.nl\/da\/wp-json\/wp\/v2\/comments?post=11516"}],"wp:featuredmedia":[{"embeddable":true,"href":"https:\/\/www.ngdcare.nl\/da\/wp-json\/wp\/v2\/media\/11498"}],"wp:attachment":[{"href":"https:\/\/www.ngdcare.nl\/da\/wp-json\/wp\/v2\/media?parent=11516"}],"wp:term":[{"taxonomy":"product_brand","embeddable":true,"href":"https:\/\/www.ngdcare.nl\/da\/wp-json\/wp\/v2\/product_brand?post=11516"},{"taxonomy":"product_cat","embeddable":true,"href":"https:\/\/www.ngdcare.nl\/da\/wp-json\/wp\/v2\/product_cat?post=11516"},{"taxonomy":"product_tag","embeddable":true,"href":"https:\/\/www.ngdcare.nl\/da\/wp-json\/wp\/v2\/product_tag?post=11516"},{"taxonomy":"merken","embeddable":true,"href":"https:\/\/www.ngdcare.nl\/da\/wp-json\/wp\/v2\/merken?post=11516"}],"curies":[{"name":"wp","href":"https:\/\/api.w.org\/{rel}","templated":true}]}}