{"id":11680,"date":"2025-11-29T12:19:33","date_gmt":"2025-11-29T11:19:33","guid":{"rendered":"https:\/\/www.ngdcare.nl\/product\/Ikke%20kategoriseret\/liposomal-glutathion\/"},"modified":"2026-04-20T21:33:44","modified_gmt":"2026-04-20T19:33:44","slug":"liposomal-glutathion","status":"publish","type":"product","link":"https:\/\/www.ngdcare.nl\/da\/product\/veterinary-health\/orthomolekylaere-kosttilskud\/liposomal-glutathion\/","title":{"rendered":"Liposomal Glutathion"},"content":{"rendered":"<p class=\"font-claude-response-body break-words whitespace-normal leading-[1.7]\">Liposomal glutathion: Den vigtigste antioxidant til hunde, katte og mennesker<\/p>\n<p class=\"font-claude-response-body break-words whitespace-normal leading-[1.7]\">Glutathion er kroppens eget tripeptid, som findes i alle celler og spiller en central rolle i afgiftning, cellebeskyttelse og reparation. Det neutraliserer frie radikaler, beskytter DNA og mitokondrier mod oxidativ skade og er uundv\u00e6rligt for leverafgiftning, is\u00e6r fase II-konjugation, hvor toksiner, tungmetaller og l\u00e6gemiddelrester bindes til vandopl\u00f8selige forbindelser til udskillelse. <\/p>\n<p class=\"font-claude-response-body break-words whitespace-normal leading-[1.7]\">Kronisk nedsatte glutathionniveauer er en almindelig konsekvens af langvarig stress, inflammation, sygdom, medicinbrug, vaccinationer eller toksisk belastning. Vi ser dette i praksis hos dyr med allergier, hudproblemer, immunforstyrrelser, kognitiv tilbagegang og forsinket bedring. <\/p>\n<p class=\"font-claude-response-body break-words whitespace-normal leading-[1.7]\">Hvorfor liposomal? Glutathion, der indtages oralt, nedbrydes delvist i mave-tarmkanalen, f\u00f8r det n\u00e5r cellen. Den liposomale formulering med h\u00f8jkvalitets fosfatidylcholin som b\u00e6rer beskytter det reducerede glutathion (GSH) mod nedbrydning og forbedrer cellul\u00e6r optagelse betydeligt. Dette produkt indeholder 150 mg reduceret GSH pr. dosis.  <\/p>\n<p class=\"font-claude-response-body break-words whitespace-normal leading-[1.7]\">Hos hunde og katte er glutathion relevant for leverst\u00f8tte og afgiftning i tilf\u00e6lde af toksisk belastning eller medicinbrug, ved kroniske allergier og atopiske hudsygdomme, i immungenopretning efter infektioner eller langvarig antibiotikabrug, i bedring efter bed\u00f8velse eller vaccinationer samt i kognitiv st\u00f8tte til \u00e6ldre dyr med tegn p\u00e5 kognitiv dysfunktion hos hunde.<\/p>\n<p class=\"font-claude-response-body break-words whitespace-normal leading-[1.7]\">Glutathion integreres problemfrit med andre NGD Care-produkter s\u00e5som <a href=\"https:\/\/www.ngdcare.nl\/da\/product\/naturligt-kaeledyrsapotek\/generel-vitalitet\/nad-resveratrol-og-ergotioneine-liposomal-levetidsstoette\/\">Longevity Complex<\/a> (NAD+\/resveratrol\/ergothionein), <a href=\"https:\/\/www.ngdcare.nl\/da\/product\/naturligt-kaeledyrsapotek\/liposomal-da\/liposomal-pea-og-boswellia-liposomal-pea-kompleks\/\">PEA Complex<\/a>, <a href=\"https:\/\/www.ngdcare.nl\/da\/product\/naturligt-kaeledyrsapotek\/liposomal-da\/liposoman-lactoferrin-liposomal-lactoferrin\/\">Lactoferrin<\/a> og <a href=\"https:\/\/www.ngdcare.nl\/da\/product\/naturligt-kaeledyrsapotek\/generel-vitalitet\/liposomal-svampeblanding-1-liposomal-myco-immunkompleks\/\">Myco Immune Complex<\/a> som en del af <a href=\"https:\/\/www.ngdcare.nl\/da\/product\/protokoller\/alderdomsprotokol\/\">aldringsprotokollen<\/a>.<\/p>\n<p class=\"font-claude-response-body break-words whitespace-normal leading-[1.7]\">Vil du gerne l\u00e6se mere om, hvordan det fungerer, litteraturen og den kliniske baggrund? L\u00e6s derefter den omfattende baggrundsartikel: Glutathion hos hunde og katte: den vigtigste antioxidant forklaret [link til blogside]. <\/p>\n","protected":false},"excerpt":{"rendered":"<p data-start=\"719\" data-end=\"1021\">NGD Care Liposomal Glutathion indeholder 150 mg reduceret glutathion (GSH) i et h\u00f8jkvalitets unikt lipodry liposom. Denne liposomale form underst\u00f8tter optimal absorption og er velegnet til dyr (hund\/kat). Ideelt til afgiftning, leverst\u00f8tte, oxidativt stress og restitution.  <\/p>\n","protected":false},"featured_media":17634,"comment_status":"open","ping_status":"closed","template":"","meta":{"wds_primary_product_brand":0,"wds_primary_product_cat":0,"wds_primary_merken":0},"product_brand":[],"product_cat":[1885],"product_tag":[1893,1895,6119,6129,1952,6125,1954,6121,2119,2637,6123,6127],"merken":[],"class_list":{"0":"post-11680","1":"product","2":"type-product","3":"status-publish","4":"has-post-thumbnail","6":"product_cat-orthomolekylaere-kosttilskud","7":"product_tag-antioxidant-da","8":"product_tag-detox-da","9":"product_tag-glutathion","10":"product_tag-gsh","11":"product_tag-hund-da","12":"product_tag-immun","13":"product_tag-kat-da","14":"product_tag-lever","15":"product_tag-liposomal-da","16":"product_tag-ngd-pleje","17":"product_tag-oxidativt-stress-2","18":"product_tag-person","19":"infinite-scroll-item","20":"sales-flash-overlay","21":"woocommerce-text-align-center","22":"woocommerce-image-align-center","23":"do-quantity-buttons","25":"first","26":"instock","27":"taxable","28":"shipping-taxable","29":"purchasable","30":"product-type-simple"},"_links":{"self":[{"href":"https:\/\/www.ngdcare.nl\/da\/wp-json\/wp\/v2\/product\/11680","targetHints":{"allow":["GET"]}}],"collection":[{"href":"https:\/\/www.ngdcare.nl\/da\/wp-json\/wp\/v2\/product"}],"about":[{"href":"https:\/\/www.ngdcare.nl\/da\/wp-json\/wp\/v2\/types\/product"}],"replies":[{"embeddable":true,"href":"https:\/\/www.ngdcare.nl\/da\/wp-json\/wp\/v2\/comments?post=11680"}],"wp:featuredmedia":[{"embeddable":true,"href":"https:\/\/www.ngdcare.nl\/da\/wp-json\/wp\/v2\/media\/17634"}],"wp:attachment":[{"href":"https:\/\/www.ngdcare.nl\/da\/wp-json\/wp\/v2\/media?parent=11680"}],"wp:term":[{"taxonomy":"product_brand","embeddable":true,"href":"https:\/\/www.ngdcare.nl\/da\/wp-json\/wp\/v2\/product_brand?post=11680"},{"taxonomy":"product_cat","embeddable":true,"href":"https:\/\/www.ngdcare.nl\/da\/wp-json\/wp\/v2\/product_cat?post=11680"},{"taxonomy":"product_tag","embeddable":true,"href":"https:\/\/www.ngdcare.nl\/da\/wp-json\/wp\/v2\/product_tag?post=11680"},{"taxonomy":"merken","embeddable":true,"href":"https:\/\/www.ngdcare.nl\/da\/wp-json\/wp\/v2\/merken?post=11680"}],"curies":[{"name":"wp","href":"https:\/\/api.w.org\/{rel}","templated":true}]}}