{"id":11753,"date":"2025-11-15T22:17:51","date_gmt":"2025-11-15T21:17:51","guid":{"rendered":"https:\/\/www.ngdcare.nl\/product\/Ikke%20kategoriseret\/liposomal-glutathion-2\/"},"modified":"2025-12-01T20:44:36","modified_gmt":"2025-12-01T19:44:36","slug":"liposomal-glutathion-2","status":"publish","type":"product","link":"https:\/\/www.ngdcare.nl\/da\/product\/human-health\/kosttilskud\/liposomal-glutathion-2\/","title":{"rendered":"Liposomal Glutathion"},"content":{"rendered":"<p data-start=\"1353\" data-end=\"1697\"><strong>Glutathion<\/strong> er den mest udbredte intracellul\u00e6re antioxidant og essentiel for neutralisering af frie radikaler, beskyttelse af celler og st\u00f8tte til det naturlige afgiftningssystem (fase II detox). Niveauet af glutathion falder under p\u00e5virkning af stress, toksiner, medicin, aldring og intens fysisk belastning. <\/p>\n<p data-start=\"1699\" data-end=\"1901\"><strong>NGD Care Liposomal Glutathion<\/strong> er formuleret i en liposomal matrix af h\u00f8j kvalitet, som holder det aktivt beskyttet i mave-tarmkanalen og optages med en langt h\u00f8jere effektivitet.<\/p>\n<p data-start=\"1903\" data-end=\"1951\">Vores humane liposomale glutathion st\u00f8tter:<\/p>\n<ul>\n<li data-start=\"1954\" data-end=\"2000\">Den naturlige fjernelse af u\u00f8nskede stoffer<\/li>\n<li data-start=\"2003\" data-end=\"2054\">Beskyttelse af celler mod oxidativt stress<\/li>\n<li data-start=\"2057\" data-end=\"2087\">Balance i immunsystemet<\/li>\n<li data-start=\"2090\" data-end=\"2140\">Bedring efter sygdom, tung belastning eller toksicitet<\/li>\n<li data-start=\"2143\" data-end=\"2179\">Leverfunktion (konjugation i stadium II)<\/li>\n<\/ul>\n<p data-start=\"2181\" data-end=\"2319\">Denne formel er velegnet til daglig brug og passer ind i integrative behandlingsplaner, herunder livsstils- og ern\u00e6ringsinterventioner.<\/p>\n","protected":false},"excerpt":{"rendered":"<p data-start=\"719\" data-end=\"1021\">Liposomal Glutathion fra NGD Care indeholder reduceret glutathion (GSH) i et rent liposomalt kompleks for optimal absorption. Glutathion er en af de vigtigste endogene antioxidanter og spiller en central rolle i afgiftning, immunbalance og cellebeskyttelse. Denne formel er udviklet for maksimal biotilg\u00e6ngelighed og daglig brug.  <\/p>\n","protected":false},"featured_media":11755,"comment_status":"open","ping_status":"closed","template":"","meta":{"wds_primary_product_brand":0,"wds_primary_product_cat":0,"wds_primary_merken":0},"product_brand":[],"product_cat":[5316],"product_tag":[5839,1895,6119,6129,1960,6198,2119,5413,2637,5414],"merken":[2756],"class_list":{"0":"post-11753","1":"product","2":"type-product","3":"status-publish","4":"has-post-thumbnail","6":"product_cat-kosttilskud","7":"product_tag-antioxidanter","8":"product_tag-detox-da","9":"product_tag-glutathion","10":"product_tag-gsh","11":"product_tag-immunsystem-da","12":"product_tag-leversundhed","13":"product_tag-liposomal-da","14":"product_tag-menneskelige-tilskud","15":"product_tag-ngd-pleje","16":"product_tag-oxidativt-stress","17":"merken-ngdcare","18":"infinite-scroll-item","19":"sales-flash-overlay","20":"woocommerce-text-align-center","21":"woocommerce-image-align-center","22":"do-quantity-buttons","24":"first","25":"instock","26":"taxable","27":"shipping-taxable","28":"purchasable","29":"product-type-simple"},"_links":{"self":[{"href":"https:\/\/www.ngdcare.nl\/da\/wp-json\/wp\/v2\/product\/11753","targetHints":{"allow":["GET"]}}],"collection":[{"href":"https:\/\/www.ngdcare.nl\/da\/wp-json\/wp\/v2\/product"}],"about":[{"href":"https:\/\/www.ngdcare.nl\/da\/wp-json\/wp\/v2\/types\/product"}],"replies":[{"embeddable":true,"href":"https:\/\/www.ngdcare.nl\/da\/wp-json\/wp\/v2\/comments?post=11753"}],"wp:featuredmedia":[{"embeddable":true,"href":"https:\/\/www.ngdcare.nl\/da\/wp-json\/wp\/v2\/media\/11755"}],"wp:attachment":[{"href":"https:\/\/www.ngdcare.nl\/da\/wp-json\/wp\/v2\/media?parent=11753"}],"wp:term":[{"taxonomy":"product_brand","embeddable":true,"href":"https:\/\/www.ngdcare.nl\/da\/wp-json\/wp\/v2\/product_brand?post=11753"},{"taxonomy":"product_cat","embeddable":true,"href":"https:\/\/www.ngdcare.nl\/da\/wp-json\/wp\/v2\/product_cat?post=11753"},{"taxonomy":"product_tag","embeddable":true,"href":"https:\/\/www.ngdcare.nl\/da\/wp-json\/wp\/v2\/product_tag?post=11753"},{"taxonomy":"merken","embeddable":true,"href":"https:\/\/www.ngdcare.nl\/da\/wp-json\/wp\/v2\/merken?post=11753"}],"curies":[{"name":"wp","href":"https:\/\/api.w.org\/{rel}","templated":true}]}}