{"id":11794,"date":"2025-11-15T21:27:01","date_gmt":"2025-11-15T20:27:01","guid":{"rendered":"https:\/\/www.ngdcare.nl\/product\/Ikke%20kategoriseret\/liposomalt-koenzym-q10-2\/"},"modified":"2025-12-01T20:46:29","modified_gmt":"2025-12-01T19:46:29","slug":"liposomalt-koenzym-q10-2","status":"publish","type":"product","link":"https:\/\/www.ngdcare.nl\/da\/product\/human-health\/kosttilskud\/liposomalt-koenzym-q10-2\/","title":{"rendered":"Liposomalt koenzym Q10"},"content":{"rendered":"<p class=\"p1\"><strong>Coenzym Q10<\/strong> er et kraftfuldt stof, der spiller en n\u00f8glerolle i mitokondrierne: energifabrikkerne i vores celler. Denne liposomale Q10 indeholder 160 mg ubiquinon pr. kapsel og er indkapslet i h\u00f8jkvalitetsfosfolipider for markant forbedret biotilg\u00e6ngelighed. <\/p>\n<p class=\"p1\">N\u00e5r folk bliver \u00e6ldre eller oplever mere stress, falder niveauet af coenzym Q10, og mitokondrienes effektivitet falder. Dette kan f\u00f8re til tr\u00e6thed, restitutionsproblemer og \u00f8get f\u00f8lsomhed over for oxidativt stress. Denne formel er velegnet til alle, der \u00f8nsker ekstra st\u00f8tte til energi, reparation og cellebeskyttelse, og bruges ofte til tr\u00e6thed, sportsbelastning, stresssituationer eller under naturlig aldring. Den liposomale form g\u00f8r optagelsen 3\u20135 gange mere effektiv end standard Q10, s\u00e5 lavere doser giver stadig en kraftig effekt. Det virker synergistisk med B-vitaminer, NAD+, magnesium og omegaer, hvilket g\u00f8r det til en bredere integrativ tilgang.    <\/p>\n","protected":false},"excerpt":{"rendered":"<p class=\"p1\"><strong>Liposomalt koenzym Q10<\/strong> underst\u00f8tter energimetabolisme, vitalitet og naturlig regenerativ kapacitet. Den liposomale teknik g\u00f8r det muligt at absorbere ubiquinon optimalt og umiddelbart tilg\u00e6ngeligt for cellerne. Ideel til tr\u00e6thed, intensive belastninger, aldring og ekstra mitokondriest\u00f8tte.  <\/p>\n<p>.<\/p>\n","protected":false},"featured_media":11796,"comment_status":"open","ping_status":"closed","template":"","meta":{"wds_primary_product_brand":0,"wds_primary_product_cat":0,"wds_primary_merken":0},"product_brand":[],"product_cat":[5316],"product_tag":[1893,6217,6157,2354,2119,5413,5626,2637,5329,6181,6218],"merken":[2756],"class_list":{"0":"post-11794","1":"product","2":"type-product","3":"status-publish","4":"has-post-thumbnail","6":"product_cat-kosttilskud","7":"product_tag-antioxidant-da","8":"product_tag-celleenergi","9":"product_tag-coq10","10":"product_tag-energi-da","11":"product_tag-liposomal-da","12":"product_tag-menneskelige-tilskud","13":"product_tag-mitokondrier","14":"product_tag-ngd-pleje","15":"product_tag-ngd-pleje-for-menneskers-sundhed","16":"product_tag-ubiquinon","17":"product_tag-udmatning","18":"merken-ngdcare","19":"infinite-scroll-item","20":"sales-flash-overlay","21":"woocommerce-text-align-center","22":"woocommerce-image-align-center","23":"do-quantity-buttons","25":"first","26":"instock","27":"taxable","28":"shipping-taxable","29":"purchasable","30":"product-type-simple"},"_links":{"self":[{"href":"https:\/\/www.ngdcare.nl\/da\/wp-json\/wp\/v2\/product\/11794","targetHints":{"allow":["GET"]}}],"collection":[{"href":"https:\/\/www.ngdcare.nl\/da\/wp-json\/wp\/v2\/product"}],"about":[{"href":"https:\/\/www.ngdcare.nl\/da\/wp-json\/wp\/v2\/types\/product"}],"replies":[{"embeddable":true,"href":"https:\/\/www.ngdcare.nl\/da\/wp-json\/wp\/v2\/comments?post=11794"}],"wp:featuredmedia":[{"embeddable":true,"href":"https:\/\/www.ngdcare.nl\/da\/wp-json\/wp\/v2\/media\/11796"}],"wp:attachment":[{"href":"https:\/\/www.ngdcare.nl\/da\/wp-json\/wp\/v2\/media?parent=11794"}],"wp:term":[{"taxonomy":"product_brand","embeddable":true,"href":"https:\/\/www.ngdcare.nl\/da\/wp-json\/wp\/v2\/product_brand?post=11794"},{"taxonomy":"product_cat","embeddable":true,"href":"https:\/\/www.ngdcare.nl\/da\/wp-json\/wp\/v2\/product_cat?post=11794"},{"taxonomy":"product_tag","embeddable":true,"href":"https:\/\/www.ngdcare.nl\/da\/wp-json\/wp\/v2\/product_tag?post=11794"},{"taxonomy":"merken","embeddable":true,"href":"https:\/\/www.ngdcare.nl\/da\/wp-json\/wp\/v2\/merken?post=11794"}],"curies":[{"name":"wp","href":"https:\/\/api.w.org\/{rel}","templated":true}]}}