{"id":12408,"date":"2026-01-22T21:30:45","date_gmt":"2026-01-22T20:30:45","guid":{"rendered":"https:\/\/www.ngdcare.nl\/product\/Ikke%20kategoriseret\/mikrobebeskytter-intern\/"},"modified":"2026-01-26T21:37:24","modified_gmt":"2026-01-26T20:37:24","slug":"mikrobebeskytter-intern","status":"publish","type":"product","link":"https:\/\/www.ngdcare.nl\/da\/product\/veterinary-health\/aromaterapi-da\/mikrobebeskytter-intern\/","title":{"rendered":"Mikrobebeskytter \u2013 Intern"},"content":{"rendered":"<p class=\"p1\">I tilf\u00e6lde af forl\u00e6nget eller \u00f8get mikrobiel belastning kan yderligere st\u00f8tte v\u00e6re n\u00f8dvendig. <strong>Microbe Guard \u2013 Internal<\/strong> er udviklet som en <span class=\"s1\"><b>kompakt, m\u00e5lrettet olieblanding<\/b><\/span> , der bliver systemisk tilg\u00e6ngelig gennem oral administration.<\/p>\n<p class=\"p1\">De udvalgte \u00e6teriske olier indeholder bioaktive planteforbindelser, der er kendt for deres indflydelse p\u00e5 bakteriemembraner, biofilm og det mikrobielle milj\u00f8. P\u00e5 grund af den begr\u00e6nsede sammens\u00e6tning (kun tre olier) forbliver formlen ryddig og mere t\u00e5lelig end bredere blandinger, samtidig med at den bevarer den systemiske virkning. <\/p>\n<p class=\"p3\"><b>Olierne i denne formel:<\/b><b><\/b><\/p>\n<ul>\n<li class=\"p1\"><span class=\"s1\"><b>Oregano<\/b><\/span> indeholder carvacrol, som er kendt for sin evne til at forstyrre bakterie- og g\u00e6rmembraner og g\u00f8re mikroorganismer s\u00e5rbare.<\/li>\n<li class=\"p1\"><span class=\"s1\"><b>Timian<\/b><\/span> underst\u00f8tter den intracellul\u00e6re tilg\u00e6ngelighed af andre stoffer og virker synergistisk med oregano.<\/li>\n<li class=\"p1\"><span class=\"s1\"><b>Citron<\/b><\/span> har en mild antimikrobiel effekt og underst\u00f8tter lever- og galdefunktionen, hvilket bidrager til bedre tolerance og forarbejdning af blandingen.<\/li>\n<\/ul>\n<p class=\"p1\">Microbe Guard \u2013 Intern er beregnet til <span class=\"s1\"><b>midlertidig udsendelse i op til 1 uge efterfulgt af 1 uges hvile<\/b><\/span>, altid sammen med andre former for st\u00f8tte som <a href=\"https:\/\/www.ngdcare.nl\/da\/product\/fordojelse\/nac-berberin-para-clean\/\">NAC\/berberin<\/a>, <a href=\"https:\/\/www.ngdcare.nl\/da\/product\/naturligt-kaeledyrsapotek\/liposomal-da\/liposoman-lactoferrin-liposomal-lactoferrin\/\">lactoferrin<\/a>, <a href=\"https:\/\/www.ngdcare.nl\/da\/product\/naturligt-kaeledyrsapotek\/liposomal-da\/liposomal-svampeblanding-1-liposomal-myco-immunkompleks\/\">medicinske svampe<\/a> og mikrobiom-m\u00e5lrettede interventioner som <a href=\"https:\/\/www.ngdcare.nl\/da\/product\/fordojelse\/affoering-protokol\/\">tarmprotokollen<\/a>. Produktet er <strong>ikke beregnet til langvarig daglig brug<\/strong>.<\/p>\n<p><b>Hvad g\u00f8r Microbe Guard \u2013 Oral formel?<\/b><\/p>\n<ul>\n<li class=\"p1\">St\u00f8tter kroppen i tilf\u00e6lde af mikrobiel ubalance<\/li>\n<li class=\"p1\">Bidrager til forstyrrelse af bakterie- og g\u00e6rmembraner<\/li>\n<li class=\"p1\">Underst\u00f8tter det mikrobielle milj\u00f8 systemisk<\/li>\n<li class=\"p1\">Kan bruges som midlertidig ekstra st\u00f8tte<\/li>\n<li class=\"p1\">Virker synergistisk med NAC\/berberin, laktoferrin og svampe<\/li>\n<\/ul>\n","protected":false},"excerpt":{"rendered":"<p class=\"p1\"><strong>Microbe Guard \u2013 Internal<\/strong> er en omhyggeligt formuleret \u00e6terisk olieblanding til oral indtagelse, som <span class=\"s1\">giver <b>systemisk st\u00f8tte <\/b>til mikrobiel ubalance<\/span>. Kombinationen af oregano, timian og citron er udviklet til <span class=\"s1\"><strong>m\u00e5lrettet, kortvarig<\/strong> brug<\/span> som supplement til eksisterende kosttilskud og protokoller. <\/p>\n","protected":false},"featured_media":12410,"comment_status":"open","ping_status":"closed","template":"","meta":{"wds_primary_product_brand":0,"wds_primary_product_cat":0,"wds_primary_merken":0},"product_brand":[],"product_cat":[3218,6401],"product_tag":[6402,6406,6403,2637,6404,6405],"merken":[],"class_list":{"0":"post-12408","1":"product","2":"type-product","3":"status-publish","4":"has-post-thumbnail","6":"product_cat-aromaterapi-da","7":"product_cat-aeteriske-olier","8":"product_tag-aeterisk-olie","9":"product_tag-integrativ-terapi","10":"product_tag-mikrobe-stotte","11":"product_tag-ngd-pleje","12":"product_tag-oreganoolie","13":"product_tag-systemisk-stotte","14":"infinite-scroll-item","15":"sales-flash-overlay","16":"woocommerce-text-align-center","17":"woocommerce-image-align-center","18":"do-quantity-buttons","20":"first","21":"instock","22":"taxable","23":"shipping-taxable","24":"purchasable","25":"product-type-simple"},"_links":{"self":[{"href":"https:\/\/www.ngdcare.nl\/da\/wp-json\/wp\/v2\/product\/12408","targetHints":{"allow":["GET"]}}],"collection":[{"href":"https:\/\/www.ngdcare.nl\/da\/wp-json\/wp\/v2\/product"}],"about":[{"href":"https:\/\/www.ngdcare.nl\/da\/wp-json\/wp\/v2\/types\/product"}],"replies":[{"embeddable":true,"href":"https:\/\/www.ngdcare.nl\/da\/wp-json\/wp\/v2\/comments?post=12408"}],"wp:featuredmedia":[{"embeddable":true,"href":"https:\/\/www.ngdcare.nl\/da\/wp-json\/wp\/v2\/media\/12410"}],"wp:attachment":[{"href":"https:\/\/www.ngdcare.nl\/da\/wp-json\/wp\/v2\/media?parent=12408"}],"wp:term":[{"taxonomy":"product_brand","embeddable":true,"href":"https:\/\/www.ngdcare.nl\/da\/wp-json\/wp\/v2\/product_brand?post=12408"},{"taxonomy":"product_cat","embeddable":true,"href":"https:\/\/www.ngdcare.nl\/da\/wp-json\/wp\/v2\/product_cat?post=12408"},{"taxonomy":"product_tag","embeddable":true,"href":"https:\/\/www.ngdcare.nl\/da\/wp-json\/wp\/v2\/product_tag?post=12408"},{"taxonomy":"merken","embeddable":true,"href":"https:\/\/www.ngdcare.nl\/da\/wp-json\/wp\/v2\/merken?post=12408"}],"curies":[{"name":"wp","href":"https:\/\/api.w.org\/{rel}","templated":true}]}}