{"id":12421,"date":"2026-01-22T21:43:11","date_gmt":"2026-01-22T20:43:11","guid":{"rendered":"https:\/\/www.ngdcare.nl\/product\/Ikke%20kategoriseret\/microbe-guard-diffuser\/"},"modified":"2026-01-26T21:51:39","modified_gmt":"2026-01-26T20:51:39","slug":"microbe-guard-diffuser","status":"publish","type":"product","link":"https:\/\/www.ngdcare.nl\/da\/product\/aeteriske-olier\/microbe-guard-diffuser\/","title":{"rendered":"Microbe Guard \u2013 Diffuser"},"content":{"rendered":"<p class=\"p3\"><strong>Microbe Guard \u2013 Diffuser<\/strong> er udviklet som <span class=\"s2\"><b>en alsidig olieblanding<\/b><\/span> til st\u00f8tte gennem huden og luftvejene uden at belaste leveren og ford\u00f8jelsessystemet.<\/p>\n<p><b>Virkningsmekanisme og sammens\u00e6tning<\/b><\/p>\n<p>Flygtige forbindelser optages gennem lungerne ved ind\u00e5nding, mens topisk anvendelse giver st\u00f8tte p\u00e5 hud- og lymfeniveau. Kombinationen af fenolrige og mildere olier p\u00e5virker indirekte biofilm, membraner og det mikrobielle milj\u00f8. <\/p>\n<ul>\n<li class=\"p1\"><span class=\"s1\"><b>Oregano<\/b><\/span> underst\u00f8tter mikrobiel balance via membranforstyrrelse.<\/li>\n<li class=\"p1\"><span class=\"s1\"><b>Timian-CT. thymol <\/b><\/span>  bidrager til destabilisering af biofilm.<\/li>\n<li class=\"p1\"><span class=\"s1\"><b>Kanelbark<\/b><\/span> underst\u00f8tter ved at p\u00e5virke enzym- og energisystemer hos mikroorganismer.<\/li>\n<li class=\"p1\"><span class=\"s1\"><b>Nelliker<\/b><\/span> underst\u00f8tter g\u00e6r og svampe samt biofilmstrukturer.<\/li>\n<li class=\"p1\"><span class=\"s1\"><b>Manuka<\/b><\/span> har en beroligende og balancefremmende effekt.<\/li>\n<li class=\"p1\"><span class=\"s1\"><b>Ravintsara<\/b><\/span> underst\u00f8tter prim\u00e6rt virusbelastning og luftvej.<\/li>\n<\/ul>\n<p><b>Indikationer<\/b><\/p>\n<ul>\n<li class=\"p1\">Mikrobiel og viral trykst\u00f8tte<\/li>\n<li class=\"p1\">Addition inden for integrative baner<\/li>\n<li class=\"p1\">Milj\u00f8st\u00f8tte via diffuser<\/li>\n<\/ul>\n","protected":false},"excerpt":{"rendered":"<p class=\"p1\"><strong>Microbe Guard Diffuser<\/strong> er udviklet som <span class=\"s1\">en alsidig \u00e6terisk olieblanding<\/span> til hud- og \u00e5ndedr\u00e6tsst\u00f8tte uden at belaste leveren og ford\u00f8jelsessystemet. Det g\u00f8r den ogs\u00e5 velegnet til katte og f\u00f8lsomme dyr. <\/p>\n","protected":false},"featured_media":12424,"comment_status":"open","ping_status":"closed","template":"","meta":[],"product_brand":[],"product_cat":[6401,3218],"product_tag":[6402,6435,2927,6431,6406,6403,2637,6433],"merken":[],"class_list":{"0":"post-12421","1":"product","2":"type-product","3":"status-publish","4":"has-post-thumbnail","6":"product_cat-aeteriske-olier","7":"product_cat-aromaterapi-da","8":"product_tag-aeterisk-olie","9":"product_tag-antimikrobiel-olie","10":"product_tag-biofilm-da","11":"product_tag-diffuserolie","12":"product_tag-integrativ-terapi","13":"product_tag-mikrobe-stotte","14":"product_tag-ngd-pleje","15":"product_tag-topisk-aeterisk-olie","16":"infinite-scroll-item","17":"sales-flash-overlay","18":"woocommerce-text-align-center","19":"woocommerce-image-align-center","20":"do-quantity-buttons","22":"first","23":"instock","24":"taxable","25":"shipping-taxable","26":"purchasable","27":"product-type-simple"},"_links":{"self":[{"href":"https:\/\/www.ngdcare.nl\/da\/wp-json\/wp\/v2\/product\/12421","targetHints":{"allow":["GET"]}}],"collection":[{"href":"https:\/\/www.ngdcare.nl\/da\/wp-json\/wp\/v2\/product"}],"about":[{"href":"https:\/\/www.ngdcare.nl\/da\/wp-json\/wp\/v2\/types\/product"}],"replies":[{"embeddable":true,"href":"https:\/\/www.ngdcare.nl\/da\/wp-json\/wp\/v2\/comments?post=12421"}],"wp:featuredmedia":[{"embeddable":true,"href":"https:\/\/www.ngdcare.nl\/da\/wp-json\/wp\/v2\/media\/12424"}],"wp:attachment":[{"href":"https:\/\/www.ngdcare.nl\/da\/wp-json\/wp\/v2\/media?parent=12421"}],"wp:term":[{"taxonomy":"product_brand","embeddable":true,"href":"https:\/\/www.ngdcare.nl\/da\/wp-json\/wp\/v2\/product_brand?post=12421"},{"taxonomy":"product_cat","embeddable":true,"href":"https:\/\/www.ngdcare.nl\/da\/wp-json\/wp\/v2\/product_cat?post=12421"},{"taxonomy":"product_tag","embeddable":true,"href":"https:\/\/www.ngdcare.nl\/da\/wp-json\/wp\/v2\/product_tag?post=12421"},{"taxonomy":"merken","embeddable":true,"href":"https:\/\/www.ngdcare.nl\/da\/wp-json\/wp\/v2\/merken?post=12421"}],"curies":[{"name":"wp","href":"https:\/\/api.w.org\/{rel}","templated":true}]}}