{"id":12451,"date":"2026-01-22T21:53:15","date_gmt":"2026-01-22T20:53:15","guid":{"rendered":"https:\/\/www.ngdcare.nl\/product\/Ikke%20kategoriseret\/mild-parasitvagt\/"},"modified":"2026-04-09T14:11:38","modified_gmt":"2026-04-09T12:11:38","slug":"mild-parasitvagt","status":"publish","type":"product","link":"https:\/\/www.ngdcare.nl\/da\/product\/veterinary-health\/aromaterapi-da\/mild-parasitvagt\/","title":{"rendered":"Parasitvagt \u2013 Mild"},"content":{"rendered":"<p data-start=\"5100\" data-end=\"5375\"><strong data-start=\"5100\" data-end=\"5126\">Gentle Parasite Guard<\/strong> er specielt udviklet til katte, som er mere f\u00f8lsomme over for mange urter og \u00e6teriske olier. Denne formel <strong data-start=\"5246\" data-end=\"5301\">kombinerer gr\u00e6skarkerneolie, quassiaekstrakt og olivenbladsekstrakt<\/strong> med ekstremt lave, sikre mikrodoser af <strong data-start=\"5344\" data-end=\"5374\">lavendel og romersk kamilleolie<\/strong>. <\/p>\n<p data-start=\"5377\" data-end=\"5628\">Ingredienserne underst\u00f8tter forsigtigt tarmmilj\u00f8et og er velegnede til langvarig eller gentagen brug. Gentle Parasite Guard er ideel til f\u00f8lsomme katte, killinger (&gt;10 uger) og katte, der ikke t\u00e5ler kemiske ormemidler godt. Hvalpe og f\u00f8lsomme hunde, hvor Intense Parasite Guard er for tung, vil ogs\u00e5 reagere godt p\u00e5 dette.  <\/p>\n<ul>\n<li data-start=\"1408\" data-end=\"1515\"><strong data-start=\"1408\" data-end=\"1426\">Gr\u00e6skarkerneolie<\/strong> underst\u00f8tter tarmfunktionen og bidrager til et mindre gunstigt milj\u00f8 for orme.<\/li>\n<li data-start=\"1518\" data-end=\"1626\"><strong data-start=\"1518\" data-end=\"1537\">Quassia-ekstrakt<\/strong> indeholder bitre stoffer, der underst\u00f8tter ford\u00f8jelsen og p\u00e5virker tarmmilj\u00f8et.<\/li>\n<li data-start=\"1629\" data-end=\"1706\"><strong data-start=\"1629\" data-end=\"1649\">Olivenbladekstrakt<\/strong> hj\u00e6lper med at st\u00f8tte mikrobiel balance i tarmen.<\/li>\n<li data-start=\"1709\" data-end=\"1812\"><strong data-start=\"1709\" data-end=\"1755\">Lavendel og romersk kamille (mikrodoser)<\/strong> bidrager til en rolig, veltolereret formel.<\/li>\n<\/ul>\n<p data-start=\"5630\" data-end=\"5750\">Olien kan sikkert kombineres med <strong data-start=\"5673\" data-end=\"5705\"><a href=\"https:\/\/www.ngdcare.nl\/da\/product\/fordojelse\/nac-berberin-para-clean\/\">Para Clean<\/a><\/strong> for bredere integrativ st\u00f8tte.<\/p>\n","protected":false},"excerpt":{"rendered":"<p class=\"p1\">Gentle Parasite Guard er en mild, fuldst\u00e6ndig kattesikker olie, der underst\u00f8tter tarmbalancen hos katte med parasitisk tryk, s\u00e5som orme og Giardia. Formlen indeholder ikke h\u00e5rde \u00e6teriske olier og er tilpasset kattens unikke stofskifte. <\/p>\n","protected":false},"featured_media":12452,"comment_status":"open","ping_status":"closed","template":"","meta":{"wds_primary_product_brand":0,"wds_primary_product_cat":0,"wds_primary_merken":0},"product_brand":[],"product_cat":[3218],"product_tag":[6506,6508,6507,6505,6510,2924,6504,6509],"merken":[],"class_list":{"0":"post-12451","1":"product","2":"type-product","3":"status-publish","4":"has-post-thumbnail","6":"product_cat-aromaterapi-da","7":"product_tag-giardia-cat","8":"product_tag-kat-sikkert-kosttilskud","9":"product_tag-naturlig-ormekur-kat","10":"product_tag-orme-kat","11":"product_tag-para-clean-cat","12":"product_tag-parasitter","13":"product_tag-parasitvagt-kat","14":"product_tag-tarmbalance-kat","15":"infinite-scroll-item","16":"sales-flash-overlay","17":"woocommerce-text-align-center","18":"woocommerce-image-align-center","19":"do-quantity-buttons","21":"first","22":"instock","23":"taxable","24":"shipping-taxable","25":"purchasable","26":"product-type-simple"},"_links":{"self":[{"href":"https:\/\/www.ngdcare.nl\/da\/wp-json\/wp\/v2\/product\/12451","targetHints":{"allow":["GET"]}}],"collection":[{"href":"https:\/\/www.ngdcare.nl\/da\/wp-json\/wp\/v2\/product"}],"about":[{"href":"https:\/\/www.ngdcare.nl\/da\/wp-json\/wp\/v2\/types\/product"}],"replies":[{"embeddable":true,"href":"https:\/\/www.ngdcare.nl\/da\/wp-json\/wp\/v2\/comments?post=12451"}],"wp:featuredmedia":[{"embeddable":true,"href":"https:\/\/www.ngdcare.nl\/da\/wp-json\/wp\/v2\/media\/12452"}],"wp:attachment":[{"href":"https:\/\/www.ngdcare.nl\/da\/wp-json\/wp\/v2\/media?parent=12451"}],"wp:term":[{"taxonomy":"product_brand","embeddable":true,"href":"https:\/\/www.ngdcare.nl\/da\/wp-json\/wp\/v2\/product_brand?post=12451"},{"taxonomy":"product_cat","embeddable":true,"href":"https:\/\/www.ngdcare.nl\/da\/wp-json\/wp\/v2\/product_cat?post=12451"},{"taxonomy":"product_tag","embeddable":true,"href":"https:\/\/www.ngdcare.nl\/da\/wp-json\/wp\/v2\/product_tag?post=12451"},{"taxonomy":"merken","embeddable":true,"href":"https:\/\/www.ngdcare.nl\/da\/wp-json\/wp\/v2\/merken?post=12451"}],"curies":[{"name":"wp","href":"https:\/\/api.w.org\/{rel}","templated":true}]}}