{"id":12475,"date":"2026-01-22T22:01:40","date_gmt":"2026-01-22T21:01:40","guid":{"rendered":"https:\/\/www.ngdcare.nl\/product\/Ikke%20kategoriseret\/intens-parasitvagt\/"},"modified":"2026-04-09T14:13:22","modified_gmt":"2026-04-09T12:13:22","slug":"intens-parasitvagt","status":"publish","type":"product","link":"https:\/\/www.ngdcare.nl\/da\/product\/aromaterapi-da\/intens-parasitvagt\/","title":{"rendered":"Parasitvagt \u2013 Intens"},"content":{"rendered":"<p data-start=\"1169\" data-end=\"1488\"><strong data-start=\"1169\" data-end=\"1196\">Intense Parasite Guard<\/strong> er udviklet til hunde, der har brug for ekstra st\u00f8tte ved parasitisk stress p\u00e5 mave-tarmkanalen. Formlen indeholder en balanceret kombination af gr\u00e6skarfr\u00f8olie, quassiaekstrakt, olivenbladsekstrakt og \u00e6teriske olier som <strong data-start=\"1364\" data-end=\"1444\">oregano, timian, kanelblad, rosmarin, pebermynte, lavendel og romersk kamille<\/strong>, opl\u00f8st i MCT-olie for optimal absorption. <\/p>\n<p data-start=\"1490\" data-end=\"1797\">Disse olier er kendt for deres brede antimikrobielle og antiparasit\u00e6re egenskaber og bruges traditionelt til at underst\u00f8tte tarmmilj\u00f8et i tilf\u00e6lde af ormetryk og protozoisk belastning. P\u00e5 grund af den omhyggelige dosering forbliver moderm\u00e6lkserstatningen effektiv og sikker for hunde, hvis den anvendes korrekt. <\/p>\n<ul>\n<li data-start=\"461\" data-end=\"583\"><strong data-start=\"461\" data-end=\"479\">Oregano og timian<\/strong> bidrager til et tarmmilj\u00f8, der er mindre gunstigt for u\u00f8nskede mikroorganismer og parasitter.<\/li>\n<li data-start=\"586\" data-end=\"673\"><strong data-start=\"586\" data-end=\"600\">Kanelblad<\/strong> underst\u00f8tter den mikrobielle balance og hj\u00e6lper med at forstyrre dannelsen af biofilm.<\/li>\n<li data-start=\"676\" data-end=\"778\"><strong data-start=\"676\" data-end=\"690\">Rosmarin<\/strong> underst\u00f8tter ford\u00f8jelsen og galdefunktionen, hvilket er essentielt for en sund tarmfunktion.<\/li>\n<li data-start=\"781\" data-end=\"859\"><strong data-start=\"781\" data-end=\"794\">Pebermynte<\/strong> bidrager til normal aff\u00f8ring og reducerer ubehag.<\/li>\n<li data-start=\"862\" data-end=\"961\"><strong data-start=\"862\" data-end=\"892\">Lavendel og romersk kamille<\/strong> giver bl\u00f8dg\u00f8ring og bedre t\u00e5lbarhed af formlen.<\/li>\n<\/ul>\n<p data-start=\"1799\" data-end=\"2053\">Intense Parasite Guard er t\u00e6nkt som et <strong data-start=\"1838\" data-end=\"1862\">st\u00f8ttende middel<\/strong>, ikke som en erstatning for almindelig veterin\u00e6rbehandling, og passer perfekt ind i en <a href=\"https:\/\/www.ngdcare.nl\/da\/product\/fordojelse\/affoering-protokol\/\"><strong data-start=\"1959\" data-end=\"1987\">integrativ tarmprotokol<\/strong><\/a>, <a href=\"https:\/\/www.ngdcare.nl\/da\/product\/protokoller\/giardia-protokollen\/\">giardia-protokollen<\/a> eller for eksempel i kombination med <strong data-start=\"2020\" data-end=\"2052\"><a href=\"https:\/\/www.ngdcare.nl\/da\/product\/fordojelse\/nac-berberin-para-clean\/\">Para Clean<\/a>.<\/strong><\/p>\n<p class=\"p3\"><b>Ikke egnet til katte.<\/b><\/p>\n","protected":false},"excerpt":{"rendered":"<p><strong>NGD Care Intense Parasite Guard<\/strong> er en kraftfuld, naturlig olieformel, der underst\u00f8tter tarmbalancen hos hunde med parasitisk tryk, s\u00e5som orme og protozoer (herunder Giardia). Den omhyggeligt sammensatte blanding af \u00e6teriske olier i hundesikker dosering fungerer synergistisk med NGD Care <a href=\"https:\/\/www.ngdcare.nl\/da\/product\/fordojelse\/nac-berberin-para-clean\/\">Para Clean<\/a> eller <a href=\"https:\/\/www.ngdcare.nl\/da\/product\/protokoller\/giardia-protokollen\/\">giardia-protokollen<\/a>. <\/p>\n","protected":false},"featured_media":12477,"comment_status":"open","ping_status":"closed","template":"","meta":{"wds_primary_product_brand":0,"wds_primary_product_cat":0,"wds_primary_merken":0},"product_brand":[],"product_cat":[3218],"product_tag":[6577,6583,6581,6579,5669,2924,6573,6575],"merken":[],"class_list":{"0":"post-12475","1":"product","2":"type-product","3":"status-publish","4":"has-post-thumbnail","6":"product_cat-aromaterapi-da","7":"product_tag-giardia-hund","8":"product_tag-hundeaeterisk-olie","9":"product_tag-intestinal-protokol-hund","10":"product_tag-naturlig-ormekur","11":"product_tag-para-clean","12":"product_tag-parasitter","13":"product_tag-parasitvagthund","14":"product_tag-worms-dog","15":"infinite-scroll-item","16":"sales-flash-overlay","17":"woocommerce-text-align-center","18":"woocommerce-image-align-center","19":"do-quantity-buttons","21":"first","22":"instock","23":"taxable","24":"shipping-taxable","25":"purchasable","26":"product-type-simple"},"_links":{"self":[{"href":"https:\/\/www.ngdcare.nl\/da\/wp-json\/wp\/v2\/product\/12475","targetHints":{"allow":["GET"]}}],"collection":[{"href":"https:\/\/www.ngdcare.nl\/da\/wp-json\/wp\/v2\/product"}],"about":[{"href":"https:\/\/www.ngdcare.nl\/da\/wp-json\/wp\/v2\/types\/product"}],"replies":[{"embeddable":true,"href":"https:\/\/www.ngdcare.nl\/da\/wp-json\/wp\/v2\/comments?post=12475"}],"wp:featuredmedia":[{"embeddable":true,"href":"https:\/\/www.ngdcare.nl\/da\/wp-json\/wp\/v2\/media\/12477"}],"wp:attachment":[{"href":"https:\/\/www.ngdcare.nl\/da\/wp-json\/wp\/v2\/media?parent=12475"}],"wp:term":[{"taxonomy":"product_brand","embeddable":true,"href":"https:\/\/www.ngdcare.nl\/da\/wp-json\/wp\/v2\/product_brand?post=12475"},{"taxonomy":"product_cat","embeddable":true,"href":"https:\/\/www.ngdcare.nl\/da\/wp-json\/wp\/v2\/product_cat?post=12475"},{"taxonomy":"product_tag","embeddable":true,"href":"https:\/\/www.ngdcare.nl\/da\/wp-json\/wp\/v2\/product_tag?post=12475"},{"taxonomy":"merken","embeddable":true,"href":"https:\/\/www.ngdcare.nl\/da\/wp-json\/wp\/v2\/merken?post=12475"}],"curies":[{"name":"wp","href":"https:\/\/api.w.org\/{rel}","templated":true}]}}