{"id":12527,"date":"2026-01-22T23:14:23","date_gmt":"2026-01-22T22:14:23","guid":{"rendered":"https:\/\/www.ngdcare.nl\/product\/Ikke%20kategoriseret\/hormonbalance-mand\/"},"modified":"2026-04-12T21:36:06","modified_gmt":"2026-04-12T19:36:06","slug":"hormonbalance-mand","status":"publish","type":"product","link":"https:\/\/www.ngdcare.nl\/da\/product\/aromaterapi-da\/hormonbalance-mand\/","title":{"rendered":"Hormonbalance \u2013 Mand"},"content":{"rendered":"<p class=\"p1\">Hormonelle udsving kan f\u00f8re til rastl\u00f8shed, fiksering, dominerende adf\u00e6rd, overdreven markering eller vanskeligheder med skift hos hanhunde. Denne adf\u00e6rd er sj\u00e6ldent &#8220;oplysende&#8221;, men ofte resultatet af et <span class=\"s1\"><b>overaktivt hormonelt og stresssystem<\/b><\/span>. <\/p>\n<p class=\"p1\"><span class=\"s1\"><b>Hormonel balance \u2013 Male<\/b><\/span> er en omhyggeligt formuleret aromaterapi-rulle, der st\u00f8tter kroppen gennem disse hormonelle faser. Blandingen har en dybere effekt p\u00e5 <span class=\"s1\"><b>nervesystemet og den hormonelle stressrespons<\/b><\/span> og hj\u00e6lper hanhunde med at opleve fred, fokus og begr\u00e6nsning igen. <\/p>\n<p class=\"p1\">Sammens\u00e6tningen er bevidst <span class=\"s1\"><b>ikke-aktiverende<\/b><\/span> og fri for stimulerende citrusolier. Dette g\u00f8r rullen egnet til daglig brug i tilf\u00e6lde af hormonel uro, uden at d\u00e6mpe eller \u00e6ndre dyret. <\/p>\n<ul>\n<li class=\"p1\"><b>Cedarwood <\/b><span class=\"s1\"> \u2013 Gr\u00e6nse, Stabilitet<\/span><\/li>\n<li class=\"p1\"><span class=\"s1\"><b>Vetiver <\/b><\/span> \u2013 dyb parasympatisk aktivering<\/li>\n<li class=\"p1\"><span class=\"s1\"><b>Marjoram <\/b><\/span> \u2013 afslapning, h\u00e6mningsoveraktivering<\/li>\n<li class=\"p1\"><b>Lavendel <\/b><span class=\"s1\"> \u2013 hvile, afslapning<\/span><\/li>\n<li class=\"p1\"><b>R\u00f8gelse <\/b><span class=\"s1\">\u2013 neurohormonel regulering<\/span><\/li>\n<\/ul>\n<h4><b>St\u00f8tter i<\/b><\/h4>\n<ul>\n<li class=\"p1\">Hyperseksualitet<\/li>\n<li class=\"p1\">Dominant eller impulsiv adf\u00e6rd<\/li>\n<li class=\"p1\">Hormonel uro<\/li>\n<li class=\"p1\">D\u00e5rlig gearskift<\/li>\n<li class=\"p1\">Uro over tilstedev\u00e6relsen af t\u00e6ver i l\u00f8betid<\/li>\n<\/ul>\n","protected":false},"excerpt":{"rendered":"<p class=\"p1\">St\u00f8tter hanhunde med hormonel uro, hyperseksuel adf\u00e6rd og dominerende eller d\u00e5rlige skiftereaktioner. <span class=\"s1\"><b>Hormonbalance \u2013 Hanhunden<\/b><\/span> hj\u00e6lper med at berolige nervesystemet hos hanhunde og underst\u00f8tter naturlig indesp\u00e6rring uden bed\u00f8velse eller undertrykkelse.<\/p>\n","protected":false},"featured_media":12528,"comment_status":"open","ping_status":"closed","template":"","meta":{"wds_primary_product_brand":0,"wds_primary_product_cat":0,"wds_primary_merken":0},"product_brand":[],"product_cat":[3218],"product_tag":[6675,6673,6669,6667,6671,7848],"merken":[],"class_list":{"0":"post-12527","1":"product","2":"type-product","3":"status-publish","4":"has-post-thumbnail","6":"product_cat-aromaterapi-da","7":"product_tag-adfaerdsstotte","8":"product_tag-aromaterapihund","9":"product_tag-dominerende-hund","10":"product_tag-hormonbalance-mand","11":"product_tag-hyperseksualitetshund","12":"product_tag-stress-og-adfaerd","13":"infinite-scroll-item","14":"sales-flash-overlay","15":"woocommerce-text-align-center","16":"woocommerce-image-align-center","17":"do-quantity-buttons","19":"first","20":"instock","21":"taxable","22":"shipping-taxable","23":"purchasable","24":"product-type-simple"},"_links":{"self":[{"href":"https:\/\/www.ngdcare.nl\/da\/wp-json\/wp\/v2\/product\/12527","targetHints":{"allow":["GET"]}}],"collection":[{"href":"https:\/\/www.ngdcare.nl\/da\/wp-json\/wp\/v2\/product"}],"about":[{"href":"https:\/\/www.ngdcare.nl\/da\/wp-json\/wp\/v2\/types\/product"}],"replies":[{"embeddable":true,"href":"https:\/\/www.ngdcare.nl\/da\/wp-json\/wp\/v2\/comments?post=12527"}],"wp:featuredmedia":[{"embeddable":true,"href":"https:\/\/www.ngdcare.nl\/da\/wp-json\/wp\/v2\/media\/12528"}],"wp:attachment":[{"href":"https:\/\/www.ngdcare.nl\/da\/wp-json\/wp\/v2\/media?parent=12527"}],"wp:term":[{"taxonomy":"product_brand","embeddable":true,"href":"https:\/\/www.ngdcare.nl\/da\/wp-json\/wp\/v2\/product_brand?post=12527"},{"taxonomy":"product_cat","embeddable":true,"href":"https:\/\/www.ngdcare.nl\/da\/wp-json\/wp\/v2\/product_cat?post=12527"},{"taxonomy":"product_tag","embeddable":true,"href":"https:\/\/www.ngdcare.nl\/da\/wp-json\/wp\/v2\/product_tag?post=12527"},{"taxonomy":"merken","embeddable":true,"href":"https:\/\/www.ngdcare.nl\/da\/wp-json\/wp\/v2\/merken?post=12527"}],"curies":[{"name":"wp","href":"https:\/\/api.w.org\/{rel}","templated":true}]}}