{"id":12558,"date":"2026-01-22T23:26:52","date_gmt":"2026-01-22T22:26:52","guid":{"rendered":"https:\/\/www.ngdcare.nl\/product\/Ikke%20kategoriseret\/hormonbalance-kvinde\/"},"modified":"2026-04-12T21:35:17","modified_gmt":"2026-04-12T19:35:17","slug":"hormonbalance-kvinde","status":"publish","type":"product","link":"https:\/\/www.ngdcare.nl\/da\/product\/aromaterapi-da\/hormonbalance-kvinde\/","title":{"rendered":"Hormonbalance \u2013 Kvinde"},"content":{"rendered":"<p>Varme og falsk graviditet er naturlige processer, men kan ledsages af tydelige adf\u00e6rds- og velv\u00e6re\u00e6ndringer hos nogle t\u00e6ver. T\u00e6nk p\u00e5 usikkerhed, frygt, tilbagetr\u00e6kningsadf\u00e6rd, sl\u00f8vhed eller f\u00f8lelsesm\u00e6ssig labilitet. <\/p>\n<p class=\"p1\"><span class=\"s1\"><b>Hormonbalance \u2013 Kvindelig er <\/b><\/span>udviklet til at st\u00f8tte kroppen under disse hormonelle faser p\u00e5 en <span class=\"s1\"><b>blid og regulerende m\u00e5de<\/b><\/span> . Aromaterapiblandingen retter sig mod det <span class=\"s1\"><b>hormonelle stresssystem og den f\u00f8lelsesm\u00e6ssige stabilitet<\/b><\/span> uden at bed\u00f8ve eller forstyrre naturlige processer. <\/p>\n<p class=\"p1\">Denne rulle er egnet til midlertidig brug omkring hormonelle toppe og kan ogs\u00e5 bruges til f\u00f8lsomme eller f\u00f8lelsesm\u00e6ssigt reaktive t\u00e6ver.<\/p>\n<h4><b>Sammens\u00e6tning<\/b><\/h4>\n<ul>\n<li><strong><span class=\"s1\">Clary Sage<\/span><\/strong> \u2013 hormonel balance, regulering<\/li>\n<li class=\"p1\"><strong><span class=\"s1\">Geranium<\/span><\/strong> \u2013 endokrin og f\u00f8lelsesm\u00e6ssig stabilitet<\/li>\n<li class=\"p1\"><strong>Lavendel<\/strong> <span class=\"s1\">\u2013 fred, tryghed<\/span><\/li>\n<li class=\"p1\"><strong><span class=\"s1\">Romersk kamille <\/span><\/strong>\u2013 beroligende, f\u00f8lelsesm\u00e6ssig st\u00f8tte<\/li>\n<li class=\"p1\"><strong>R\u00f8gelse<\/strong> <span class=\"s1\"><span class=\"s1\">\u2013 integration og regulering<\/span><\/span><\/li>\n<\/ul>\n<h4><b>St\u00f8tter i<\/b><\/h4>\n<ul>\n<li class=\"p1\">Varme<\/li>\n<li class=\"p1\">Falsk graviditet<\/li>\n<li class=\"p1\">Hormonelle udsving<\/li>\n<li class=\"p1\">F\u00f8lelsesm\u00e6ssig usikkerhed<\/li>\n<li class=\"p1\">sl\u00f8vhed eller abstinensadf\u00e6rd<\/li>\n<\/ul>\n<p>&nbsp;<\/p>\n","protected":false},"excerpt":{"rendered":"<p class=\"p1\">Blid aromaterapi til at st\u00f8tte t\u00e6pper med hormonelle udsving omkring l\u00f8betid og falsk graviditet. <span class=\"s1\"><b>Hormonbalance \u2013 Kvinde <\/b><\/span>hj\u00e6lper med at balancere f\u00f8lelsesm\u00e6ssig ustabilitet, angst og sl\u00f8vhed.<\/p>\n","protected":false},"featured_media":12561,"comment_status":"open","ping_status":"closed","template":"","meta":{"wds_primary_product_brand":0,"wds_primary_product_cat":0,"wds_primary_merken":0},"product_brand":[],"product_cat":[3218],"product_tag":[6750,6749,6753,6747,6748,7848],"merken":[],"class_list":{"0":"post-12558","1":"product","2":"type-product","3":"status-publish","4":"has-post-thumbnail","6":"product_cat-aromaterapi-da","7":"product_tag-aromaterapi-kaelling","8":"product_tag-falsk-draegtig-hund","9":"product_tag-folelsesmaessig-stottehund","10":"product_tag-hormonbalance-kaelling","11":"product_tag-hund-i-lobetid","12":"product_tag-stress-og-adfaerd","13":"infinite-scroll-item","14":"sales-flash-overlay","15":"woocommerce-text-align-center","16":"woocommerce-image-align-center","17":"do-quantity-buttons","19":"first","20":"instock","21":"taxable","22":"shipping-taxable","23":"purchasable","24":"product-type-simple"},"_links":{"self":[{"href":"https:\/\/www.ngdcare.nl\/da\/wp-json\/wp\/v2\/product\/12558","targetHints":{"allow":["GET"]}}],"collection":[{"href":"https:\/\/www.ngdcare.nl\/da\/wp-json\/wp\/v2\/product"}],"about":[{"href":"https:\/\/www.ngdcare.nl\/da\/wp-json\/wp\/v2\/types\/product"}],"replies":[{"embeddable":true,"href":"https:\/\/www.ngdcare.nl\/da\/wp-json\/wp\/v2\/comments?post=12558"}],"wp:featuredmedia":[{"embeddable":true,"href":"https:\/\/www.ngdcare.nl\/da\/wp-json\/wp\/v2\/media\/12561"}],"wp:attachment":[{"href":"https:\/\/www.ngdcare.nl\/da\/wp-json\/wp\/v2\/media?parent=12558"}],"wp:term":[{"taxonomy":"product_brand","embeddable":true,"href":"https:\/\/www.ngdcare.nl\/da\/wp-json\/wp\/v2\/product_brand?post=12558"},{"taxonomy":"product_cat","embeddable":true,"href":"https:\/\/www.ngdcare.nl\/da\/wp-json\/wp\/v2\/product_cat?post=12558"},{"taxonomy":"product_tag","embeddable":true,"href":"https:\/\/www.ngdcare.nl\/da\/wp-json\/wp\/v2\/product_tag?post=12558"},{"taxonomy":"merken","embeddable":true,"href":"https:\/\/www.ngdcare.nl\/da\/wp-json\/wp\/v2\/merken?post=12558"}],"curies":[{"name":"wp","href":"https:\/\/api.w.org\/{rel}","templated":true}]}}