{"id":12579,"date":"2026-01-22T23:45:40","date_gmt":"2026-01-22T22:45:40","guid":{"rendered":"https:\/\/www.ngdcare.nl\/product\/Ikke%20kategoriseret\/digest-stoette\/"},"modified":"2026-04-12T21:32:48","modified_gmt":"2026-04-12T19:32:48","slug":"digest-stoette","status":"publish","type":"product","link":"https:\/\/www.ngdcare.nl\/da\/product\/veterinary-health\/aromaterapi-da\/digest-stoette\/","title":{"rendered":"Digest-st\u00f8tte"},"content":{"rendered":"<p>Maveproblemer opst\u00e5r ofte ikke adskilt fra stress, sp\u00e6nding eller f\u00f8lelsesm\u00e6ssig uro. Smerte, angst eller overstimulering s\u00e6tter kroppen i en stresstilstand, hvilket f\u00e5r maven til at krampe yderligere og ford\u00f8jelsen til at g\u00e5 langsommere. <strong>Digest Support-rullen<\/strong> er udviklet til at underst\u00f8tte denne interaktion. Ved at slappe af i b\u00e5de maven og nervesystemet hj\u00e6lper denne rulle kroppen med at vende tilbage til en naturlig hvile- og ford\u00f8jelsestilstand.   <\/p>\n<p class=\"p1\"><b>Formlens virkningsmekanisme  <\/b><\/p>\n<ul>\n<li class=\"p1\">Underst\u00f8ttelse af afslapning af glatte muskelv\u00e6v i maveomr\u00e5det<\/li>\n<li class=\"p1\">bidrage til reguleringen af det autonome nervesystem<\/li>\n<li class=\"p1\">Hj\u00e6lp med at reducere stress- og angstrelateret mavef\u00f8lsomhed<\/li>\n<li class=\"p1\">fremme en f\u00f8lelse af ro, tryghed og komfort<\/li>\n<li>st\u00f8tter balanceorglet<\/li>\n<\/ul>\n<p class=\"p1\">Gennem topisk p\u00e5f\u00f8ring kombineres duft, ber\u00f8ring og opm\u00e6rksomhed, hvilket bidrager til afslapning af krop og sind gennem huden og det limbiske system.<\/p>\n<p class=\"p1\"><b>Sammens\u00e6tning<\/b><\/p>\n<ul>\n<li class=\"p1\"><span class=\"s1\"><b>Pebermynte <\/b><\/span> \u2013 underst\u00f8tter en afslappet mavefornemmelse og bruges traditionelt mod kramper og sp\u00e6ndinger i mave-tarmomr\u00e5det.<\/li>\n<li class=\"p1\"><span class=\"s1\"><b>Romersk kamille <\/b><\/span> \u2013 beroligende og afslappende for en f\u00f8lsom eller sp\u00e6ndt mave.<\/li>\n<li class=\"p1\"><span class=\"s1\"><b>Ingef\u00e6r <\/b><\/span> \u2013 varmende og aromatisk, traditionelt brugt til at st\u00f8tte en glat ford\u00f8jelse og oppustethed.<\/li>\n<li class=\"p1\"><span class=\"s1\"><b>Lavendel <\/b><\/span> \u2013 st\u00f8tter afslapning i stress, angst og indre uro og bidrager til fred i nervesystemet.<\/li>\n<li class=\"p1\"><span class=\"s1\"><b>R\u00f8gelse<\/b><\/span> \u2013 underst\u00f8tter balancen i det autonome nervesystem og hj\u00e6lper med f\u00f8lelsesm\u00e6ssig og fysisk sp\u00e6nding.<\/li>\n<li data-start=\"2204\" data-end=\"2337\"><strong data-start=\"2204\" data-end=\"2219\">Helichrysum<\/strong> \u2013 underst\u00f8tter balancen og hj\u00e6lper mod kvalme og ubehag ved bev\u00e6gelse.<\/li>\n<\/ul>\n<p class=\"p1\">Digest Support Roller kan bruges til at underst\u00f8tte f\u00f8lgende:<\/p>\n<ul>\n<li class=\"p1\">mavesmerter eller sp\u00e6ndt mave<\/li>\n<li>Kramper, rumlen eller oppustethed<\/li>\n<li class=\"p1\">Stress- eller angstrelaterede maveproblemer<\/li>\n<li>Kvalme eller uro under bilture eller rejser<\/li>\n<li class=\"p1\">Afslapning for f\u00f8lsomme b\u00f8rn og hunde<\/li>\n<\/ul>\n","protected":false},"excerpt":{"rendered":"<p data-start=\"395\" data-end=\"794\"><strong>Digest Support<\/strong> er en omhyggeligt formuleret aromaterapiblanding til hunde og katte for at st\u00f8tte en rolig ford\u00f8jelse. Blandingen hj\u00e6lper mod sp\u00e6ndinger i mave-tarmomr\u00e5det, en f\u00f8lsom mave, stressrelaterede ford\u00f8jelsesproblemer og k\u00f8resyge. <\/p>\n","protected":false},"featured_media":12582,"comment_status":"open","ping_status":"closed","template":"","meta":{"wds_primary_product_brand":0,"wds_primary_product_cat":0,"wds_primary_merken":0},"product_brand":[],"product_cat":[6401,3218],"product_tag":[2120],"merken":[],"class_list":{"0":"post-12579","1":"product","2":"type-product","3":"status-publish","4":"has-post-thumbnail","6":"product_cat-aeteriske-olier","7":"product_cat-aromaterapi-da","8":"product_tag-tarm","9":"infinite-scroll-item","10":"sales-flash-overlay","11":"woocommerce-text-align-center","12":"woocommerce-image-align-center","13":"do-quantity-buttons","15":"first","16":"instock","17":"taxable","18":"shipping-taxable","19":"purchasable","20":"product-type-simple"},"_links":{"self":[{"href":"https:\/\/www.ngdcare.nl\/da\/wp-json\/wp\/v2\/product\/12579","targetHints":{"allow":["GET"]}}],"collection":[{"href":"https:\/\/www.ngdcare.nl\/da\/wp-json\/wp\/v2\/product"}],"about":[{"href":"https:\/\/www.ngdcare.nl\/da\/wp-json\/wp\/v2\/types\/product"}],"replies":[{"embeddable":true,"href":"https:\/\/www.ngdcare.nl\/da\/wp-json\/wp\/v2\/comments?post=12579"}],"wp:featuredmedia":[{"embeddable":true,"href":"https:\/\/www.ngdcare.nl\/da\/wp-json\/wp\/v2\/media\/12582"}],"wp:attachment":[{"href":"https:\/\/www.ngdcare.nl\/da\/wp-json\/wp\/v2\/media?parent=12579"}],"wp:term":[{"taxonomy":"product_brand","embeddable":true,"href":"https:\/\/www.ngdcare.nl\/da\/wp-json\/wp\/v2\/product_brand?post=12579"},{"taxonomy":"product_cat","embeddable":true,"href":"https:\/\/www.ngdcare.nl\/da\/wp-json\/wp\/v2\/product_cat?post=12579"},{"taxonomy":"product_tag","embeddable":true,"href":"https:\/\/www.ngdcare.nl\/da\/wp-json\/wp\/v2\/product_tag?post=12579"},{"taxonomy":"merken","embeddable":true,"href":"https:\/\/www.ngdcare.nl\/da\/wp-json\/wp\/v2\/merken?post=12579"}],"curies":[{"name":"wp","href":"https:\/\/api.w.org\/{rel}","templated":true}]}}