{"id":12660,"date":"2026-01-23T09:03:13","date_gmt":"2026-01-23T08:03:13","guid":{"rendered":"https:\/\/www.ngdcare.nl\/product\/Ikke%20kategoriseret\/loppe-og-flaatbeskytter-mild\/"},"modified":"2026-01-26T21:11:43","modified_gmt":"2026-01-26T20:11:43","slug":"loppe-og-flaatbeskytter-mild","status":"publish","type":"product","link":"https:\/\/www.ngdcare.nl\/da\/product\/veterinary-health\/aromaterapi-da\/loppe-og-flaatbeskytter-mild\/","title":{"rendered":"Loppe- og fl\u00e5tbeskytter \u2013 Mild"},"content":{"rendered":"<p class=\"p1\"><span class=\"s1\"><b>Gentle Flea and Tick Guard <\/b><\/span>fra NGD Care er en ekstra mild, <span class=\"s1\"><b>katte-sikker naturlig insektspray<\/b><\/span>, specielt udviklet til katte, hvalpe og andre dyr, der er f\u00f8lsomme over for dufte eller intensive formuleringer. Formlen bruger <span class=\"s1\"><b>lavendelhydrolat<\/b><\/span>, <span class=\"s1\"><b>meget lave doser cedertr\u00e6 og pelargoni,<\/b><\/span> kombineret med <span class=\"s1\"><b>quassia-ekstrakt<\/b><\/span> og en mikrom\u00e6ngde <span class=\"s1\"><b>neem<\/b><\/span>, hvilket g\u00f8r produktet effektivt mod lopper og milj\u00f8insekter uden den typiske byrde, som mange \u00e6teriske olier til katte medf\u00f8rer. <\/p>\n<p class=\"p1\">Katte har en unik leverafgiftning (glucuronidation), hvilket g\u00f8r mange \u00e6teriske olier uegnede i normale koncentrationer. Gentle Bug Guard er derfor omhyggeligt formuleret\u2122 med <span class=\"s1\"><b>katte-sikre mikrodoser<\/b><\/span> og hydrosoler, der bidrager til naturlige insektforsvar, men ikke overbelaster leveren eller nervesystemet. <\/p>\n<p class=\"p1\">Sprayen st\u00f8tter katte under perioder med \u00f8get loppeaktivitet, i huslige situationer med andre dyr eller hos katte med sensitiv hud, der ikke t\u00e5ler kemikalier godt. P\u00e5 grund af de st\u00e6rke duftprofiler af cedertr\u00e6, pelargonium og quassia <span class=\"s1\"><b>forstyrres loppernes og bidende insekters orienteringsadf\u00e6rd<\/b><\/span>, hvilket g\u00f8r katte mindre attraktive for parasitter. <\/p>\n<p class=\"p1\"><a href=\"https:\/\/www.ngdcare.nl\/ga\/product\/cumhartheiripe\/flea-dian-agus-garda-tic\/\"><span class=\"s1\"><b>Intense Flea and Tick Guard <\/b><\/span><\/a>indeholder mere potente botaniske ekstrakter (herunder nellike, PMD, palmarosa, cedertr\u00e6), som er specielt udviklet til brug p\u00e5 <strong>hunde<\/strong> og <span class=\"s1\"><b>i milj\u00f8et<\/b><\/span>, men <span class=\"s1\"><b>ikke direkte p\u00e5 katte<\/b><\/span>. S\u00e5 brug kun Intense-sprayen <span class=\"s1\"><b>i omgivelserne<\/b><\/span>, og forts\u00e6t med at p\u00e5f\u00f8re Gentle spray p\u00e5 katten.<\/p>\n","protected":false},"excerpt":{"rendered":"<p class=\"p1\"><strong>Gentle Flea and Tick Guard<\/strong> er en mild, sikker og naturlig insektspray til katte og unge f\u00f8lsomme dyr. Denne formel indeholder lavendel hydrosol, cedertr\u00e6, pelargonium i mikrodosis, neem og quassia for forsigtigt at st\u00f8tte katte mod lopper og milj\u00f8insekter. Designet til f\u00f8lsomme katte og daglig brug.  <\/p>\n","protected":false},"featured_media":12664,"comment_status":"open","ping_status":"closed","template":"","meta":{"wds_primary_product_brand":0,"wds_primary_product_cat":0,"wds_primary_merken":0},"product_brand":[],"product_cat":[3218],"product_tag":[6819,6829,6818,6822,6820,6824,6836,6826,6834,2924,6831],"merken":[],"class_list":{"0":"post-12660","1":"product","2":"type-product","3":"status-publish","4":"has-post-thumbnail","6":"product_cat-aromaterapi-da","7":"product_tag-bug-guard","8":"product_tag-cedertraesspraykat","9":"product_tag-insektmiddel","10":"product_tag-insektspray-kat","11":"product_tag-kattespray","12":"product_tag-lopper-kat","13":"product_tag-lopper-og-flatspray-kat","14":"product_tag-naturlig-kattepleje","15":"product_tag-naturlige-forsvar","16":"product_tag-parasitter","17":"product_tag-quassia-kat","18":"infinite-scroll-item","19":"sales-flash-overlay","20":"woocommerce-text-align-center","21":"woocommerce-image-align-center","22":"do-quantity-buttons","24":"first","25":"instock","26":"taxable","27":"shipping-taxable","28":"purchasable","29":"product-type-simple"},"_links":{"self":[{"href":"https:\/\/www.ngdcare.nl\/da\/wp-json\/wp\/v2\/product\/12660","targetHints":{"allow":["GET"]}}],"collection":[{"href":"https:\/\/www.ngdcare.nl\/da\/wp-json\/wp\/v2\/product"}],"about":[{"href":"https:\/\/www.ngdcare.nl\/da\/wp-json\/wp\/v2\/types\/product"}],"replies":[{"embeddable":true,"href":"https:\/\/www.ngdcare.nl\/da\/wp-json\/wp\/v2\/comments?post=12660"}],"wp:featuredmedia":[{"embeddable":true,"href":"https:\/\/www.ngdcare.nl\/da\/wp-json\/wp\/v2\/media\/12664"}],"wp:attachment":[{"href":"https:\/\/www.ngdcare.nl\/da\/wp-json\/wp\/v2\/media?parent=12660"}],"wp:term":[{"taxonomy":"product_brand","embeddable":true,"href":"https:\/\/www.ngdcare.nl\/da\/wp-json\/wp\/v2\/product_brand?post=12660"},{"taxonomy":"product_cat","embeddable":true,"href":"https:\/\/www.ngdcare.nl\/da\/wp-json\/wp\/v2\/product_cat?post=12660"},{"taxonomy":"product_tag","embeddable":true,"href":"https:\/\/www.ngdcare.nl\/da\/wp-json\/wp\/v2\/product_tag?post=12660"},{"taxonomy":"merken","embeddable":true,"href":"https:\/\/www.ngdcare.nl\/da\/wp-json\/wp\/v2\/merken?post=12660"}],"curies":[{"name":"wp","href":"https:\/\/api.w.org\/{rel}","templated":true}]}}