{"id":12674,"date":"2026-01-23T09:13:52","date_gmt":"2026-01-23T08:13:52","guid":{"rendered":"https:\/\/www.ngdcare.nl\/product\/Ikke%20kategoriseret\/itch-support\/"},"modified":"2026-04-09T14:03:36","modified_gmt":"2026-04-09T12:03:36","slug":"itch-support","status":"publish","type":"product","link":"https:\/\/www.ngdcare.nl\/da\/product\/veterinary-health\/aromaterapi-da\/itch-support\/","title":{"rendered":"Itch Support"},"content":{"rendered":"<p data-start=\"966\" data-end=\"1279\">NGD Care <strong>Itch Support<\/strong> er en omhyggeligt sammensat, vandbaseret spray, der naturligt st\u00f8tter huden p\u00e5 hunde og katte ved kl\u00f8e og irritation. Formlen kombinerer <strong data-start=\"1153\" data-end=\"1201\">fire kraftfulde, men milde \u00e6teriske olier<\/strong> med <strong data-start=\"1206\" data-end=\"1245\">kolloidalt havremel (Avena sativa)<\/strong> og <strong data-start=\"1249\" data-end=\"1278\">koncentreret aloe vera<\/strong>. Alle ingredienser med dokumenteret st\u00f8ttende effekt, uden un\u00f8dvendige tils\u00e6tningsstoffer.  <\/p>\n<ul>\n<li data-start=\"2307\" data-end=\"2415\"><strong data-start=\"2307\" data-end=\"2344\">Lavendel <\/strong> \u2013 underst\u00f8tter hudens afslapning og hj\u00e6lper med stimulusoverf\u00f8rsel<\/li>\n<li data-start=\"2418\" data-end=\"2519\"><strong data-start=\"2418\" data-end=\"2453\">Copaiba <\/strong> \u2013 underst\u00f8tter den naturlige regulering af inflammatoriske processer<\/li>\n<li data-start=\"2522\" data-end=\"2620\"><strong data-start=\"2522\" data-end=\"2555\">Blue Tansy <\/strong> \u2013 indeholder chamazulene, kendt for sine beroligende egenskaber<\/li>\n<li data-start=\"2623\" data-end=\"2685\"><strong data-start=\"2623\" data-end=\"2647\">Helichrysum <\/strong> \u2013 underst\u00f8tter hudreparation og balance<\/li>\n<li data-start=\"2716\" data-end=\"2828\"><strong data-start=\"2716\" data-end=\"2755\">Havremel <\/strong> \u2013 rig p\u00e5 avenantramider, kendt for deres hudberoligende egenskaber<\/li>\n<li data-start=\"2831\" data-end=\"2923\"><strong data-start=\"2831\" data-end=\"2858\">Aloe vera<\/strong> \u2013 koncentreret st\u00f8tte for fugt og hudkomfort<\/li>\n<\/ul>\n<p data-start=\"1498\" data-end=\"1550\">Denne spray kan bruges til at underst\u00f8tte f\u00f8lgende:<\/p>\n<ul>\n<li data-start=\"1553\" data-end=\"1595\">Kl\u00f8e p\u00e5 grund af allergi eller overf\u00f8lsomhed<\/li>\n<li data-start=\"1598\" data-end=\"1629\">R\u00f8dme og irriteret hud<\/li>\n<li data-start=\"1632\" data-end=\"1666\">Insektbid eller kontaktreaktioner<\/li>\n<li data-start=\"1669\" data-end=\"1700\">S\u00e6sonbestemte hudklager<\/li>\n<li data-start=\"1703\" data-end=\"1740\">T\u00f8r, stram eller sensitiv hud<\/li>\n<\/ul>\n<p data-start=\"1742\" data-end=\"1777\">Velegnet til <strong>mennesker, hunde og katte<\/strong>. Kl\u00f8est\u00f8tten passer godt ind i vores <a href=\"https:\/\/www.ngdcare.nl\/da\/product\/protokoller\/skin-protokol\/\">hudprotokol<\/a> som symptomlindring. <\/p>\n","protected":false},"excerpt":{"rendered":"<p>En mild, men effektiv kl\u00f8espray til hunde og katte, udviklet af \u00e6teriske olier og planteekstrakter. Intense Itch Support Spray st\u00f8tter hudens naturlige restitution og hj\u00e6lper med at lindre kl\u00f8e, r\u00f8dme og hudirritation for\u00e5rsaget af allergier, insektbid eller sensitiv hud. <\/p>\n","protected":false},"featured_media":12678,"comment_status":"open","ping_status":"closed","template":"","meta":{"wds_primary_product_brand":0,"wds_primary_product_cat":0,"wds_primary_merken":0},"product_brand":[],"product_cat":[3218,6401],"product_tag":[6908,6901,6907,6905,7859,6902,6894,6896,6897,2637,6899],"merken":[],"class_list":{"0":"post-12674","1":"product","2":"type-product","3":"status-publish","4":"has-post-thumbnail","6":"product_cat-aromaterapi-da","7":"product_cat-aeteriske-olier","8":"product_tag-aeteriske-olier-for-dyr","9":"product_tag-allergihund","10":"product_tag-aloe-vera","11":"product_tag-avena-sativa","12":"product_tag-hud-og-allergi","13":"product_tag-hudirritationskat","14":"product_tag-kloende-hund","15":"product_tag-kloende-kat","16":"product_tag-naturlig-kloespray","17":"product_tag-ngd-pleje","18":"product_tag-sensitiv-hud-hund","19":"infinite-scroll-item","20":"sales-flash-overlay","21":"woocommerce-text-align-center","22":"woocommerce-image-align-center","23":"do-quantity-buttons","25":"first","26":"instock","27":"taxable","28":"shipping-taxable","29":"purchasable","30":"product-type-simple"},"_links":{"self":[{"href":"https:\/\/www.ngdcare.nl\/da\/wp-json\/wp\/v2\/product\/12674","targetHints":{"allow":["GET"]}}],"collection":[{"href":"https:\/\/www.ngdcare.nl\/da\/wp-json\/wp\/v2\/product"}],"about":[{"href":"https:\/\/www.ngdcare.nl\/da\/wp-json\/wp\/v2\/types\/product"}],"replies":[{"embeddable":true,"href":"https:\/\/www.ngdcare.nl\/da\/wp-json\/wp\/v2\/comments?post=12674"}],"wp:featuredmedia":[{"embeddable":true,"href":"https:\/\/www.ngdcare.nl\/da\/wp-json\/wp\/v2\/media\/12678"}],"wp:attachment":[{"href":"https:\/\/www.ngdcare.nl\/da\/wp-json\/wp\/v2\/media?parent=12674"}],"wp:term":[{"taxonomy":"product_brand","embeddable":true,"href":"https:\/\/www.ngdcare.nl\/da\/wp-json\/wp\/v2\/product_brand?post=12674"},{"taxonomy":"product_cat","embeddable":true,"href":"https:\/\/www.ngdcare.nl\/da\/wp-json\/wp\/v2\/product_cat?post=12674"},{"taxonomy":"product_tag","embeddable":true,"href":"https:\/\/www.ngdcare.nl\/da\/wp-json\/wp\/v2\/product_tag?post=12674"},{"taxonomy":"merken","embeddable":true,"href":"https:\/\/www.ngdcare.nl\/da\/wp-json\/wp\/v2\/merken?post=12674"}],"curies":[{"name":"wp","href":"https:\/\/api.w.org\/{rel}","templated":true}]}}