{"id":12797,"date":"2026-01-25T22:17:39","date_gmt":"2026-01-25T21:17:39","guid":{"rendered":"https:\/\/www.ngdcare.nl\/product\/Ikke%20kategoriseret\/sorgstoette\/"},"modified":"2026-01-26T20:57:04","modified_gmt":"2026-01-26T19:57:04","slug":"sorgstoette","status":"publish","type":"product","link":"https:\/\/www.ngdcare.nl\/da\/product\/aromaterapi-da\/sorgstoette\/","title":{"rendered":"Sorgst\u00f8tte"},"content":{"rendered":"<p data-start=\"375\" data-end=\"745\">Tab, forandring eller afsked kan have en dyb indvirkning p\u00e5 dyr. T\u00e6nk p\u00e5 tabet af en ven, en flytning, \u00e6ndring i familiesammens\u00e6tning eller langvarigt frav\u00e6r af en betroet person. <br data-start=\"585\" data-end=\"588\"><strong data-start=\"588\" data-end=\"605\">Grief Support<\/strong> er en omhyggeligt sammensat aromaterapiblanding, der blidt st\u00f8tter dyr i <strong data-start=\"700\" data-end=\"744\">sorg, sorg og f\u00f8lelsesm\u00e6ssig dysregulering<\/strong>.<\/p>\n<p data-start=\"747\" data-end=\"889\">Denne blanding har ikke en narkotisk effekt, men <strong data-start=\"785\" data-end=\"828\">er beroligende, beroligende og stabiliserende<\/strong>, og hj\u00e6lper dyr med at bearbejde f\u00f8lelser i deres eget tempo.<\/p>\n<h4 data-start=\"896\" data-end=\"927\"><strong data-start=\"900\" data-end=\"927\">Sammens\u00e6tning<\/strong><\/h4>\n<ul>\n<li data-start=\"931\" data-end=\"1044\"><strong data-start=\"931\" data-end=\"960\">Wild Orange<\/strong> \u2013 Bringer lethed og bl\u00f8dhed, underst\u00f8tter dysterhed og f\u00f8lelsesm\u00e6ssig tyngde<\/li>\n<li data-start=\"1047\" data-end=\"1149\"><strong data-start=\"1047\" data-end=\"1073\">R\u00f8gelse<\/strong> \u2013 Hj\u00e6lper med indre fred, bearbejdning og slip p\u00e5 dyb sorg<\/li>\n<li data-start=\"1152\" data-end=\"1236\"><strong data-start=\"1152\" data-end=\"1165\">Patchouli<\/strong> \u2013 Jordforbindelse og stabilisering i f\u00f8lelsesm\u00e6ssig dysregulering og usikkerhed<\/li>\n<li data-start=\"1239\" data-end=\"1327\"><strong data-start=\"1239\" data-end=\"1251\">Lavendel<\/strong> \u2013 Beroliger nervesystemet, lindrer sp\u00e6ndinger og indre uro<\/li>\n<li data-start=\"1330\" data-end=\"1408\"><strong data-start=\"1330\" data-end=\"1347\">Myrrh<\/strong> \u2013 Underst\u00f8tter dybe sorgprocesser og f\u00f8lelsesm\u00e6ssig heling<\/li>\n<li data-start=\"1411\" data-end=\"1509\"><strong data-start=\"1411\" data-end=\"1446\">Romersk kamille<\/strong> \u2013 Blidt tr\u00f8stende, afslappende og tryg med intense f\u00f8lelser<\/li>\n<\/ul>\n<p>Sammen danner disse olier en <strong data-start=\"1539\" data-end=\"1587\">varm, omsluttende og f\u00f8lelsesm\u00e6ssigt st\u00f8ttende helhed<\/strong>.<\/p>\n<p data-start=\"1622\" data-end=\"1659\">Sorgst\u00f8tte kan bruges til:<\/p>\n<ul>\n<li data-start=\"1663\" data-end=\"1701\">Sorg efter tabet af et dyr eller menneske<\/li>\n<li data-start=\"1704\" data-end=\"1773\">\u00c6ndringer i familien (skilsmisse, d\u00f8d, nyt familiemedlem)<\/li>\n<li data-start=\"1776\" data-end=\"1824\">Tilbagetrukket adf\u00e6rd eller f\u00f8lelsesm\u00e6ssig fladl\u00e6gning<\/li>\n<li data-start=\"1827\" data-end=\"1881\">Angst eller tristhed uden nogen \u00e5benlys fysisk \u00e5rsag<\/li>\n<li data-start=\"1884\" data-end=\"1928\">Overgangsperioder med f\u00f8lelsesm\u00e6ssig belastning<\/li>\n<\/ul>\n","protected":false},"excerpt":{"rendered":"<p data-start=\"3010\" data-end=\"3145\">En blid aromaterapiblanding, der st\u00f8tter hunde og katte i sorg, tab og f\u00f8lelsesm\u00e6ssig bearbejdning. Tr\u00f8stende, jordn\u00e6re og beroligende. <\/p>\n","protected":false},"featured_media":12799,"comment_status":"open","ping_status":"closed","template":"","meta":{"wds_primary_product_brand":0,"wds_primary_product_cat":0,"wds_primary_merken":0},"product_brand":[],"product_cat":[3218],"product_tag":[],"merken":[],"class_list":{"0":"post-12797","1":"product","2":"type-product","3":"status-publish","4":"has-post-thumbnail","6":"product_cat-aromaterapi-da","7":"infinite-scroll-item","8":"sales-flash-overlay","9":"woocommerce-text-align-center","10":"woocommerce-image-align-center","11":"do-quantity-buttons","13":"first","14":"instock","15":"taxable","16":"shipping-taxable","17":"purchasable","18":"product-type-variable"},"_links":{"self":[{"href":"https:\/\/www.ngdcare.nl\/da\/wp-json\/wp\/v2\/product\/12797","targetHints":{"allow":["GET"]}}],"collection":[{"href":"https:\/\/www.ngdcare.nl\/da\/wp-json\/wp\/v2\/product"}],"about":[{"href":"https:\/\/www.ngdcare.nl\/da\/wp-json\/wp\/v2\/types\/product"}],"replies":[{"embeddable":true,"href":"https:\/\/www.ngdcare.nl\/da\/wp-json\/wp\/v2\/comments?post=12797"}],"wp:featuredmedia":[{"embeddable":true,"href":"https:\/\/www.ngdcare.nl\/da\/wp-json\/wp\/v2\/media\/12799"}],"wp:attachment":[{"href":"https:\/\/www.ngdcare.nl\/da\/wp-json\/wp\/v2\/media?parent=12797"}],"wp:term":[{"taxonomy":"product_brand","embeddable":true,"href":"https:\/\/www.ngdcare.nl\/da\/wp-json\/wp\/v2\/product_brand?post=12797"},{"taxonomy":"product_cat","embeddable":true,"href":"https:\/\/www.ngdcare.nl\/da\/wp-json\/wp\/v2\/product_cat?post=12797"},{"taxonomy":"product_tag","embeddable":true,"href":"https:\/\/www.ngdcare.nl\/da\/wp-json\/wp\/v2\/product_tag?post=12797"},{"taxonomy":"merken","embeddable":true,"href":"https:\/\/www.ngdcare.nl\/da\/wp-json\/wp\/v2\/merken?post=12797"}],"curies":[{"name":"wp","href":"https:\/\/api.w.org\/{rel}","templated":true}]}}