{"id":15012,"date":"2026-02-10T14:18:57","date_gmt":"2026-02-10T13:18:57","guid":{"rendered":"https:\/\/www.ngdcare.nl\/product\/Ikke%20kategoriseret\/intracellulaer-mikrobeprotokol\/"},"modified":"2026-05-02T15:48:46","modified_gmt":"2026-05-02T13:48:46","slug":"intracellulaer-mikrobeprotokol","status":"publish","type":"product","link":"https:\/\/www.ngdcare.nl\/da\/product\/veterinary-health\/protokoller\/intracellulaer-mikrobeprotokol\/","title":{"rendered":"Intracellul\u00e6r mikrobeprotokol"},"content":{"rendered":"<p data-start=\"379\" data-end=\"631\"><strong data-start=\"637\" data-end=\"672\">Intracellul\u00e6r Mikrobeprotokol<\/strong> er udviklet til hunde og katte, der ikke kommer sig tilstr\u00e6kkeligt efter infektioner eller fortsat lider af kroniske, varierende eller uforklarlige klager. Nogle mikroorganismer kan gemme sig inde i kroppens celler, hvilket g\u00f8r det sv\u00e6rt for immunsystemet at n\u00e5 dem. Dette kan f\u00f8re til langvarige eller tilbagevendende symptomer, selv efter at en infektion tilsyneladende er blevet behandlet. Protokollen fokuserer ikke kun p\u00e5 mikroben, men is\u00e6r p\u00e5 kroppen, der har v\u00e6ret under pres i lang tid.   <\/p>\n<p data-start=\"985\" data-end=\"1264\">Intracellul\u00e6re mikrober er mikroorganismer, der midlertidigt eller p\u00e5 lang sigt s\u00e6tter sig fast i kroppens celler. Eksempler inkluderer Borrelia, Ehrlichia, Anaplasma, Bartonella, Leishmania, Babesia, Toxoplasma og postinfekti\u00f8s restbelastning efter virusinfektioner. <\/p>\n<p data-start=\"1266\" data-end=\"1391\">Denne byrde kan f\u00f8re til kronisk immunaktivering, lavgradig inflammation og forstyrrelse af energistyringen.<\/p>\n<h4 data-start=\"1398\" data-end=\"1431\">Hvorfor en faseopdelt tilgang?<\/h4>\n<p data-start=\"1432\" data-end=\"1617\">Ved langvarig intracellul\u00e6r belastning er kroppen ofte kontinuerligt &#8220;t\u00e6ndt&#8221;. Uden f\u00f8rst at skabe fred og stabilitet kan yderligere st\u00f8tte f\u00f8re til dysregulering eller tilbagefald. <\/p>\n<p data-start=\"1619\" data-end=\"1789\">Derfor arbejder NGD Care Intracellular Microbe Protocol med en <strong data-start=\"1689\" data-end=\"1733\">omhyggeligt konstrueret, faseopdelt tilgang <\/strong>, der st\u00f8tter kroppen trin for trin i restitutionen. I alt varer denne protokol i 20 uger. <\/p>\n<h4 data-start=\"1796\" data-end=\"1845\">Strukturen af den intracellul\u00e6re mikrobeprotokol<\/h4>\n<p><strong>Fase 1 \u2013 Immun- og inflammationsstabilisering<\/strong> (4 uger)<\/p>\n<ul>\n<li>I denne fase er kroppen beroliget og forberedt p\u00e5 n\u00e6ste skridt.<\/li>\n<li>St\u00f8tte med:\n<ul>\n<li><strong data-start=\"2017\" data-end=\"2033\">Laktoferrin<\/strong> \u2013 Underst\u00f8tter immunbalancen og makrofagfunktionen og hj\u00e6lper med at regulere overdrevne inflammatoriske reaktioner.<\/li>\n<li><strong data-start=\"2085\" data-end=\"2129\">Myco Immune Complex (Mushroom Mix 1)<\/strong> \u2013 Virker immunmodulerende og hj\u00e6lper med at balancere immunsystemet uden at overstimulere.<\/li>\n<li><strong data-start=\"2153\" data-end=\"2172\">PEA-kompleks (PEA &amp; Boswellia)<\/strong> \u2013 Underst\u00f8tter nervesystemet og har en antiinflammatorisk effekt p\u00e5 kronisk immun- og stressbelastning.<\/li>\n<\/ul>\n<\/li>\n<\/ul>\n<p><span style=\"font-size: inherit;\"><strong>Fase 2 \u2013 Kontrolleret mikrobiel belastningsst\u00f8tte<\/strong> (8 uger)<\/span><\/p>\n<ul>\n<li data-start=\"2323\" data-end=\"2441\">N\u00e5r kroppen er stabil, st\u00f8ttes den p\u00e5 en kontrolleret m\u00e5de i at reducere intracellul\u00e6r stress.<\/li>\n<li>St\u00f8tte med:\n<ul>\n<li data-start=\"2468\" data-end=\"2545\"><strong data-start=\"2468\" data-end=\"2487\">Para Reset (NAC &amp; Berberin)<\/strong> \u2013 Underst\u00f8tter produktionen af glutathion og hj\u00e6lper med at forstyrre beskyttende strukturer omkring mikrober.<\/li>\n<li data-start=\"2468\" data-end=\"2545\"><strong style=\"font-size: inherit;\" data-start=\"2548\" data-end=\"2584\">\u00c6teriske olier Mikrobebeskytter<\/strong>\n<ul>\n<li data-start=\"2468\" data-end=\"2545\">St\u00f8t kroppens mikrobielle balance gennem to forskellige virkningsmekanismer:\n<ul>\n<li data-start=\"2591\" data-end=\"2627\">Oral: <span class=\"s1\">systemisk st\u00f8tte til mikrobiel ubalance.<\/span><\/li>\n<li data-start=\"2591\" data-end=\"2627\">Diffuser: til hud- og \u00e5ndedr\u00e6tsst\u00f8tte, uden at belaste leveren og ford\u00f8jelsessystemet.<\/li>\n<\/ul>\n<\/li>\n<\/ul>\n<\/li>\n<li><strong data-start=\"2768\" data-end=\"2821\">Lactoferrin <\/strong>\u2013 Forts\u00e6tter med at st\u00f8tte immunreguleringen og hj\u00e6lper med at kontrollere inflammatoriske reaktioner.<\/li>\n<li><strong data-start=\"2768\" data-end=\"2821\">Myco-immunst\u00f8tte \u2013 <\/strong>Forts\u00e6tter med at bidrage til en balanceret immunrespons i denne fase.<\/li>\n<li><strong data-start=\"2768\" data-end=\"2821\">PEA-kompleks <\/strong>\u2013 Forts\u00e6tter med at underst\u00f8tte inflammationsh\u00e6mning og stressregulering for at forhindre tilbagefald.<\/li>\n<li>Valgfrit: <a href=\"https:\/\/www.natuurlijkgezondedieren.nl\/ozontherapie\/\"><strong>Ozonterapi<\/strong><\/a> eller (i samr\u00e5d med dyrl\u00e6gen) konventionel medicin, altid indlejret i protokollen.<\/li>\n<\/ul>\n<\/li>\n<\/ul>\n<p><strong>Fase 3 \u2013 Restitution og modstandsdygtighed<\/strong> (8 uger)<\/p>\n<ul>\n<li data-start=\"3012\" data-end=\"3092\">Den sidste fase fokuserer p\u00e5 at genoprette energi, modstandsdygtighed og vitalitet.<\/li>\n<li data-start=\"3012\" data-end=\"3092\">St\u00f8tte med:\n<ul>\n<li data-start=\"3119\" data-end=\"3159\"><strong data-start=\"3119\" data-end=\"3157\">Levetidsst\u00f8tte <\/strong>(NAD\u207a \/ Resveratrol \/ Ergothionein) \u2013 Underst\u00f8tter mitokondriefunktion og cellul\u00e6r energiproduktion under langvarig belastning.<\/li>\n<li data-start=\"3162\" data-end=\"3178\"><strong data-start=\"3162\" data-end=\"3176\">Glutathion <\/strong>\u2013 Vigtig kroppens egen antioxidant, der hj\u00e6lper med at reducere oxidativt stress og rense rester.<\/li>\n<li data-start=\"3181\" data-end=\"3197\"><strong data-start=\"3181\" data-end=\"3197\">Coenzym Q10 <\/strong>\u2013 Underst\u00f8tter energiproduktion i muskler og organer og bidrager til genopretning af vitalitet og modstandsdygtighed.<\/li>\n<\/ul>\n<\/li>\n<\/ul>\n<h4>Hvem er denne protokol egnet til?<\/h4>\n<ul>\n<li>Dyr med kroniske eller varierende klager<\/li>\n<li>Dyr, der ikke kommer sig tilstr\u00e6kkeligt efter infektioner<\/li>\n<li>Importhunde med uforklarlige symptomer<\/li>\n<li>Dyr med diagnosen intracellul\u00e6re bakterier eller protozoer<\/li>\n<li>Dyr med diagnosen kronisk virusinfektion<\/li>\n<\/ul>\n<p><strong>Pakken indeholder tilskud, der er tilstr\u00e6kkelige til 20 uger til hunde p\u00e5 10-30 kg. I alt f\u00e5r du 3x lactoferrin, 3x myco-immunst\u00f8tte, 3x PEA-kompleks, 2x para-reset, 1x mikrobe-guard intern, 1x microbe-guard diffuser, 2x sustain-st\u00f8tte, 2x glutathion, 2x coenzym Q10.   <\/strong><\/p>\n","protected":false},"excerpt":{"rendered":"<p data-start=\"540\" data-end=\"879\"><strong data-start=\"544\" data-end=\"588\">NGD Care Intracellular Microbe Protocol<\/strong> er en integrativ genopretningsprotokol for hunde og katte med kroniske intracellul\u00e6re mikrobielle infektioner. Protokollen st\u00f8tter immunsystemet, reducerer lavgradig inflammation og hj\u00e6lper kroppen med at komme sig p\u00e5 celle- og mitokondrieniveau. <\/p>\n","protected":false},"featured_media":19113,"comment_status":"open","ping_status":"closed","template":"","meta":{"wds_primary_product_brand":0,"wds_primary_product_cat":0,"wds_primary_merken":0},"product_brand":[],"product_cat":[2526],"product_tag":[7341,7344,7342,7339,7340,7346,7345,7338,7349,7343,7347,7348,2924],"merken":[],"class_list":{"0":"post-15012","1":"product","2":"type-product","3":"status-publish","4":"has-post-thumbnail","6":"product_cat-protokoller","7":"product_tag-anaplasma","8":"product_tag-babesia","9":"product_tag-bartonella","10":"product_tag-borrelia","11":"product_tag-ehrlichia","12":"product_tag-gendannelsesprotokol","13":"product_tag-immunprotokol","14":"product_tag-intracellulaere-infektioner","15":"product_tag-kroniske-klager-hund","16":"product_tag-leishmania","17":"product_tag-mitokondriel-genopretning","18":"product_tag-ozonterapi","19":"product_tag-parasitter","20":"infinite-scroll-item","21":"sales-flash-overlay","22":"woocommerce-text-align-center","23":"woocommerce-image-align-center","24":"do-quantity-buttons","26":"first","27":"instock","28":"sale","29":"taxable","30":"shipping-taxable","31":"purchasable","32":"product-type-simple"},"_links":{"self":[{"href":"https:\/\/www.ngdcare.nl\/da\/wp-json\/wp\/v2\/product\/15012","targetHints":{"allow":["GET"]}}],"collection":[{"href":"https:\/\/www.ngdcare.nl\/da\/wp-json\/wp\/v2\/product"}],"about":[{"href":"https:\/\/www.ngdcare.nl\/da\/wp-json\/wp\/v2\/types\/product"}],"replies":[{"embeddable":true,"href":"https:\/\/www.ngdcare.nl\/da\/wp-json\/wp\/v2\/comments?post=15012"}],"wp:featuredmedia":[{"embeddable":true,"href":"https:\/\/www.ngdcare.nl\/da\/wp-json\/wp\/v2\/media\/19113"}],"wp:attachment":[{"href":"https:\/\/www.ngdcare.nl\/da\/wp-json\/wp\/v2\/media?parent=15012"}],"wp:term":[{"taxonomy":"product_brand","embeddable":true,"href":"https:\/\/www.ngdcare.nl\/da\/wp-json\/wp\/v2\/product_brand?post=15012"},{"taxonomy":"product_cat","embeddable":true,"href":"https:\/\/www.ngdcare.nl\/da\/wp-json\/wp\/v2\/product_cat?post=15012"},{"taxonomy":"product_tag","embeddable":true,"href":"https:\/\/www.ngdcare.nl\/da\/wp-json\/wp\/v2\/product_tag?post=15012"},{"taxonomy":"merken","embeddable":true,"href":"https:\/\/www.ngdcare.nl\/da\/wp-json\/wp\/v2\/merken?post=15012"}],"curies":[{"name":"wp","href":"https:\/\/api.w.org\/{rel}","templated":true}]}}