{"id":19400,"date":"2026-05-07T22:44:34","date_gmt":"2026-05-07T20:44:34","guid":{"rendered":"https:\/\/www.ngdcare.nl\/product\/Ikke kategoriseret\/shilait\/"},"modified":"2026-05-07T22:44:34","modified_gmt":"2026-05-07T20:44:34","slug":"shilait","status":"publish","type":"product","link":"https:\/\/www.ngdcare.nl\/da\/product\/veterinary-health\/orthomolekylaere-kosttilskud\/shilait\/","title":{"rendered":"Shilait"},"content":{"rendered":"<p class=\"font-claude-response-body break-words whitespace-normal leading-[1.7]\">Shilajit er ikke et almindeligt tilskud, men et fytokompleks: en biologisk rig matrix af hundredvis af forbindelser, dannet ved \u00e5rtusinders omdannelse af plantemateriale af mikroorganismer i h\u00f8je bjergklippespr\u00e6kker. De to mest klinisk relevante fraktioner er fulvinsyre (60 til 80% af ekstraktet) og dibenzo-alfa-pyroner (DBP&#8217;er). <\/p>\n<p class=\"font-claude-response-body break-words whitespace-normal leading-[1.7]\">Fulvicsyre har en lav molekylv\u00e6gt, som g\u00f8r det muligt at passere gennem cellev\u00e6ggene uden besv\u00e6r. Det fungerer som en antioxidant via elektrondonation, som mineraltransport\u00f8r for jern, zink og magnesium, som en NF-kB-h\u00e6mmer mod kronisk inflammation og som en stimulator af Akkermansia muciniphila for tarmbarrieren. DBP&#8217;er er unikke forbindelser, der ikke findes andre steder i naturen og direkte underst\u00f8tter mitokondrienes elektrontransportk\u00e6de, synergistisk med CoQ10.  <\/p>\n<p class=\"font-claude-response-body break-words whitespace-normal leading-[1.7]\">Klinisk relevant: Et randomiseret kontrolleret fors\u00f8g viste, at otte ugers shilajit signifikant \u00f8gede serummark\u00f8ren for kollagen type I-syntese. Hos hunde med gigt viste et 120-dages observationsstudie reduktion i smerte og inflammation. En gennemgang fra 2025 bekr\u00e6ftede dens sikkerhed og antiinflammatoriske effekt hos mennesker.  <\/p>\n<p class=\"font-claude-response-body break-words whitespace-normal leading-[1.7]\">Shilajit er f\u00f8rstevalget for mennesker i fase 2 af NGD Care Bowel Protocol. For dyr er Tarmbarrierest\u00f8tte (fulvin og humussyrer) den foretrukne variant. Begge virker gennem de samme fulvicsyre-mekanismer. Kan ogs\u00e5 bruges i alderdomsprotokollen, ledprotokollen og som et separat tilskud til kronisk inflammation og tr\u00e6thed.   <\/p>\n<p>L\u00e6s vores omfattende blog om <a href=\"https:\/\/www.ngdcare.nl\/da\/blog-da\/shilait\/\">Shilait<\/a> her.<\/p>\n","protected":false},"excerpt":{"rendered":"<p>Shilajit er et h\u00f8jbjergsfytokompleks med en unik kombination af fulvinsyre, dibenzo-alfa-pyroner og mineraler i ionisk form. Det underst\u00f8tter mitokondrieel energiproduktion, h\u00e6mmer kronisk inflammation, forbedrer mineraloptagelsen og hj\u00e6lper med at genoprette tarmbarrieren via stimulering af Akkermansia muciniphila. F\u00f8rstevalg for personer i fase 2 af NGD Care Bowel Protocol.  <\/p>\n","protected":false},"featured_media":0,"comment_status":"closed","ping_status":"closed","template":"","meta":{"wds_primary_product_brand":0,"wds_primary_product_cat":0,"wds_primary_merken":0},"product_brand":[],"product_cat":[1885,8544],"product_tag":[],"merken":[],"class_list":{"0":"post-19400","1":"product","2":"type-product","3":"status-publish","5":"product_cat-orthomolekylaere-kosttilskud","6":"product_cat-veterinary-health","7":"infinite-scroll-item","8":"sales-flash-overlay","9":"woocommerce-text-align-center","10":"woocommerce-image-align-center","11":"do-quantity-buttons","13":"first","14":"instock","15":"taxable","16":"shipping-taxable","17":"purchasable","18":"product-type-simple"},"_links":{"self":[{"href":"https:\/\/www.ngdcare.nl\/da\/wp-json\/wp\/v2\/product\/19400","targetHints":{"allow":["GET"]}}],"collection":[{"href":"https:\/\/www.ngdcare.nl\/da\/wp-json\/wp\/v2\/product"}],"about":[{"href":"https:\/\/www.ngdcare.nl\/da\/wp-json\/wp\/v2\/types\/product"}],"replies":[{"embeddable":true,"href":"https:\/\/www.ngdcare.nl\/da\/wp-json\/wp\/v2\/comments?post=19400"}],"wp:attachment":[{"href":"https:\/\/www.ngdcare.nl\/da\/wp-json\/wp\/v2\/media?parent=19400"}],"wp:term":[{"taxonomy":"product_brand","embeddable":true,"href":"https:\/\/www.ngdcare.nl\/da\/wp-json\/wp\/v2\/product_brand?post=19400"},{"taxonomy":"product_cat","embeddable":true,"href":"https:\/\/www.ngdcare.nl\/da\/wp-json\/wp\/v2\/product_cat?post=19400"},{"taxonomy":"product_tag","embeddable":true,"href":"https:\/\/www.ngdcare.nl\/da\/wp-json\/wp\/v2\/product_tag?post=19400"},{"taxonomy":"merken","embeddable":true,"href":"https:\/\/www.ngdcare.nl\/da\/wp-json\/wp\/v2\/merken?post=19400"}],"curies":[{"name":"wp","href":"https:\/\/api.w.org\/{rel}","templated":true}]}}