{"id":6381,"date":"2024-01-22T22:07:19","date_gmt":"2024-01-22T22:07:19","guid":{"rendered":"https:\/\/www.ngdcare.nl\/product\/Ikke%20kategoriseret\/vand-kefir-fermenteret-probiotika\/"},"modified":"2026-04-09T21:27:43","modified_gmt":"2026-04-09T19:27:43","slug":"vand-kefir-fermenteret-probiotika","status":"publish","type":"product","link":"https:\/\/www.ngdcare.nl\/da\/product\/veterinary-health\/orthomolekylaere-kosttilskud\/vand-kefir-fermenteret-probiotika\/","title":{"rendered":"Fermenterede probiotika"},"content":{"rendered":"<p style=\"font-weight: 400;\"><strong>NGD Care \u2013 Fermenterede Probiotika<\/strong> er en fryset\u00f8rret fermenteret vandkefir. Denne formel indeholder <strong>mere end 50 forskellige stammer af naturlige bakterier og g\u00e6r,<\/strong> herunder forskellige arter af <em>Lactobacillus<\/em>, <em>Saccharomyces<\/em>, <em>Candida<\/em>, <em>Kluyveromyces<\/em> og <em>Acetobacter<\/em>. Dette g\u00f8r det til et bredtvirkende probiotikakompleks, der underst\u00f8tter mikrobiomet p\u00e5 flere niveauer.  <\/p>\n<p style=\"font-weight: 400;\">Vandkefir er ideelt egnet til dyr med tarmproblemer, forstyrrelser i tarmfloraen eller efter administration af medicin som antibiotika, loppemedicin eller ormekur. Det bidrager til at genoprette den mikrobielle balance og styrker tarmv\u00e6ggens barrierefunktion. Derudover har det en positiv effekt p\u00e5 immunsystemet, energibalancen og dyrets generelle velbefindende.  <\/p>\n<p style=\"font-weight: 400;\">I mods\u00e6tning til isolerede probiotikaprodukter tilbyder vandkefir et fuldt fermenteret produkt, som skaber en naturlig symbiose mellem bakterier og g\u00e6r. Denne synergi er afg\u00f8rende for kolonisering, diversitet og funktion af tarmens mikrobiom. <\/p>\n","protected":false},"excerpt":{"rendered":"<p>Denne fryset\u00f8rrede fermenterede vanddrik indeholder mere end 50 stammer af bakterier og g\u00e6r. Underst\u00f8tter tarmflora, ford\u00f8jelse og immunsystem hos hunde og katte. Ideel efter antibiotika eller ormekur.  <\/p>\n","protected":false},"featured_media":17826,"comment_status":"open","ping_status":"closed","template":"","meta":{"wds_primary_product_brand":0,"wds_primary_product_cat":16,"wds_primary_merken":0},"product_brand":[],"product_cat":[1883,1950,1885],"product_tag":[1886,1965,1961,1952,1887,1960,1954,1889,1966,1963,1911,1964,1891,1899,1962],"merken":[],"class_list":{"0":"post-6381","1":"product","2":"type-product","3":"status-publish","4":"has-post-thumbnail","6":"product_cat-fordojelse","7":"product_cat-immunsystem-da","8":"product_cat-orthomolekylaere-kosttilskud","9":"product_tag-dyr-da","10":"product_tag-gaering","11":"product_tag-holistisk-da","12":"product_tag-hund-da","13":"product_tag-hunde-da","14":"product_tag-immunsystem-da","15":"product_tag-kat-da","16":"product_tag-katte","17":"product_tag-kefir-da","18":"product_tag-mikrobiom-da","19":"product_tag-ngd-care-kosttilskud","20":"product_tag-probiotika-da","21":"product_tag-supplement-da","22":"product_tag-tarm-sundhed","23":"product_tag-vand-kefir","24":"infinite-scroll-item","25":"sales-flash-overlay","26":"woocommerce-text-align-center","27":"woocommerce-image-align-center","28":"do-quantity-buttons","30":"first","31":"instock","32":"taxable","33":"shipping-taxable","34":"purchasable","35":"product-type-simple"},"_links":{"self":[{"href":"https:\/\/www.ngdcare.nl\/da\/wp-json\/wp\/v2\/product\/6381","targetHints":{"allow":["GET"]}}],"collection":[{"href":"https:\/\/www.ngdcare.nl\/da\/wp-json\/wp\/v2\/product"}],"about":[{"href":"https:\/\/www.ngdcare.nl\/da\/wp-json\/wp\/v2\/types\/product"}],"replies":[{"embeddable":true,"href":"https:\/\/www.ngdcare.nl\/da\/wp-json\/wp\/v2\/comments?post=6381"}],"wp:featuredmedia":[{"embeddable":true,"href":"https:\/\/www.ngdcare.nl\/da\/wp-json\/wp\/v2\/media\/17826"}],"wp:attachment":[{"href":"https:\/\/www.ngdcare.nl\/da\/wp-json\/wp\/v2\/media?parent=6381"}],"wp:term":[{"taxonomy":"product_brand","embeddable":true,"href":"https:\/\/www.ngdcare.nl\/da\/wp-json\/wp\/v2\/product_brand?post=6381"},{"taxonomy":"product_cat","embeddable":true,"href":"https:\/\/www.ngdcare.nl\/da\/wp-json\/wp\/v2\/product_cat?post=6381"},{"taxonomy":"product_tag","embeddable":true,"href":"https:\/\/www.ngdcare.nl\/da\/wp-json\/wp\/v2\/product_tag?post=6381"},{"taxonomy":"merken","embeddable":true,"href":"https:\/\/www.ngdcare.nl\/da\/wp-json\/wp\/v2\/merken?post=6381"}],"curies":[{"name":"wp","href":"https:\/\/api.w.org\/{rel}","templated":true}]}}