{"id":6394,"date":"2024-01-22T21:13:11","date_gmt":"2024-01-22T21:13:11","guid":{"rendered":"https:\/\/www.ngdcare.nl\/product\/Ikke%20kategoriseret\/liposomal-fulvic-og-humussyre-liposomal-tarmbarrierestoette\/"},"modified":"2026-04-09T22:45:40","modified_gmt":"2026-04-09T20:45:40","slug":"liposomal-fulvic-og-humussyre-liposomal-tarmbarrierestoette","status":"publish","type":"product","link":"https:\/\/www.ngdcare.nl\/da\/product\/veterinary-health\/orthomolekylaere-kosttilskud\/liposomal-fulvic-og-humussyre-liposomal-tarmbarrierestoette\/","title":{"rendered":"Liposomal Fulvic og humussyre \u2013 Liposomal tarmbarrierest\u00f8tte"},"content":{"rendered":"<p style=\"font-weight: 400;\"><strong>NGD Cares<\/strong><strong> liposomale tarmbarrierest\u00f8tte<\/strong> indeholder en kombination af <strong>fulvinsyre og humussyre<\/strong>, begge i liposomal form for optimal absorption. Dette unikke kosttilskud underst\u00f8tter genoprettelsen af tarmbarrieren, fremmer afgiftning og bidrager til bedre optagelse af n\u00e6ringsstoffer og sporstoffer. <\/p>\n<p style=\"font-weight: 400;\">Fulvicsyre er et lavmolekyl\u00e6rt stof, der kan binde mineraler, vitaminer, sporstoffer og endda toksiner og transportere dem til kroppens celler. Den er kendt for sin evne til at binde og fjerne tungmetaller, mykotoksiner og patogener fra kroppen. Fulvicsyre har ogs\u00e5 en antioxidant effekt og kan bidrage til en sund tarmflora.  <\/p>\n<p style=\"font-weight: 400;\">Huminsyre er allerede naturligt bundet til metaller og fungerer som en kilde til essentielle sporstoffer. Den underst\u00f8tter rekonstruktionen af tarmv\u00e6ggen (t\u00e6tte forbindelser), stimulerer slimhindelaget og bidrager til genopretningen af den ut\u00e6tte tarm. <\/p>\n<p style=\"font-weight: 400;\">Denne kombination kan forbedre b\u00e5de optagelsen og beskyttelsen af n\u00e6ringsstoffer i tarmen, samtidig med at den fjerner skadelige stoffer.<\/p>\n","protected":false},"excerpt":{"rendered":"<div>\n<p class=\"p3\">Liposomal fulvic og humussyreformel til at underst\u00f8tte tarmv\u00e6ggen, afgiftning og optagelse af n\u00e6ringsstoffer. Velegnet til hunde og katte. <\/p>\n<\/div>\n","protected":false},"featured_media":17911,"comment_status":"open","ping_status":"closed","template":"","meta":{"wds_primary_product_brand":0,"wds_primary_product_cat":187,"wds_primary_merken":0},"product_brand":[],"product_cat":[1883,1885,2118],"product_tag":[2125,1886,2126,2123,2122,2121,1887,1889,2127,2119,1963,1911,2120,1899,2124],"merken":[],"class_list":{"0":"post-6394","1":"product","2":"type-product","3":"status-publish","4":"has-post-thumbnail","6":"product_cat-fordojelse","7":"product_cat-orthomolekylaere-kosttilskud","8":"product_cat-liposomal-da","9":"product_tag-afgifte","10":"product_tag-dyr-da","11":"product_tag-dyre-tilskud","12":"product_tag-fulvinsyre-da","13":"product_tag-humine-da","14":"product_tag-huminsyre-da","15":"product_tag-hunde-da","16":"product_tag-katte","17":"product_tag-kosttilskud","18":"product_tag-liposomal-da","19":"product_tag-mikrobiom-da","20":"product_tag-ngd-care-kosttilskud","21":"product_tag-tarm","22":"product_tag-tarm-sundhed","23":"product_tag-utaet-tarm","24":"infinite-scroll-item","25":"sales-flash-overlay","26":"woocommerce-text-align-center","27":"woocommerce-image-align-center","28":"do-quantity-buttons","30":"first","31":"instock","32":"taxable","33":"shipping-taxable","34":"purchasable","35":"product-type-simple"},"_links":{"self":[{"href":"https:\/\/www.ngdcare.nl\/da\/wp-json\/wp\/v2\/product\/6394","targetHints":{"allow":["GET"]}}],"collection":[{"href":"https:\/\/www.ngdcare.nl\/da\/wp-json\/wp\/v2\/product"}],"about":[{"href":"https:\/\/www.ngdcare.nl\/da\/wp-json\/wp\/v2\/types\/product"}],"replies":[{"embeddable":true,"href":"https:\/\/www.ngdcare.nl\/da\/wp-json\/wp\/v2\/comments?post=6394"}],"wp:featuredmedia":[{"embeddable":true,"href":"https:\/\/www.ngdcare.nl\/da\/wp-json\/wp\/v2\/media\/17911"}],"wp:attachment":[{"href":"https:\/\/www.ngdcare.nl\/da\/wp-json\/wp\/v2\/media?parent=6394"}],"wp:term":[{"taxonomy":"product_brand","embeddable":true,"href":"https:\/\/www.ngdcare.nl\/da\/wp-json\/wp\/v2\/product_brand?post=6394"},{"taxonomy":"product_cat","embeddable":true,"href":"https:\/\/www.ngdcare.nl\/da\/wp-json\/wp\/v2\/product_cat?post=6394"},{"taxonomy":"product_tag","embeddable":true,"href":"https:\/\/www.ngdcare.nl\/da\/wp-json\/wp\/v2\/product_tag?post=6394"},{"taxonomy":"merken","embeddable":true,"href":"https:\/\/www.ngdcare.nl\/da\/wp-json\/wp\/v2\/merken?post=6394"}],"curies":[{"name":"wp","href":"https:\/\/api.w.org\/{rel}","templated":true}]}}