{"id":6408,"date":"2024-01-22T20:56:34","date_gmt":"2024-01-22T20:56:34","guid":{"rendered":"https:\/\/www.ngdcare.nl\/product\/Ikke%20kategoriseret\/liposomal-svampeblanding-1-liposomal-myco-immunkompleks\/"},"modified":"2026-04-07T16:33:48","modified_gmt":"2026-04-07T14:33:48","slug":"liposomal-svampeblanding-1-liposomal-myco-immunkompleks","status":"publish","type":"product","link":"https:\/\/www.ngdcare.nl\/da\/product\/naturligt-kaeledyrsapotek\/generel-vitalitet\/liposomal-svampeblanding-1-liposomal-myco-immunkompleks\/","title":{"rendered":"Liposomal svampeblanding 1 \u2013 Liposomal myco immunkompleks"},"content":{"rendered":"<p><strong><span style=\"font-weight: 400;\">NGD Care \u2013 <strong>Liposomal <\/strong><\/span>mycolo immunkompleks <\/strong>er en kraftfuld blanding af fire medicinske svampe: <strong style=\"font-weight: 400;\">Agaricus blazei Murill, Maitake (Grifola frondosa), Shiitake (Lentinula edodes)<\/strong> og <strong style=\"font-weight: 400;\">Coriolus versicolor (Turkey Tail).<\/strong> Den liposomale formulering, som er unik i svampe, sikrer forbedret absorption og biotilg\u00e6ngelighed, hvilket er afg\u00f8rende for kroniske klager. <\/p>\n<p style=\"font-weight: 400;\">Denne s\u00e6rlige kombination fokuserer p\u00e5 at st\u00f8tte immunsystemet, bek\u00e6mpe inflammation og yde st\u00f8tte til kr\u00e6ft, autoimmune sygdomme, allergier og kronisk inflammation. Derudover hj\u00e6lper disse svampe med diabetesregulering, afgiftning og energistyring. <\/p>\n<ul>\n<li>Agaricus indeholder ekstremt h\u00f8je niveauer af \u03b2-glukaner og underst\u00f8tter kr\u00e6ftimmunitet og autoimmunitet. Den regulerer blodsukkerniveau, lever, nyrer og hud. <\/li>\n<li>Maitake styrker immunsystemet, s\u00e6nker blodtrykket og studeres ofte i kr\u00e6ftbehandling.<\/li>\n<li>Ud over en bred antimikrobiel profil p\u00e5virker shiitake ogs\u00e5 serotonin, histamin og hjerte-kar-sundhed.<\/li>\n<li>Coriolus er den mest unders\u00f8gte svamp til st\u00f8tte ved kr\u00e6ft, borrelia, colitis, bronkitis, gigt og nervebet\u00e6ndelse.<\/li>\n<\/ul>\n<p style=\"font-weight: 400;\">Kombinationen af disse fire medicinske svampe g\u00f8r dette tilskud bredt anvendelig til lavgradig inflammation, immunsvaghed, onkologisk st\u00f8tte og kroniske sygdomme.<\/p>\n","protected":false},"excerpt":{"rendered":"<div>\n<p class=\"p3\">Liposomal blanding af Agaricus, Maitake, Shiitake og Coriolus. Immunforst\u00e6rkende, kan bruges mod allergier, kr\u00e6ft og autoimmune sygdomme hos hunde og katte. <\/p>\n<\/div>\n","protected":false},"featured_media":17993,"comment_status":"open","ping_status":"closed","template":"","meta":[],"product_brand":[],"product_cat":[2194,2193,1950,1885,2118],"product_tag":[2297,2302,1893,2299,1886,2126,1887,2205,1960,1889,2119,2298,2195,2296,2300,2301],"merken":[],"class_list":{"0":"post-6408","1":"product","2":"type-product","3":"status-publish","4":"has-post-thumbnail","6":"product_cat-antiinflammatorisk-da","7":"product_cat-generel-vitalitet","8":"product_cat-immunsystem-da","9":"product_cat-orthomolekylaere-kosttilskud","10":"product_cat-liposomal-da","11":"product_tag-agaricus-da","12":"product_tag-antiinflammatorisk-da","13":"product_tag-antioxidant-da","14":"product_tag-coriolus-da","15":"product_tag-dyr-da","16":"product_tag-dyre-tilskud","17":"product_tag-hunde-da","18":"product_tag-immunforstaerkende","19":"product_tag-immunsystem-da","20":"product_tag-katte","21":"product_tag-liposomal-da","22":"product_tag-maitake-da","23":"product_tag-medicinske-svampe","24":"product_tag-shiitake-da","25":"product_tag-tumordraebende","26":"product_tag-tumorer-da","27":"infinite-scroll-item","28":"sales-flash-overlay","29":"woocommerce-text-align-center","30":"woocommerce-image-align-center","31":"do-quantity-buttons","33":"first","34":"instock","35":"featured","36":"taxable","37":"shipping-taxable","38":"purchasable","39":"product-type-simple"},"_links":{"self":[{"href":"https:\/\/www.ngdcare.nl\/da\/wp-json\/wp\/v2\/product\/6408","targetHints":{"allow":["GET"]}}],"collection":[{"href":"https:\/\/www.ngdcare.nl\/da\/wp-json\/wp\/v2\/product"}],"about":[{"href":"https:\/\/www.ngdcare.nl\/da\/wp-json\/wp\/v2\/types\/product"}],"replies":[{"embeddable":true,"href":"https:\/\/www.ngdcare.nl\/da\/wp-json\/wp\/v2\/comments?post=6408"}],"wp:featuredmedia":[{"embeddable":true,"href":"https:\/\/www.ngdcare.nl\/da\/wp-json\/wp\/v2\/media\/17993"}],"wp:attachment":[{"href":"https:\/\/www.ngdcare.nl\/da\/wp-json\/wp\/v2\/media?parent=6408"}],"wp:term":[{"taxonomy":"product_brand","embeddable":true,"href":"https:\/\/www.ngdcare.nl\/da\/wp-json\/wp\/v2\/product_brand?post=6408"},{"taxonomy":"product_cat","embeddable":true,"href":"https:\/\/www.ngdcare.nl\/da\/wp-json\/wp\/v2\/product_cat?post=6408"},{"taxonomy":"product_tag","embeddable":true,"href":"https:\/\/www.ngdcare.nl\/da\/wp-json\/wp\/v2\/product_tag?post=6408"},{"taxonomy":"merken","embeddable":true,"href":"https:\/\/www.ngdcare.nl\/da\/wp-json\/wp\/v2\/merken?post=6408"}],"curies":[{"name":"wp","href":"https:\/\/api.w.org\/{rel}","templated":true}]}}