{"id":6585,"date":"2024-06-17T19:07:59","date_gmt":"2024-06-17T17:07:59","guid":{"rendered":"https:\/\/www.ngdcare.nl\/product\/Ikke%20kategoriseret\/enzymblanding-2-rengoeringsmiddel-til-biofilm\/"},"modified":"2026-04-09T21:32:29","modified_gmt":"2026-04-09T19:32:29","slug":"enzymblanding-2-rengoeringsmiddel-til-biofilm","status":"publish","type":"product","link":"https:\/\/www.ngdcare.nl\/da\/product\/orthomolekylaere-kosttilskud\/enzymblanding-2-rengoeringsmiddel-til-biofilm\/","title":{"rendered":"Biofilmbalance"},"content":{"rendered":"<p data-start=\"191\" data-end=\"504\"><strong data-start=\"191\" data-end=\"221\">NGD Care \u2013 Biofilm Balance <\/strong>(tidligere Enzyme Mix 2) er en avanceret formel, der underst\u00f8tter tarmens mikrobiom hos hunde og katte. Kombinationen af N-acetylcystein (NAC), laktoferrin og specifikke ford\u00f8jelsesenzymer er udviklet for at fremme dannelsen af biofilm i tarmen og g\u00f8re tarmmilj\u00f8et mere tilg\u00e6ngeligt igen. <\/p>\n<p data-start=\"506\" data-end=\"827\">Biofilm er beskyttende strukturer, hvor mikroorganismer som bakterier, g\u00e6r eller parasitter kan gemme sig. Inden for denne matrix er de sv\u00e6re at n\u00e5 for immunsystemet og mindre f\u00f8lsomme over for regelm\u00e6ssige indgreb. Dette kan bidrage til opretholdelsen af dysbiose og kroniske klager.  <\/p>\n<p data-start=\"829\" data-end=\"1131\">En forstyrrelse af tarmens mikrobiom ledsages ofte af dannelse af biofilm og en overv\u00e6kst af for eksempel <em data-start=\"936\" data-end=\"954\">Candida albicans<\/em>, <em data-start=\"956\" data-end=\"969\">Clostridium<\/em> eller <em data-start=\"973\" data-end=\"982\">E. coli<\/em>. Disse mikroorganismer kan producere stoffer, der belaster tarmv\u00e6ggen og bidrager til lavgradig inflammation og \u00f8get tarmpermeabilitet. <\/p>\n<p data-start=\"1133\" data-end=\"1212\">Formlen for Biofilmbalance indeholder flere komponenter, der supplerer hinanden:<\/p>\n<ul>\n<li data-start=\"1214\" data-end=\"1387\"><strong data-start=\"1214\" data-end=\"1240\">N-acetylcystein (NAC)<\/strong><br data-start=\"1240\" data-end=\"1243\">NAC er kendt for sin evne til at forstyrre strukturen af biofilm, blandt andet ved at bryde svovlbindinger i matrixen.<\/li>\n<li data-start=\"661\" data-end=\"1111\"><strong data-start=\"661\" data-end=\"677\">Laktoferrin<\/strong><br data-start=\"677\" data-end=\"680\">Laktoferrin er kroppens eget protein, der binder jern og dermed h\u00e6mmer v\u00e6kst og dannelse af biofilm af mikroorganismer. Derudover har det en direkte forstyrrende effekt p\u00e5 eksisterende biofilm og underst\u00f8tter det naturlige forsvar og tarmbarrieren. Lactoferrin g\u00f8r biofilm ustabile og h\u00e6mmer genv\u00e6ksten af patogene mikroorganismer, hvilket g\u00f8r det til et vigtigt supplement ud over NAC til at bryde biofilm.  <\/li>\n<li data-start=\"1621\" data-end=\"1856\"><strong data-start=\"1621\" data-end=\"1652\">Amylase, protease og lipase<\/strong><br data-start=\"1652\" data-end=\"1655\">Disse enzymer hj\u00e6lper med at nedbryde henholdsvis kulhydrater, proteiner og fedtstoffer i biofilmstrukturen. Dette g\u00f8r det muligt at \u00e5bne matricen yderligere og g\u00f8res mere tilg\u00e6ngelig. <\/li>\n<\/ul>\n<p data-start=\"1858\" data-end=\"2188\"><strong data-start=\"1858\" data-end=\"1905\">Hvorn\u00e5r bruges Biofilm Balance ofte?<\/strong><br data-start=\"1905\" data-end=\"1908\">Biofilmbalance bruges ofte hos dyr med tegn p\u00e5 tarmubalance, s\u00e5som svingende aff\u00f8ring, hudproblemer, kl\u00f8e, \u00f8reproblemer eller kroniske klager, hvor mikrobiomet spiller en rolle. Tilskuddet passer ind i en bredere, integreret tilgang til tarmsundhed. <\/p>\n<p style=\"font-weight: 400;\"><em>Bem\u00e6rk venligst: dette supplement b\u00f8r altid v\u00e6re en del af en bred tarmreparationsprotokol og ikke bruges alene.<\/em>  Under rensningen af biofilmen kan der frigives toksiner, der for\u00e5rsager en detox-reaktion. Till\u00e6gget b\u00f8r derfor altid kombineres med lever-, tarm- og immunsystemst\u00f8ttemidler. <\/p>\n","protected":false},"excerpt":{"rendered":"<div>\n<p class=\"p3\">Kraftig kombination af enzymer, laktoferrin og NAC til nedbrydning af patogen biofilm i tyktarmen hos hunde og katte. En del af tarmprotokollen. <\/p>\n<\/div>\n","protected":false},"featured_media":17742,"comment_status":"open","ping_status":"closed","template":"","meta":[],"product_brand":[],"product_cat":[1885],"product_tag":[1897,2540,1893,2356,2543,1895,1886,2536,2546,2542,2548,2544,1887,1960,1889,2547,2539,2538,2537,2541,2545,1899],"merken":[],"class_list":{"0":"post-6585","1":"product","2":"type-product","3":"status-publish","4":"has-post-thumbnail","6":"product_cat-orthomolekylaere-kosttilskud","7":"product_tag-afgiftning","8":"product_tag-amylase-da","9":"product_tag-antioxidant-da","10":"product_tag-beskyttelse-af-celler","11":"product_tag-beskyttelse-af-leveren","12":"product_tag-detox-da","13":"product_tag-dyr-da","14":"product_tag-enzymer","15":"product_tag-fedt-fordojelse","16":"product_tag-fordojelse","17":"product_tag-fordojelse-da","18":"product_tag-fordojelsesenzymer","19":"product_tag-hunde-da","20":"product_tag-immunsystem-da","21":"product_tag-katte","22":"product_tag-kulhydrat-fordojelse","23":"product_tag-lipase-da","24":"product_tag-n-acetylcystein-da","25":"product_tag-nac-da","26":"product_tag-protease-da","27":"product_tag-protein-fordojelse","28":"product_tag-tarm-sundhed","29":"infinite-scroll-item","30":"sales-flash-overlay","31":"woocommerce-text-align-center","32":"woocommerce-image-align-center","33":"do-quantity-buttons","35":"first","36":"instock","37":"taxable","38":"shipping-taxable","39":"purchasable","40":"product-type-simple"},"_links":{"self":[{"href":"https:\/\/www.ngdcare.nl\/da\/wp-json\/wp\/v2\/product\/6585","targetHints":{"allow":["GET"]}}],"collection":[{"href":"https:\/\/www.ngdcare.nl\/da\/wp-json\/wp\/v2\/product"}],"about":[{"href":"https:\/\/www.ngdcare.nl\/da\/wp-json\/wp\/v2\/types\/product"}],"replies":[{"embeddable":true,"href":"https:\/\/www.ngdcare.nl\/da\/wp-json\/wp\/v2\/comments?post=6585"}],"wp:featuredmedia":[{"embeddable":true,"href":"https:\/\/www.ngdcare.nl\/da\/wp-json\/wp\/v2\/media\/17742"}],"wp:attachment":[{"href":"https:\/\/www.ngdcare.nl\/da\/wp-json\/wp\/v2\/media?parent=6585"}],"wp:term":[{"taxonomy":"product_brand","embeddable":true,"href":"https:\/\/www.ngdcare.nl\/da\/wp-json\/wp\/v2\/product_brand?post=6585"},{"taxonomy":"product_cat","embeddable":true,"href":"https:\/\/www.ngdcare.nl\/da\/wp-json\/wp\/v2\/product_cat?post=6585"},{"taxonomy":"product_tag","embeddable":true,"href":"https:\/\/www.ngdcare.nl\/da\/wp-json\/wp\/v2\/product_tag?post=6585"},{"taxonomy":"merken","embeddable":true,"href":"https:\/\/www.ngdcare.nl\/da\/wp-json\/wp\/v2\/merken?post=6585"}],"curies":[{"name":"wp","href":"https:\/\/api.w.org\/{rel}","templated":true}]}}