{"id":6682,"date":"2024-01-22T21:37:26","date_gmt":"2024-01-22T21:37:26","guid":{"rendered":"https:\/\/www.ngdcare.nl\/product\/Ikke%20kategoriseret\/liposomalt-vitamin-b-kompleks-liposomalt-aktivt-vit-b-kompleks\/"},"modified":"2026-04-07T16:12:34","modified_gmt":"2026-04-07T14:12:34","slug":"liposomalt-vitamin-b-kompleks-liposomalt-aktivt-vit-b-kompleks","status":"publish","type":"product","link":"https:\/\/www.ngdcare.nl\/da\/product\/veterinary-health\/orthomolekylaere-kosttilskud\/liposomalt-vitamin-b-kompleks-liposomalt-aktivt-vit-b-kompleks\/","title":{"rendered":"Liposomalt aktivt B-vitamin kompleks"},"content":{"rendered":"<p style=\"font-weight: 400;\"><strong>NGD Care \u2013 Liposomal Active Vitamin B Complex<\/strong> indeholder de otte essentielle B-vitaminer i liposomal form, specielt udviklet til hunde og katte. B-vitaminer fungerer som en synergisk helhed: de underst\u00f8tter energiomdannelse fra mad, produktionen af r\u00f8de blodlegemer, nervesystemet, huden samt hormonel og mental balance. <\/p>\n<p style=\"font-weight: 400;\"><span style=\"font-size: inherit;\"><span style=\"font-weight: 400;\">Da optagelsen af B-vitaminer ofte er begr\u00e6nset i tilf\u00e6lde af tarmproblemer, alderdom eller sygdom, pakkes de liposomalt i dette tilskud. Dette beskytter dem bedre mod mavesyre og optager dem mere effektivt gennem tarmv\u00e6ggen <\/span><\/span><span style=\"font-size: inherit;\">.<\/span><\/p>\n<p style=\"font-weight: 400;\">Dette vitamin B-kompleks bruges til:<\/p>\n<ul style=\"font-weight: 400;\">\n<li>tr\u00e6thed og lav energi<\/li>\n<li>Koncentrationsproblemer og psykisk stress<\/li>\n<li>an\u00e6mi og neurologiske klager<\/li>\n<li>kroniske mave-tarmproblemer<\/li>\n<\/ul>\n<p style=\"font-weight: 400;\">Mangel p\u00e5 \u00e9t B-vitamin kan forstyrre funktionen af de andre, hvilket g\u00f8r et komplet kompleks vigtigt for optimal balance.<\/p>\n","protected":false},"excerpt":{"rendered":"<p style=\"font-weight: 400;\">Liposomalt B-vitaminkompleks med alle 8 B-vitaminer. Til energi, nervesystem, blodproduktion og mental balance hos hunde og katte. H\u00f8j absorberbarhed p\u00e5 grund af liposomer.  <\/p>\n","protected":false},"featured_media":17869,"comment_status":"open","ping_status":"closed","template":"","meta":{"wds_primary_product_brand":0,"wds_primary_product_cat":23,"wds_primary_merken":0},"product_brand":[],"product_cat":[1883,1885,2118,1884],"product_tag":[2502,2761,2760,2768,2766,2764,2786,2789,2787,2783,2782,2776,1886,2354,2791,1887,2785,2774,1889,2790,2119,2771,2474,2788,2781,2784,2780,2120,2779,2762],"merken":[],"class_list":{"0":"post-6682","1":"product","2":"type-product","3":"status-publish","4":"has-post-thumbnail","6":"product_cat-fordojelse","7":"product_cat-orthomolekylaere-kosttilskud","8":"product_cat-liposomal-da","9":"product_cat-vitaminer-og-mineraler","10":"product_tag-adfaerd","11":"product_tag-b-kompleks","12":"product_tag-b-vitamin","13":"product_tag-b11-da","14":"product_tag-b12-da","15":"product_tag-b6-da","16":"product_tag-biotin-da","17":"product_tag-blod-da","18":"product_tag-calciumfolat","19":"product_tag-calciumpantothenat-da","20":"product_tag-cholin-bitartrat","21":"product_tag-diarre","22":"product_tag-dyr-da","23":"product_tag-energi-da","24":"product_tag-hukommelse-da","25":"product_tag-hunde-da","26":"product_tag-inositol-da","27":"product_tag-kaste-op","28":"product_tag-katte","29":"product_tag-koncentration","30":"product_tag-liposomal-da","31":"product_tag-mave","32":"product_tag-mave-og-tarmproblemer","33":"product_tag-methylcobalamin-da","34":"product_tag-nicotinamid-da","35":"product_tag-pyridoxal-5-phosphat-da","36":"product_tag-riboflavin-da","37":"product_tag-tarm","38":"product_tag-thiamin-hcl-da","39":"product_tag-vitaminer-da","40":"infinite-scroll-item","41":"sales-flash-overlay","42":"woocommerce-text-align-center","43":"woocommerce-image-align-center","44":"do-quantity-buttons","46":"first","47":"instock","48":"taxable","49":"shipping-taxable","50":"purchasable","51":"product-type-simple"},"_links":{"self":[{"href":"https:\/\/www.ngdcare.nl\/da\/wp-json\/wp\/v2\/product\/6682","targetHints":{"allow":["GET"]}}],"collection":[{"href":"https:\/\/www.ngdcare.nl\/da\/wp-json\/wp\/v2\/product"}],"about":[{"href":"https:\/\/www.ngdcare.nl\/da\/wp-json\/wp\/v2\/types\/product"}],"replies":[{"embeddable":true,"href":"https:\/\/www.ngdcare.nl\/da\/wp-json\/wp\/v2\/comments?post=6682"}],"wp:featuredmedia":[{"embeddable":true,"href":"https:\/\/www.ngdcare.nl\/da\/wp-json\/wp\/v2\/media\/17869"}],"wp:attachment":[{"href":"https:\/\/www.ngdcare.nl\/da\/wp-json\/wp\/v2\/media?parent=6682"}],"wp:term":[{"taxonomy":"product_brand","embeddable":true,"href":"https:\/\/www.ngdcare.nl\/da\/wp-json\/wp\/v2\/product_brand?post=6682"},{"taxonomy":"product_cat","embeddable":true,"href":"https:\/\/www.ngdcare.nl\/da\/wp-json\/wp\/v2\/product_cat?post=6682"},{"taxonomy":"product_tag","embeddable":true,"href":"https:\/\/www.ngdcare.nl\/da\/wp-json\/wp\/v2\/product_tag?post=6682"},{"taxonomy":"merken","embeddable":true,"href":"https:\/\/www.ngdcare.nl\/da\/wp-json\/wp\/v2\/merken?post=6682"}],"curies":[{"name":"wp","href":"https:\/\/api.w.org\/{rel}","templated":true}]}}