{"id":6683,"date":"2024-01-22T21:26:27","date_gmt":"2024-01-22T21:26:27","guid":{"rendered":"https:\/\/www.ngdcare.nl\/product\/Ikke%20kategoriseret\/liposomal-pea-og-boswellia-liposomal-pea-kompleks\/"},"modified":"2026-04-07T16:16:00","modified_gmt":"2026-04-07T14:16:00","slug":"liposomal-pea-og-boswellia-liposomal-pea-kompleks","status":"publish","type":"product","link":"https:\/\/www.ngdcare.nl\/da\/product\/veterinary-health\/orthomolekylaere-kosttilskud\/liposomal-pea-og-boswellia-liposomal-pea-kompleks\/","title":{"rendered":"Liposomal PEA og Boswellia \u2013 Liposomal PEA-kompleks"},"content":{"rendered":"<p style=\"font-weight: 400;\"><strong>NGD Care \u2013 Liposomal PEA-kompleks<\/strong> er en synergistisk kombination af <strong>Palmitoylethanolamid (PEA)<\/strong> og <strong>Boswellia serrata<\/strong>, to naturlige stoffer med dokumenterede effekter ved kroniske smerter, inflammation og nerv\u00f8se lidelser. Takket v\u00e6re liposomal teknologi optages begge aktive stoffer bedre i hundes og kattes krop og leveres m\u00e5lrettet p\u00e5 celle- og v\u00e6vsniveau. <\/p>\n<p style=\"font-weight: 400;\">PEA er kroppens egen fedtsyreamid, som er involveret i det endocannabinoide system. Det spiller en vigtig rolle i at h\u00e6mme inflammatoriske processer og smertestimuli ved blandt andet at interagere med PPAR-\u03b1-receptoren. PEA har en antiinflammatorisk, neuroprotektisk og immunmodulerende effekt. Anvendelser omfatter slidgigt, gigt, nervesmerter, tarmproblemer, hudproblemer og gr\u00f8n st\u00e6r.   <\/p>\n<p style=\"font-weight: 400;\">Boswellia serrata (indisk r\u00f8gelse) er et ekstrakt af harpiks med kraftige antiinflammatoriske egenskaber. Dens aktive komponenter, s\u00e5som boswellinsyrer, h\u00e6mmer enzymer som 5-LOX, der er involveret i kronisk inflammation. Boswellia bruges traditionelt til ledsmerter, autoimmune sygdomme, luftvejssygdomme og irritabel tarm.  <\/p>\n<p style=\"font-weight: 400;\">Kombinationen af PEA og Boswellia giver en styrkende (synergistisk) effekt: PEA regulerer nerveledning og inflammatorisk respons, mens Boswellia undertrykker disse processer p\u00e5 biokemisk niveau. Dette g\u00f8r denne kombination velegnet som et naturligt alternativ eller supplement til almindelige smertestillende (s\u00e5som NSAID&#8217;er). <\/p>\n","protected":false},"excerpt":{"rendered":"<p style=\"font-weight: 400;\">Liposomal formel med PEA og Boswellia til st\u00f8tte for kroniske smerter, bet\u00e6ndelse og nerveklager hos hunde og katte. Naturligt alternativ eller supplement til smertelindring. <\/p>\n","protected":false},"featured_media":17898,"comment_status":"open","ping_status":"closed","template":"","meta":{"wds_primary_product_brand":0,"wds_primary_product_cat":187,"wds_primary_merken":0},"product_brand":[],"product_cat":[2194,1885,2346,2118],"product_tag":[2773,2777,1886,2767,2778,2772,1887,1889,2119,2763,2765,2769,2770,1911,2775],"merken":[],"class_list":{"0":"post-6683","1":"product","2":"type-product","3":"status-publish","4":"has-post-thumbnail","6":"product_cat-antiinflammatorisk-da","7":"product_cat-orthomolekylaere-kosttilskud","8":"product_cat-led","9":"product_cat-liposomal-da","10":"product_tag-aert","11":"product_tag-boswellia-da","12":"product_tag-dyr-da","13":"product_tag-endocannabinoid-da","14":"product_tag-faelles-stotte","15":"product_tag-glaukom-da","16":"product_tag-hunde-da","17":"product_tag-katte","18":"product_tag-liposomal-da","19":"product_tag-naturlig-antiinflammatorisk","20":"product_tag-naturligt-smertestillende-middel","21":"product_tag-neuralgi","22":"product_tag-neuropati","23":"product_tag-ngd-care-kosttilskud","24":"product_tag-slidgigt","25":"infinite-scroll-item","26":"sales-flash-overlay","27":"woocommerce-text-align-center","28":"woocommerce-image-align-center","29":"do-quantity-buttons","31":"first","32":"instock","33":"taxable","34":"shipping-taxable","35":"purchasable","36":"product-type-simple"},"_links":{"self":[{"href":"https:\/\/www.ngdcare.nl\/da\/wp-json\/wp\/v2\/product\/6683","targetHints":{"allow":["GET"]}}],"collection":[{"href":"https:\/\/www.ngdcare.nl\/da\/wp-json\/wp\/v2\/product"}],"about":[{"href":"https:\/\/www.ngdcare.nl\/da\/wp-json\/wp\/v2\/types\/product"}],"replies":[{"embeddable":true,"href":"https:\/\/www.ngdcare.nl\/da\/wp-json\/wp\/v2\/comments?post=6683"}],"wp:featuredmedia":[{"embeddable":true,"href":"https:\/\/www.ngdcare.nl\/da\/wp-json\/wp\/v2\/media\/17898"}],"wp:attachment":[{"href":"https:\/\/www.ngdcare.nl\/da\/wp-json\/wp\/v2\/media?parent=6683"}],"wp:term":[{"taxonomy":"product_brand","embeddable":true,"href":"https:\/\/www.ngdcare.nl\/da\/wp-json\/wp\/v2\/product_brand?post=6683"},{"taxonomy":"product_cat","embeddable":true,"href":"https:\/\/www.ngdcare.nl\/da\/wp-json\/wp\/v2\/product_cat?post=6683"},{"taxonomy":"product_tag","embeddable":true,"href":"https:\/\/www.ngdcare.nl\/da\/wp-json\/wp\/v2\/product_tag?post=6683"},{"taxonomy":"merken","embeddable":true,"href":"https:\/\/www.ngdcare.nl\/da\/wp-json\/wp\/v2\/merken?post=6683"}],"curies":[{"name":"wp","href":"https:\/\/api.w.org\/{rel}","templated":true}]}}