{"id":6823,"date":"2025-04-06T23:44:30","date_gmt":"2025-04-06T21:44:30","guid":{"rendered":"https:\/\/www.ngdcare.nl\/product\/Ikke%20kategoriseret\/skin-protokol\/"},"modified":"2026-05-03T15:28:55","modified_gmt":"2026-05-03T13:28:55","slug":"skin-protokol","status":"publish","type":"product","link":"https:\/\/www.ngdcare.nl\/da\/product\/veterinary-health\/protokoller\/skin-protokol\/","title":{"rendered":"Skin-protokol"},"content":{"rendered":"<p class=\"font-claude-response-body break-words whitespace-normal leading-[1.7]\">NGD Care Skin Protocol: integreret st\u00f8tte til hudproblemer, kl\u00f8e og allergier hos hunde og katte<\/p>\n<p class=\"font-claude-response-body break-words whitespace-normal leading-[1.7]\">Hudproblemer hos hunde og katte er sj\u00e6ldent rent lokale. Bag tilbagevendende kl\u00f8e, eksem, h\u00e5rtab eller hudbet\u00e6ndelse er der n\u00e6sten altid en systemisk ubalance i immunsystemet, tarmens mikrobiom, inflammationsreguleringen eller stressresponsen. NGD Care Skin Protocol er tilpasset dette: fire supplerende kosttilskud, som hver is\u00e6r adresserer et forskelligt led i systemet.  <\/p>\n<p class=\"font-claude-response-body break-words whitespace-normal leading-[1.7]\">MSM og quercetin (Histaminbalance) udg\u00f8r protokollens antihistamin- og antiinflammatoriske grundlag. Methylsulfonylmethan (MSM) leverer biotilg\u00e6ngeligt svovl til kollagensyntese og keratinproduktion og har direkte antiinflammatoriske og antipruritiske egenskaber via h\u00e6mning af NF-\u03baB. Quercetin er et flavonoid med klinisk relevant antihistaminvirkning via h\u00e6mning af mastcelledegranulering, den centrale udl\u00f8ser ved allergiske hudreaktioner. Sammen adresserer de b\u00e5de den akutte histaminrespons og den underliggende inflammatoriske respons.   <\/p>\n<p class=\"font-claude-response-body break-words whitespace-normal leading-[1.7]\">PEA\/Boswellia-komplekset modulerer den dybere inflammatoriske respons via PPAR-alfa-aktivering og 5-lipoxygenase-h\u00e6mning. Dette g\u00f8r den velegnet til langtidsbrug ved kroniske hudproblemer, uden bivirkninger fra kortikosteroider eller NSAID&#8217;er, som er et reelt problem ved langvarig brug. <\/p>\n<p class=\"font-claude-response-body break-words whitespace-normal leading-[1.7]\">Myco Immune Complex (svampeblanding 1) underst\u00f8tter immunbalancen via beta-glukaner fra medicinske svampe. Ved allergisk hudsygdom er den centrale immunologiske forstyrrelse en dominerende Th2-respons. Beta-glukaner stimulerer Th1-armen i immunsystemet og hj\u00e6lper med at genoprette balancen mellem Th1 og Th2. P\u00e5 denne m\u00e5de adresserer de ikke symptomerne, men den immunologiske rod\u00e5rsag til den allergiske overreaktion.   <\/p>\n<p class=\"font-claude-response-body break-words whitespace-normal leading-[1.7]\">Calanusolie leverer h\u00f8jkvalitets omega-3 fedtsyrer (EPA, DHA og den unikke stearidonsyre) kombineret med astaxanthin. Omega-3 fedtsyrer styrker hudens barrierefunktion og modulerer arachidonsyrevejen med en antiinflammatorisk nettoeffekt. Astaxanthin beskytter hudceller mod oxidativ skade ved kronisk inflammation.  <\/p>\n<p class=\"font-claude-response-body break-words whitespace-normal leading-[1.7]\">I tilf\u00e6lde af stressrelateret kl\u00f8e kan der anvendes yderligere <a href=\"https:\/\/www.ngdcare.nl\/da\/product\/naturligt-kaeledyrsapotek\/generel-vitalitet\/liposomal-svampeblanding-2-liposomalt-myco-adaptogenkompleks\/\">Myco Adaptogen Complex<\/a> (svampeblanding 2) eller <a href=\"https:\/\/www.ngdcare.nl\/da\/product\/naturligt-kaeledyrsapotek\/liposomal-da\/liposomal-cbd-olie-liposomal-cbd-olie\/\">CBD-olie<\/a> . Ved akutte eksemplastre anbefales <a href=\"https:\/\/www.ngdcare.nl\/da\/product\/antiinflammatorisk-da\/ozonsalve-ozoncare\/\">ozoncreme<\/a> eller kolloidal s\u00f8lv-zink spray som topisk kosttilskud. <\/p>\n<p class=\"font-claude-response-body break-words whitespace-normal leading-[1.7]\">I tilf\u00e6lde af kroniske eller tilbagevendende hudproblemer kan Skin Protocol altid kombineres med <a href=\"https:\/\/www.ngdcare.nl\/da\/product\/protokoller\/affoering-protokol\/\">NGD Care Bowel Protocol<\/a>. Tarm-hud-aksen er n\u00e6sten altid et relevant mekanistisk fokuspunkt ved kroniske hudproblemer. Tarmprotokollen arbejder i to faser: Fase 1 (uger 1 til 8) fokuserer p\u00e5 biofilmnedbrydning, h\u00e6mning af lavgradig inflammation og afgiftning via Enzyme Mix 2, Liposomal Curcumin og Chlorella-Spirulina-Alfalfa, suppleret med en ern\u00e6ringsbase p\u00e5 cirka 80% frisk eller v\u00e5dfoder. Fase 2 (uge 8 til 16) fokuserer p\u00e5 reparation af tarmv\u00e6ggen, opbygning af mikrobiom og st\u00f8tte til enzymatisk ford\u00f8jelse. Uden genoprettelse af tarmbarrieren og mikrobiombalancen forts\u00e6tter hver hudprotokol med at virke symptomatisk i stedet for strukturelt at adressere den underliggende ubalance.    <\/p>\n<p class=\"font-claude-response-body break-words whitespace-normal leading-[1.7]\">Vil du gerne l\u00e6se mere om tarm-hud-aksen og det videnskabelige grundlag for denne protokol? L\u00e6s den omfattende baggrundsartikel: Hudproblemer hos hunde og katte: tarm-hud-aksen og den integrative protokol [link til blogside]. <\/p>\n","protected":false},"excerpt":{"rendered":"<p style=\"font-weight: 400;\">NGD Care Skin Protocol underst\u00f8tter akutte og kroniske hudproblemer som kl\u00f8e, eksem, hotspots og allergier. Den kombinerer inflammationshemming, immunbalance og hudreparation i \u00e9n praktisk 4-ugers protokol. <\/p>\n","protected":false},"featured_media":12216,"comment_status":"open","ping_status":"closed","template":"","meta":{"wds_primary_product_brand":0,"wds_primary_product_cat":0,"wds_primary_merken":0},"product_brand":[],"product_cat":[2526],"product_tag":[2773,3055,3061,3065,3067,3047,3052,3059,1952,1954,3054,3049,2929,3048,3050,3063,3058,3056],"merken":[],"class_list":{"0":"post-6823","1":"product","2":"type-product","3":"status-publish","4":"has-post-thumbnail","6":"product_cat-protokoller","7":"product_tag-aert","8":"product_tag-allergi-da","9":"product_tag-allergier-da","10":"product_tag-betaendelse","11":"product_tag-bowswellia-da","12":"product_tag-calanus-olie","13":"product_tag-hud-da","14":"product_tag-hudens-sundhed","15":"product_tag-hund-da","16":"product_tag-kat-da","17":"product_tag-kloe-da","18":"product_tag-msm-da","19":"product_tag-ngd-care-protokol","20":"product_tag-omega-3-da","21":"product_tag-quercetin-da","22":"product_tag-reparation-af-huden","23":"product_tag-skin-protokol","24":"product_tag-svampe","25":"infinite-scroll-item","26":"sales-flash-overlay","27":"woocommerce-text-align-center","28":"woocommerce-image-align-center","29":"do-quantity-buttons","31":"first","32":"instock","33":"sale","34":"taxable","35":"shipping-taxable","36":"purchasable","37":"product-type-simple"},"_links":{"self":[{"href":"https:\/\/www.ngdcare.nl\/da\/wp-json\/wp\/v2\/product\/6823","targetHints":{"allow":["GET"]}}],"collection":[{"href":"https:\/\/www.ngdcare.nl\/da\/wp-json\/wp\/v2\/product"}],"about":[{"href":"https:\/\/www.ngdcare.nl\/da\/wp-json\/wp\/v2\/types\/product"}],"replies":[{"embeddable":true,"href":"https:\/\/www.ngdcare.nl\/da\/wp-json\/wp\/v2\/comments?post=6823"}],"wp:featuredmedia":[{"embeddable":true,"href":"https:\/\/www.ngdcare.nl\/da\/wp-json\/wp\/v2\/media\/12216"}],"wp:attachment":[{"href":"https:\/\/www.ngdcare.nl\/da\/wp-json\/wp\/v2\/media?parent=6823"}],"wp:term":[{"taxonomy":"product_brand","embeddable":true,"href":"https:\/\/www.ngdcare.nl\/da\/wp-json\/wp\/v2\/product_brand?post=6823"},{"taxonomy":"product_cat","embeddable":true,"href":"https:\/\/www.ngdcare.nl\/da\/wp-json\/wp\/v2\/product_cat?post=6823"},{"taxonomy":"product_tag","embeddable":true,"href":"https:\/\/www.ngdcare.nl\/da\/wp-json\/wp\/v2\/product_tag?post=6823"},{"taxonomy":"merken","embeddable":true,"href":"https:\/\/www.ngdcare.nl\/da\/wp-json\/wp\/v2\/merken?post=6823"}],"curies":[{"name":"wp","href":"https:\/\/api.w.org\/{rel}","templated":true}]}}