{"id":6848,"date":"2024-11-11T22:02:42","date_gmt":"2024-11-11T21:02:42","guid":{"rendered":"https:\/\/www.ngdcare.nl\/product\/Ikke%20kategoriseret\/protokol-for-fyrvaerkeri\/"},"modified":"2026-01-02T12:50:43","modified_gmt":"2026-01-02T11:50:43","slug":"protokol-for-fyrvaerkeri","status":"publish","type":"product","link":"https:\/\/www.ngdcare.nl\/da\/veterinary-health\/protokoller\/protokol-for-fyrvaerkeri\/protokol-for-fyrvaerkeri\/","title":{"rendered":"Protokol for fyrv\u00e6rkeri"},"content":{"rendered":"<p>Disse pakker er tilg\u00e6ngelige fra september til januar. De hj\u00e6lper dyr med frygt for fyrv\u00e6rkeri p\u00e5 et f\u00f8lelsesm\u00e6ssigt og fysisk plan.  Ud over frygt for fyrv\u00e6rkeri kan denne protokol bruges i tordenvejr samt st\u00f8jf\u00f8lsomme stress- og paniksituationer.<\/p>\n<p style=\"font-weight: 400;\">Den <strong>lille pakke<\/strong> indeholder <strong>blomstermedicin<\/strong> og en <strong>aromaterapispray<\/strong> og er velegnet til mild angst. Blomsterne s\u00e6nker stressniveauet, giver jordforbindelse og reducerer angst og panik p\u00e5 et f\u00f8lelsesm\u00e6ssigt plan. Den \u00e6teriske oliekombination g\u00e5r et niveau dybere og sikrer ogs\u00e5 jordforbindelse og reduktion af stress og angst. R\u00e5det er at starte dette i begyndelsen af december.   <\/p>\n<p style=\"font-weight: 400;\">Den <strong>omfattende pakke<\/strong> indeholder ogs\u00e5 <strong>liposomal ashwagandha\/rhodiola<\/strong>, <strong>svampeblanding 2<\/strong> og <strong>CBD-olie<\/strong>, som underst\u00f8tter nervesystemet, stressregulering og immunsystemet. Denne kombination g\u00f8r dyret mere modstandsdygtigt over for stressende stimuli s\u00e5som fyrv\u00e6rkerist\u00f8j. R\u00e5det er at starte dette 2 m\u00e5neder i forvejen.  <\/p>\n<p style=\"font-weight: 400;\">I tilf\u00e6lde af sv\u00e6r angst anbefaler vi at starte tarmprotokollen og adf\u00e6rdsterapien 4 m\u00e5neder i forvejen.<\/p>\n","protected":false},"excerpt":{"rendered":"<p style=\"font-weight: 400;\">NGD Care Fireworks Protocol er specielt udviklet til at st\u00f8tte dyr med fyrv\u00e6rkeri, angst og andre traumatiske paniksituationer. Den lille pakke giver f\u00f8lelsesm\u00e6ssig balance med blomsteressenser og \u00e6teriske olier. Den store pakke underst\u00f8tter ogs\u00e5 det fysiske system med adaptogener og CBD-olie.  <\/p>\n","protected":false},"featured_media":9639,"comment_status":"open","ping_status":"closed","template":"","meta":{"wds_primary_product_brand":0,"wds_primary_product_cat":22,"wds_primary_merken":0},"product_brand":[],"product_cat":[2192,2526],"product_tag":[3161,3162,3158,3151,3155,3159,3157,1952,1954,2929,3160,3154,2508,3156,2202],"merken":[],"class_list":{"0":"post-6848","1":"product","2":"type-product","3":"status-publish","4":"has-post-thumbnail","6":"product_cat-adfaerd","7":"product_cat-protokoller","8":"product_tag-aromaterapi-da","9":"product_tag-blomsterterapi-da","10":"product_tag-brag","11":"product_tag-cbd-olie-da","12":"product_tag-frygt","13":"product_tag-fyrvaerkeri","14":"product_tag-fyrvaerkeri-lyde","15":"product_tag-hund-da","16":"product_tag-kat-da","17":"product_tag-ngd-care-protokol","18":"product_tag-panik-da","19":"product_tag-protokol-for-fyrvaerkeri","20":"product_tag-rekreation-da","21":"product_tag-stojforurening","22":"product_tag-stress-da","23":"infinite-scroll-item","24":"sales-flash-overlay","25":"woocommerce-text-align-center","26":"woocommerce-image-align-center","27":"do-quantity-buttons","29":"first","30":"instock","31":"sale","32":"taxable","33":"shipping-taxable","34":"purchasable","35":"product-type-variable"},"_links":{"self":[{"href":"https:\/\/www.ngdcare.nl\/da\/wp-json\/wp\/v2\/product\/6848","targetHints":{"allow":["GET"]}}],"collection":[{"href":"https:\/\/www.ngdcare.nl\/da\/wp-json\/wp\/v2\/product"}],"about":[{"href":"https:\/\/www.ngdcare.nl\/da\/wp-json\/wp\/v2\/types\/product"}],"replies":[{"embeddable":true,"href":"https:\/\/www.ngdcare.nl\/da\/wp-json\/wp\/v2\/comments?post=6848"}],"wp:featuredmedia":[{"embeddable":true,"href":"https:\/\/www.ngdcare.nl\/da\/wp-json\/wp\/v2\/media\/9639"}],"wp:attachment":[{"href":"https:\/\/www.ngdcare.nl\/da\/wp-json\/wp\/v2\/media?parent=6848"}],"wp:term":[{"taxonomy":"product_brand","embeddable":true,"href":"https:\/\/www.ngdcare.nl\/da\/wp-json\/wp\/v2\/product_brand?post=6848"},{"taxonomy":"product_cat","embeddable":true,"href":"https:\/\/www.ngdcare.nl\/da\/wp-json\/wp\/v2\/product_cat?post=6848"},{"taxonomy":"product_tag","embeddable":true,"href":"https:\/\/www.ngdcare.nl\/da\/wp-json\/wp\/v2\/product_tag?post=6848"},{"taxonomy":"merken","embeddable":true,"href":"https:\/\/www.ngdcare.nl\/da\/wp-json\/wp\/v2\/merken?post=6848"}],"curies":[{"name":"wp","href":"https:\/\/api.w.org\/{rel}","templated":true}]}}