{"id":6849,"date":"2025-05-15T09:40:40","date_gmt":"2025-05-15T07:40:40","guid":{"rendered":"https:\/\/www.ngdcare.nl\/product\/Ikke%20kategoriseret\/liposoman-lactoferrin-liposomal-lactoferrin\/"},"modified":"2026-04-09T21:36:44","modified_gmt":"2026-04-09T19:36:44","slug":"liposoman-lactoferrin-liposomal-lactoferrin","status":"publish","type":"product","link":"https:\/\/www.ngdcare.nl\/da\/product\/naturligt-kaeledyrsapotek\/liposomal-da\/liposoman-lactoferrin-liposomal-lactoferrin\/","title":{"rendered":"Liposomal laktoferrin"},"content":{"rendered":"<p style=\"font-weight: 400;\"><strong>Liposomal Lactoferrin<\/strong> fra <strong>NGD Care<\/strong> er et kraftfuldt og bredt anvendeligt supplement til hunde og katte, baseret p\u00e5 lactoferrin i liposomal form. Denne formel er specielt udviklet til at maksimere absorptionen af lactoferrin, selv hos dyr med nedsat tarmfunktion, lav mavesyre eller tarmslimhindeskader. <\/p>\n<p style=\"font-weight: 400;\">Lactoferrin er et multifunktionelt, naturligt protein, der findes i moderm\u00e6lk (is\u00e6r r\u00e5m\u00e6lk), spyt og t\u00e5rer. Det har en st\u00e6rk jernbindende, antimikrobiel, immunmodulerende og antiinflammatorisk effekt. <\/p>\n<p style=\"font-weight: 400;\">Takket v\u00e6re sin liposomale form forbliver proteinet aktivt og absorberes effektivt i ford\u00f8jelseskanalen. Dette g\u00f8r den velegnet til en lang r\u00e6kke klager, fra <strong>kronisk tarmbet\u00e6ndelse<\/strong> og <strong>infektioner<\/strong> til <strong>Giardia<\/strong>, <strong>SIBO,<\/strong> <strong>Candida<\/strong>, <strong>allergier<\/strong> og <strong>bakteriel overv\u00e6kst<\/strong>. <\/p>\n","protected":false},"excerpt":{"rendered":"<div>\n<p class=\"p3\">Liposomalt lactoferrin til hunde og katte. Underst\u00f8tter tarmsundhed, immunsystem og mikrobiel balance. Ideel til infektioner, SIBO, Candida og allergier.  <\/p>\n<\/div>\n","protected":false},"featured_media":17699,"comment_status":"open","ping_status":"closed","template":"","meta":[],"product_brand":[],"product_cat":[1883,1950,1885,2118,2918],"product_tag":[3165,3065,1952,1960,1954,3163,2119,3164,3166,1899],"merken":[],"class_list":{"0":"post-6849","1":"product","2":"type-product","3":"status-publish","4":"has-post-thumbnail","6":"product_cat-fordojelse","7":"product_cat-immunsystem-da","8":"product_cat-orthomolekylaere-kosttilskud","9":"product_cat-liposomal-da","10":"product_cat-parasitter","11":"product_tag-antistoffer","12":"product_tag-betaendelse","13":"product_tag-hund-da","14":"product_tag-immunsystem-da","15":"product_tag-kat-da","16":"product_tag-lactoferrin-da","17":"product_tag-liposomal-da","18":"product_tag-ngd-care-supplement-da","19":"product_tag-reparation-af-slimhinde","20":"product_tag-tarm-sundhed","21":"infinite-scroll-item","22":"sales-flash-overlay","23":"woocommerce-text-align-center","24":"woocommerce-image-align-center","25":"do-quantity-buttons","27":"first","28":"instock","29":"taxable","30":"shipping-taxable","31":"purchasable","32":"product-type-simple"},"_links":{"self":[{"href":"https:\/\/www.ngdcare.nl\/da\/wp-json\/wp\/v2\/product\/6849","targetHints":{"allow":["GET"]}}],"collection":[{"href":"https:\/\/www.ngdcare.nl\/da\/wp-json\/wp\/v2\/product"}],"about":[{"href":"https:\/\/www.ngdcare.nl\/da\/wp-json\/wp\/v2\/types\/product"}],"replies":[{"embeddable":true,"href":"https:\/\/www.ngdcare.nl\/da\/wp-json\/wp\/v2\/comments?post=6849"}],"wp:featuredmedia":[{"embeddable":true,"href":"https:\/\/www.ngdcare.nl\/da\/wp-json\/wp\/v2\/media\/17699"}],"wp:attachment":[{"href":"https:\/\/www.ngdcare.nl\/da\/wp-json\/wp\/v2\/media?parent=6849"}],"wp:term":[{"taxonomy":"product_brand","embeddable":true,"href":"https:\/\/www.ngdcare.nl\/da\/wp-json\/wp\/v2\/product_brand?post=6849"},{"taxonomy":"product_cat","embeddable":true,"href":"https:\/\/www.ngdcare.nl\/da\/wp-json\/wp\/v2\/product_cat?post=6849"},{"taxonomy":"product_tag","embeddable":true,"href":"https:\/\/www.ngdcare.nl\/da\/wp-json\/wp\/v2\/product_tag?post=6849"},{"taxonomy":"merken","embeddable":true,"href":"https:\/\/www.ngdcare.nl\/da\/wp-json\/wp\/v2\/merken?post=6849"}],"curies":[{"name":"wp","href":"https:\/\/api.w.org\/{rel}","templated":true}]}}