{"id":6863,"date":"2024-01-25T10:04:17","date_gmt":"2024-01-25T10:04:17","guid":{"rendered":"https:\/\/www.ngdcare.nl\/product\/Ikke kategoriseret\/aroma-mund-stoette\/"},"modified":"2024-01-25T10:04:17","modified_gmt":"2024-01-25T09:04:17","slug":"aroma-mund-stoette","status":"publish","type":"product","link":"https:\/\/www.ngdcare.nl\/da\/product\/veterinary-health\/aromaterapi-da\/aroma-mund-stoette\/","title":{"rendered":"Aroma mund st\u00f8tte"},"content":{"rendered":"<p class=\"p1\"><span class=\"s1\"><br \/>\n  <b>NGD Care \u2013 Mundst\u00f8tte<\/b><br \/>\n<\/span> er en naturlig aromaterapiformel til t\u00e6nder og tandk\u00f8d hos hunde og katte. Denne mundspray best\u00e5r af \u00e6teriske olier med <span class=\"s1\"><br \/>\n  <b>antibakterielle<\/b><br \/>\n<\/span>, <span class=\"s1\"><br \/>\n  <b>antiinflammatoriske<\/b><br \/>\n<\/span> og <span class=\"s1\"><br \/>\n  <b>forfriskende<\/b><br \/>\n<\/span>egenskaber og opl\u00f8ses i destilleret vand for sikker brug i munden. <\/p>\n<p class=\"p1\">Sprayen hj\u00e6lper med:<\/p>\n<ul>\n<li>\n<p class=\"p1\"><b>D\u00e5rlig \u00e5nde (halitosis)<\/b><b><\/b><\/p>\n<\/li>\n<li>\n<p class=\"p1\"><b>Tandk\u00f8dsbet\u00e6ndelse<\/b><b><\/b><\/p>\n<\/li>\n<li>\n<p class=\"p1\"><b>Underst\u00f8ttelse af oralt mikrobiom<\/b><b><\/b><\/p>\n<\/li>\n<li>\n<p class=\"p1\"><b>Forebyggelse af plak\/tandsten<\/b><\/p>\n<\/li>\n<\/ul>\n<p class=\"p4\"><b>Aktive olier:<\/b><b><\/b><\/p>\n<ul>\n<li>\n<p class=\"p1\"><span class=\"s1\"><br \/>\n  <b>Super mynte og fennikel<\/b><br \/>\n<\/span> \u2013 for en frisk duft og mild antibakteriel effekt<\/p>\n<\/li>\n<li>\n<p class=\"p1\"><span class=\"s1\"><br \/>\n  <b>Koriander og copaiba<\/b><br \/>\n<\/span> \u2013 hj\u00e6lper med at holde tandk\u00f8det sundt gennem antibakterielle og antiinflammatoriske virkninger<\/p>\n<\/li>\n<li>\n<p class=\"p1\"><span class=\"s1\"><br \/>\n  <b>Myrra og rosmarin<\/b><br \/>\n<\/span> \u2013 traditionelt brugt til tandk\u00f8dssygdomme<\/p>\n<\/li>\n<li>\n<p class=\"p1\"><span class=\"s1\"><br \/>\n  <b>Lavendel<\/b><br \/>\n<\/span> \u2013 beroligende og beroligende p\u00e5 slimhinderne<\/p>\n<\/li>\n<\/ul>\n<p class=\"p1\">Sprayen er meget velegnet til st\u00f8tte udover at b\u00f8rste t\u00e6nder eller p\u00e5f\u00f8re en ozoncreme.<\/p>\n","protected":false},"excerpt":{"rendered":"<p class=\"p1\">NGD Care Mundst\u00f8tte er en naturlig mundspray baseret p\u00e5 \u00e6teriske olier, for at underst\u00f8tte mundhygiejnen hos hunde og katte. Opfrisker \u00e5ndedr\u00e6ttet og st\u00f8tter tandk\u00f8d og t\u00e6nder. <\/p>\n","protected":false},"featured_media":12613,"comment_status":"open","ping_status":"closed","template":"","meta":{"wds_primary_product_brand":0,"wds_primary_product_cat":19,"wds_primary_merken":0},"product_brand":[],"product_cat":[3218,3217],"product_tag":[],"merken":[],"class_list":{"0":"post-6863","1":"product","2":"type-product","3":"status-publish","4":"has-post-thumbnail","6":"product_cat-aromaterapi-da","7":"product_cat-taender","8":"infinite-scroll-item","9":"sales-flash-overlay","10":"woocommerce-text-align-center","11":"woocommerce-image-align-center","12":"do-quantity-buttons","14":"first","15":"instock","16":"taxable","17":"shipping-taxable","18":"purchasable","19":"product-type-simple"},"_links":{"self":[{"href":"https:\/\/www.ngdcare.nl\/da\/wp-json\/wp\/v2\/product\/6863","targetHints":{"allow":["GET"]}}],"collection":[{"href":"https:\/\/www.ngdcare.nl\/da\/wp-json\/wp\/v2\/product"}],"about":[{"href":"https:\/\/www.ngdcare.nl\/da\/wp-json\/wp\/v2\/types\/product"}],"replies":[{"embeddable":true,"href":"https:\/\/www.ngdcare.nl\/da\/wp-json\/wp\/v2\/comments?post=6863"}],"wp:featuredmedia":[{"embeddable":true,"href":"https:\/\/www.ngdcare.nl\/da\/wp-json\/wp\/v2\/media\/12613"}],"wp:attachment":[{"href":"https:\/\/www.ngdcare.nl\/da\/wp-json\/wp\/v2\/media?parent=6863"}],"wp:term":[{"taxonomy":"product_brand","embeddable":true,"href":"https:\/\/www.ngdcare.nl\/da\/wp-json\/wp\/v2\/product_brand?post=6863"},{"taxonomy":"product_cat","embeddable":true,"href":"https:\/\/www.ngdcare.nl\/da\/wp-json\/wp\/v2\/product_cat?post=6863"},{"taxonomy":"product_tag","embeddable":true,"href":"https:\/\/www.ngdcare.nl\/da\/wp-json\/wp\/v2\/product_tag?post=6863"},{"taxonomy":"merken","embeddable":true,"href":"https:\/\/www.ngdcare.nl\/da\/wp-json\/wp\/v2\/merken?post=6863"}],"curies":[{"name":"wp","href":"https:\/\/api.w.org\/{rel}","templated":true}]}}