{"id":6894,"date":"2025-09-27T22:57:17","date_gmt":"2025-09-27T20:57:17","guid":{"rendered":"https:\/\/www.ngdcare.nl\/product\/Ikke%20kategoriseret\/foerstehjaelpsblomst-noed-essens\/"},"modified":"2026-04-12T21:29:07","modified_gmt":"2026-04-12T19:29:07","slug":"foerstehjaelpsblomst-noed-essens","status":"publish","type":"product","link":"https:\/\/www.ngdcare.nl\/da\/product\/veterinary-health\/blomster-retsmidler\/foerstehjaelpsblomst-noed-essens\/","title":{"rendered":"N\u00f8dessens \u2013 N\u00f8dst\u00f8tte"},"content":{"rendered":"<p style=\"font-weight: 400;\" data-start=\"682\" data-end=\"1018\">Denne kraftfulde, men sk\u00e5nsomme <strong>Emergency Flower Remedy \u2013 Emergency Support er<\/strong> et energisk f\u00f8rstehj\u00e6lpsmiddel for b\u00e5de mennesker og dyr. Behandlingen hj\u00e6lper mod akut stress, traumer, fysiske eller f\u00f8lelsesm\u00e6ssige st\u00f8d, pludselig sorg, panik, ulykker eller intense oplevelser. Den virker gennem energisystemet og tilbyder fred, komfort, beskyttelse og fornyet balance.  <\/p>\n<p style=\"font-weight: 400;\" data-start=\"1020\" data-end=\"1166\">Kombinationen er inspireret af klassiske redningsmidler, men raffineret med moderne blomster, der ogs\u00e5 underst\u00f8tter dybere \u00e5ndelig integration.<\/p>\n<p data-start=\"1456\" data-end=\"1501\"><strong data-start=\"1463\" data-end=\"1499\">Sammens\u00e6tning<\/strong><\/p>\n<ul>\n<li data-start=\"1505\" data-end=\"1576\"><strong data-start=\"1505\" data-end=\"1526\">Betlehemsstjernen<\/strong> \u2013 traumel\u00f8sning, genopretter energichok<\/li>\n<li data-start=\"1579\" data-end=\"1653\"><strong data-start=\"1579\" data-end=\"1593\">AnimalCare<\/strong> \u2013 F\u00f8rstehj\u00e6lp til chok, smerte og panik (ogs\u00e5 til mennesker)<\/li>\n<li data-start=\"1656\" data-end=\"1727\"><strong data-start=\"1656\" data-end=\"1667\">Valmue<\/strong> \u2013 Overgiv dig til stress eller f\u00f8lelsesl\u00f8shed, beroliger dyb rastl\u00f8shed<\/li>\n<li data-start=\"1730\" data-end=\"1789\"><strong data-start=\"1730\" data-end=\"1745\">Maskeblomst<\/strong> \u2013 Sikkerhed i frygt, slip kontrollen<\/li>\n<li data-start=\"1792\" data-end=\"1870\"><strong data-start=\"1792\" data-end=\"1805\">Kirseb\u00e6rblomme<\/strong> \u2013 Regulerer intense f\u00f8lelser, forhindrer f\u00f8lelsesm\u00e6ssig &#8216;eksplosion&#8217;<\/li>\n<li data-start=\"1873\" data-end=\"1937\"><strong data-start=\"1873\" data-end=\"1890\">K\u00e6rlighed og h\u00e5b<\/strong> \u2013 Tr\u00f8st, bl\u00f8dhed, forbindelse i sorg<\/li>\n<li data-start=\"1940\" data-end=\"2010\"><strong data-start=\"1940\" data-end=\"1958\">Fringed Violet<\/strong> \u2013 Gendannelse af aura efter brud (fysisk\/f\u00f8lelsesm\u00e6ssig)<\/li>\n<li data-start=\"2013\" data-end=\"2079\"><strong data-start=\"2013\" data-end=\"2025\">Sugulite<\/strong> \u2013 Beskyttelse mod HSP og energisk overbelastning<\/li>\n<li data-start=\"2082\" data-end=\"2141\"><strong data-start=\"2082\" data-end=\"2095\">Tilgivelse<\/strong> \u2013 Giv slip p\u00e5 smerte og sp\u00e6ndinger, \u00e5bn hjertet<\/li>\n<\/ul>\n","protected":false},"excerpt":{"rendered":"<p>Kombination af blomster til \u00f8jeblikkelig st\u00f8tte i tilf\u00e6lde af traumer, chok, tristhed, panik eller fysisk chok. For mennesker og dyr. <\/p>\n","protected":false},"featured_media":9659,"comment_status":"open","ping_status":"closed","template":"","meta":{"wds_primary_product_brand":0,"wds_primary_product_cat":0,"wds_primary_merken":0},"product_brand":[],"product_cat":[3319],"product_tag":[3328,3320,3322,3323,3325,3321,3160,3324,3326,3327,7848],"merken":[],"class_list":{"0":"post-6894","1":"product","2":"type-product","3":"status-publish","4":"has-post-thumbnail","6":"product_cat-blomster-retsmidler","7":"product_tag-akut-chok","8":"product_tag-blomst-essens-da","9":"product_tag-energisk-beskyttelse-da","10":"product_tag-forstehjaelp-blomstrer","11":"product_tag-naturlig-ro-da","12":"product_tag-ngd-care-blossoms-da","13":"product_tag-panik-da","14":"product_tag-redningsmiddel-da","15":"product_tag-stotte-til-traumer","16":"product_tag-stress-hos-hunde-katte","17":"product_tag-stress-og-adfaerd","18":"infinite-scroll-item","19":"sales-flash-overlay","20":"woocommerce-text-align-center","21":"woocommerce-image-align-center","22":"do-quantity-buttons","24":"first","25":"instock","26":"taxable","27":"shipping-taxable","28":"purchasable","29":"product-type-simple"},"_links":{"self":[{"href":"https:\/\/www.ngdcare.nl\/da\/wp-json\/wp\/v2\/product\/6894","targetHints":{"allow":["GET"]}}],"collection":[{"href":"https:\/\/www.ngdcare.nl\/da\/wp-json\/wp\/v2\/product"}],"about":[{"href":"https:\/\/www.ngdcare.nl\/da\/wp-json\/wp\/v2\/types\/product"}],"replies":[{"embeddable":true,"href":"https:\/\/www.ngdcare.nl\/da\/wp-json\/wp\/v2\/comments?post=6894"}],"wp:featuredmedia":[{"embeddable":true,"href":"https:\/\/www.ngdcare.nl\/da\/wp-json\/wp\/v2\/media\/9659"}],"wp:attachment":[{"href":"https:\/\/www.ngdcare.nl\/da\/wp-json\/wp\/v2\/media?parent=6894"}],"wp:term":[{"taxonomy":"product_brand","embeddable":true,"href":"https:\/\/www.ngdcare.nl\/da\/wp-json\/wp\/v2\/product_brand?post=6894"},{"taxonomy":"product_cat","embeddable":true,"href":"https:\/\/www.ngdcare.nl\/da\/wp-json\/wp\/v2\/product_cat?post=6894"},{"taxonomy":"product_tag","embeddable":true,"href":"https:\/\/www.ngdcare.nl\/da\/wp-json\/wp\/v2\/product_tag?post=6894"},{"taxonomy":"merken","embeddable":true,"href":"https:\/\/www.ngdcare.nl\/da\/wp-json\/wp\/v2\/merken?post=6894"}],"curies":[{"name":"wp","href":"https:\/\/api.w.org\/{rel}","templated":true}]}}