{"id":6964,"date":"2025-09-27T23:03:29","date_gmt":"2025-09-27T21:03:29","guid":{"rendered":"https:\/\/www.ngdcare.nl\/product\/Ikke%20kategoriseret\/indre-justeringsessens-chakra-1-4-og-7\/"},"modified":"2026-01-01T15:15:59","modified_gmt":"2026-01-01T14:15:59","slug":"indre-justeringsessens-chakra-1-4-og-7","status":"publish","type":"product","link":"https:\/\/www.ngdcare.nl\/da\/product\/blomster-retsmidler\/indre-justeringsessens-chakra-1-4-og-7\/","title":{"rendered":"Indre Justeringsessens \u2013 Chakra 1, 4 og 7"},"content":{"rendered":"<p><strong>Inner Alignment<\/strong> er en omhyggeligt kurateret blomsteressens baseret p\u00e5 1., 4. og 7. chakra \u2013 aksen for legemligg\u00f8relse, k\u00e6rlighed og bevidsthed. Denne formel hj\u00e6lper med at: <\/p>\n<ul>\n<li>Land dybere i din krop (chakra 1),<\/li>\n<li>\u00c5bning af hjertet for k\u00e6rlig forbindelse (chakra 4),<\/li>\n<li>Og at forbinde dig med dit h\u00f8jere selv og din intuition (chakra 7).<\/li>\n<\/ul>\n<p>Denne kombination er is\u00e6r velegnet til <strong>meget f\u00f8lsomme mennesker eller dyr<\/strong> , der lider af f\u00f8lelser af usikkerhed, sorg, ensomhed, overstimulering eller \u00e5ndelig ubalance.<\/p>\n<p>Blandingen indeholder 12 n\u00f8je udvalgte blomster fra Star Remedies-serien. De arbejder sammen p\u00e5 et fysisk, f\u00f8lelsesm\u00e6ssigt, mentalt og \u00e5ndeligt plan for at genoprette den indre treenighed. <\/p>\n<p><strong>Indikationer:<\/strong><\/p>\n<ul>\n<li>At overleve i stedet for at leve<\/li>\n<li>Ikke at kunne &#8216;lande&#8217; ordentligt i din krop<\/li>\n<li>F\u00f8lelser af ensomhed, sorg eller fremmedg\u00f8relse<\/li>\n<li>Vanskeligheder med selvk\u00e6rlighed eller tilpasning til h\u00f8jere intuition<\/li>\n<li>Overstimulering eller energetisk s\u00e5rbarhed<\/li>\n<\/ul>\n<p><strong>Ingredienser<\/strong>:<\/p>\n<ul>\n<li><strong>Maskeblomst<\/strong> \u2013 til frig\u00f8relse af beskyttelsesmekanismer og dyb jordforbindelse<\/li>\n<li><strong>Hjulkrone<\/strong> \u2013 giver mod, komfort og blidhed<\/li>\n<li><strong>\u00c5kande<\/strong> \u2013 forbinder det \u00e6teriske legeme med det fysiske<\/li>\n<li><strong>Immortelle<\/strong> \u2013 virker karmisk og styrker sj\u00e6lens jordforbindelse<\/li>\n<li><strong>Balance<\/strong> \u2013 harmoniserer f\u00f8lelse, t\u00e6nkning og handling<\/li>\n<li><strong>Dagg\u00f8geblomst<\/strong> \u2013 mod til at vise dig selv med et \u00e5bent hjerte<\/li>\n<li><strong>Queen of the Coasts<\/strong> \u2013 \u00e5bner k\u00e6rlighedens hjerte og krone<\/li>\n<li><strong>Betlehemsstjernen<\/strong> \u2013 helbreder dybe traumer og genopretter sj\u00e6lslinjen<\/li>\n<li><strong>Knotweed<\/strong> \u2013 styrker det energetiske net jord \u2194 kosmos<\/li>\n<li><strong>Gul majblomst<\/strong> \u2013 \u00e5bner kronen bl\u00f8dt og rent<\/li>\n<li><strong>3-Unity<\/strong> \u2013 forbinder krop, sj\u00e6l og \u00e5nd p\u00e5 linje<\/li>\n<li><strong>Herb Don&#8217;t Stir Me<\/strong> \u2013 giver energisk beskyttelse i tilf\u00e6lde af overstimulering<\/li>\n<\/ul>\n","protected":false},"excerpt":{"rendered":"<p><span style=\"color: black;\">Denne kraftfulde blomsteressens forbinder rod-, hjerte- og kronechakraerne. Det underst\u00f8tter legemligg\u00f8relse, indre fred og \u00e5ndelig afstemthed. Til f\u00f8lsomme mennesker og dyr, der leder efter tryghed, forbindelse og mening.  <\/span><\/p>\n","protected":false},"featured_media":12067,"comment_status":"open","ping_status":"closed","template":"","meta":[],"product_brand":[],"product_cat":[3319],"product_tag":[3320,3553,3564,3567,3554,3562,3566,3321,3559,3556],"merken":[],"class_list":{"0":"post-6964","1":"product","2":"type-product","3":"status-publish","4":"has-post-thumbnail","6":"product_cat-blomster-retsmidler","7":"product_tag-blomst-essens-da","8":"product_tag-chakra-1-4-7-da","9":"product_tag-hjerte-abner","10":"product_tag-hoj-folsomhed","11":"product_tag-indvendig-justering","12":"product_tag-jordforbindelse","13":"product_tag-kronechakra","14":"product_tag-ngd-care-blossoms-da","15":"product_tag-spirituel-forbindelse","16":"product_tag-stjerne-retsmidler","17":"infinite-scroll-item","18":"sales-flash-overlay","19":"woocommerce-text-align-center","20":"woocommerce-image-align-center","21":"do-quantity-buttons","23":"first","24":"instock","25":"taxable","26":"shipping-taxable","27":"purchasable","28":"product-type-simple"},"_links":{"self":[{"href":"https:\/\/www.ngdcare.nl\/da\/wp-json\/wp\/v2\/product\/6964","targetHints":{"allow":["GET"]}}],"collection":[{"href":"https:\/\/www.ngdcare.nl\/da\/wp-json\/wp\/v2\/product"}],"about":[{"href":"https:\/\/www.ngdcare.nl\/da\/wp-json\/wp\/v2\/types\/product"}],"replies":[{"embeddable":true,"href":"https:\/\/www.ngdcare.nl\/da\/wp-json\/wp\/v2\/comments?post=6964"}],"wp:featuredmedia":[{"embeddable":true,"href":"https:\/\/www.ngdcare.nl\/da\/wp-json\/wp\/v2\/media\/12067"}],"wp:attachment":[{"href":"https:\/\/www.ngdcare.nl\/da\/wp-json\/wp\/v2\/media?parent=6964"}],"wp:term":[{"taxonomy":"product_brand","embeddable":true,"href":"https:\/\/www.ngdcare.nl\/da\/wp-json\/wp\/v2\/product_brand?post=6964"},{"taxonomy":"product_cat","embeddable":true,"href":"https:\/\/www.ngdcare.nl\/da\/wp-json\/wp\/v2\/product_cat?post=6964"},{"taxonomy":"product_tag","embeddable":true,"href":"https:\/\/www.ngdcare.nl\/da\/wp-json\/wp\/v2\/product_tag?post=6964"},{"taxonomy":"merken","embeddable":true,"href":"https:\/\/www.ngdcare.nl\/da\/wp-json\/wp\/v2\/merken?post=6964"}],"curies":[{"name":"wp","href":"https:\/\/api.w.org\/{rel}","templated":true}]}}