{"id":6966,"date":"2025-09-15T21:16:52","date_gmt":"2025-09-15T19:16:52","guid":{"rendered":"https:\/\/www.ngdcare.nl\/product\/Ikke%20kategoriseret\/ozon-jojoba-oeredraaber-oeredraaber\/"},"modified":"2026-03-29T14:18:05","modified_gmt":"2026-03-29T12:18:05","slug":"ozon-jojoba-oeredraaber-oeredraaber","status":"publish","type":"product","link":"https:\/\/www.ngdcare.nl\/da\/product\/orer\/ozon-jojoba-oeredraaber-oeredraaber\/","title":{"rendered":"Ozon Jojoba \u00f8redr\u00e5ber \u2013 \u00d8redr\u00e5ber"},"content":{"rendered":"<p data-start=\"5243\" data-end=\"5799\">Ozone Jojoba <strong data-start=\"5317\" data-end=\"5330\">\u00f8redr\u00e5ber \u2013 \u00d8redr\u00e5ber<\/strong> er <strong data-start=\"5336\" data-end=\"5379\">milde, let ozonerede \u00f8redr\u00e5ber<\/strong> baseret p\u00e5 <strong data-start=\"5393\" data-end=\"5408\">jojobaolie<\/strong>. Den <strong data-start=\"5413\" data-end=\"5433\">lave viskositet <\/strong>sikrer, at dr\u00e5berne f\u00f8les <strong data-start=\"5456\" data-end=\"5471\">behagelige<\/strong> og bliver <strong data-start=\"5485\" data-end=\"5512\">siddende lidt l\u00e6ngere<\/strong> end vandige opl\u00f8sninger. Den <strong data-start=\"5550\" data-end=\"5565\">duftfri<\/strong> sammens\u00e6tning er beregnet til <strong data-start=\"5596\" data-end=\"5624\">udvendig \u00f8repleje<\/strong> (pinna og ydre \u00f8regang). Denne jojobaolie ozoniseres i kortere tid sammenlignet med jojobabalsam. Det holder olien flydende og nem at inds\u00e6tte i \u00f8ret og massere.   <\/p>\n<p data-start=\"5801\" data-end=\"5851\"><strong data-start=\"5801\" data-end=\"5849\">Anvendelsesomr\u00e5der <\/strong>er daglig pleje af det ydre \u00f8re og den ydre \u00f8regang. Den ozonerede jojobaolie tr\u00e6nger godt igennem \u00f8rets patogene biofilm i tilf\u00e6lde af for meget produktion af \u00f8revoks, men ogs\u00e5 til st\u00f8tte for \u00f8reinfektioner (otitis externa) p\u00e5 grund af bakteriel eller g\u00e6roverv\u00e6kst. <\/p>\n<p data-start=\"6316\" data-end=\"6433\">\n","protected":false},"excerpt":{"rendered":"<p>Ozone Jojoba <strong data-start=\"5317\" data-end=\"5330\">\u00f8redr\u00e5ber \u2013 \u00d8redr\u00e5ber<\/strong> er <strong data-start=\"5336\" data-end=\"5379\">blide, let ozonerede \u00f8redr\u00e5ber<\/strong> baseret p\u00e5 <strong data-start=\"5393\" data-end=\"5408\">jojobaolie.<\/strong><\/p>\n","protected":false},"featured_media":17394,"comment_status":"open","ping_status":"closed","template":"","meta":{"wds_primary_product_brand":0,"wds_primary_product_cat":0,"wds_primary_merken":0},"product_brand":[],"product_cat":[3568,3569],"product_tag":[3575,3571,3572,3573,3570],"merken":[],"class_list":{"0":"post-6966","1":"product","2":"type-product","3":"status-publish","4":"has-post-thumbnail","6":"product_cat-orer","7":"product_cat-ozon-da","8":"product_tag-oredraber","9":"product_tag-ozoneret-jojoba","10":"product_tag-pleje-af-hundeore","11":"product_tag-pleje-af-katteore","12":"product_tag-uden-parfume","13":"infinite-scroll-item","14":"sales-flash-overlay","15":"woocommerce-text-align-center","16":"woocommerce-image-align-center","17":"do-quantity-buttons","19":"first","20":"instock","21":"taxable","22":"shipping-taxable","23":"purchasable","24":"product-type-simple"},"_links":{"self":[{"href":"https:\/\/www.ngdcare.nl\/da\/wp-json\/wp\/v2\/product\/6966","targetHints":{"allow":["GET"]}}],"collection":[{"href":"https:\/\/www.ngdcare.nl\/da\/wp-json\/wp\/v2\/product"}],"about":[{"href":"https:\/\/www.ngdcare.nl\/da\/wp-json\/wp\/v2\/types\/product"}],"replies":[{"embeddable":true,"href":"https:\/\/www.ngdcare.nl\/da\/wp-json\/wp\/v2\/comments?post=6966"}],"wp:featuredmedia":[{"embeddable":true,"href":"https:\/\/www.ngdcare.nl\/da\/wp-json\/wp\/v2\/media\/17394"}],"wp:attachment":[{"href":"https:\/\/www.ngdcare.nl\/da\/wp-json\/wp\/v2\/media?parent=6966"}],"wp:term":[{"taxonomy":"product_brand","embeddable":true,"href":"https:\/\/www.ngdcare.nl\/da\/wp-json\/wp\/v2\/product_brand?post=6966"},{"taxonomy":"product_cat","embeddable":true,"href":"https:\/\/www.ngdcare.nl\/da\/wp-json\/wp\/v2\/product_cat?post=6966"},{"taxonomy":"product_tag","embeddable":true,"href":"https:\/\/www.ngdcare.nl\/da\/wp-json\/wp\/v2\/product_tag?post=6966"},{"taxonomy":"merken","embeddable":true,"href":"https:\/\/www.ngdcare.nl\/da\/wp-json\/wp\/v2\/merken?post=6966"}],"curies":[{"name":"wp","href":"https:\/\/api.w.org\/{rel}","templated":true}]}}