{"id":6979,"date":"2025-09-27T23:00:00","date_gmt":"2025-09-27T21:00:00","guid":{"rendered":"https:\/\/www.ngdcare.nl\/product\/Ikke%20kategoriseret\/udtryk-essens-chakra-2-og-5\/"},"modified":"2026-03-30T10:05:16","modified_gmt":"2026-03-30T08:05:16","slug":"udtryk-essens-chakra-2-og-5","status":"publish","type":"product","link":"https:\/\/www.ngdcare.nl\/da\/product\/blomster-retsmidler\/udtryk-essens-chakra-2-og-5\/","title":{"rendered":"Udtryk essens \u2013 Chakra 2 og 5"},"content":{"rendered":"<p style=\"font-weight: 400;\">Denne omhyggeligt sammensatte blomsteressens <strong>Expression \u2013 Chakra 2 &amp; 5<\/strong> underst\u00f8tter forbindelsen mellem det andet (hellige) chakra og det femte (hals) chakra. Det hj\u00e6lper dig med at forbinde dig med dit indre flow, din kreative livsenergi og din evne til at udtrykke dig selv ud fra bl\u00f8dhed og sandhed. <\/p>\n<p style=\"font-weight: 400;\" data-start=\"1135\" data-end=\"1379\">Mange mennesker \u2013 og dyr \u2013 oplever blokeringer p\u00e5 denne akse: vanskeligheder med at udtrykke f\u00f8lelser, kreativ stagnation, frygt for at vise sig selv eller overdreven f\u00f8lelsesm\u00e6ssig f\u00f8lsomhed. Denne blomsteressens giver beroligelse, beskyttelse og plads. <\/p>\n<p style=\"font-weight: 400;\" data-start=\"1381\" data-end=\"1399\"><strong data-start=\"1381\" data-end=\"1397\">Programmer<\/strong><\/p>\n<ul>\n<li data-start=\"1402\" data-end=\"1460\">I tilf\u00e6lde af f\u00f8lelsesm\u00e6ssige blokeringer (f.eks. tristhed, skam, skyld)<\/li>\n<li data-start=\"1463\" data-end=\"1503\">Vanskeligheder med selvudfoldelse eller kommunikation<\/li>\n<li data-start=\"1506\" data-end=\"1563\">Problemer omkring kreativitet, sensualitet eller intimitet<\/li>\n<li data-start=\"1566\" data-end=\"1619\">H\u00f8j f\u00f8lsomhed eller overstimulering af halsomr\u00e5det<\/li>\n<li data-start=\"1622\" data-end=\"1679\">Underst\u00f8tter hormonel ubalance eller halslidelser<\/li>\n<\/ul>\n<p style=\"font-weight: 400;\" data-start=\"1681\" data-end=\"1725\"><strong data-start=\"1681\" data-end=\"1723\">Sammens\u00e6tning<\/strong><\/p>\n<ul>\n<li data-start=\"1728\" data-end=\"1787\"><strong data-start=\"1728\" data-end=\"1741\">Tilgivelse<\/strong> \u2013 kerneblomst til at give slip, \u00e5bner hjertet<\/li>\n<li data-start=\"1790\" data-end=\"1853\"><strong data-start=\"1790\" data-end=\"1806\">Kopersille<\/strong> \u2013 for legesyge, kreativitet og lethed<\/li>\n<li data-start=\"1856\" data-end=\"1916\"><strong data-start=\"1856\" data-end=\"1872\">Koralkaktus<\/strong> \u2013 bl\u00f8dt feminint flow, sensualitet<\/li>\n<li data-start=\"1919\" data-end=\"1971\"><strong data-start=\"1919\" data-end=\"1939\">Dagg\u00f8geblomst<\/strong> \u2013 at turde v\u00e6re dig selv og udtrykke dig selv<\/li>\n<li data-start=\"1974\" data-end=\"2036\"><strong data-start=\"1974\" data-end=\"1995\">Betlehemsstjernen<\/strong> \u2013 helbredelse af dybe f\u00f8lelsesm\u00e6ssige traumer<\/li>\n<li data-start=\"2039\" data-end=\"2092\"><strong data-start=\"2039\" data-end=\"2059\">Indisk mandel<\/strong> \u2013 beskyttelse i tilf\u00e6lde af f\u00f8lsomhed<\/li>\n<li data-start=\"2095\" data-end=\"2161\"><strong data-start=\"2095\" data-end=\"2112\">Love &amp; Hope<\/strong> \u2013 f\u00f8lelsesm\u00e6ssig bl\u00f8dg\u00f8ring og inderseng<\/li>\n<li data-start=\"2164\" data-end=\"2211\"><strong data-start=\"2164\" data-end=\"2172\">Rose<\/strong> \u2013 bl\u00f8d hjerteenergi i kommunikation<\/li>\n<li data-start=\"2214\" data-end=\"2269\"><strong data-start=\"2214\" data-end=\"2227\">3-Enhed<\/strong> \u2013 tilpasning af krop, sj\u00e6l og \u00e5nd<\/li>\n<li data-start=\"2272\" data-end=\"2338\"><strong data-start=\"2272\" data-end=\"2289\">Sommerfuglebusk<\/strong> \u2013 Transformation og selvtillid i udtryk<\/li>\n<li data-start=\"2341\" data-end=\"2403\"><strong data-start=\"2341\" data-end=\"2353\">Turkis<\/strong> \u2013 styrker forbindelsen mellem f\u00f8lelse og udtryk<\/li>\n<\/ul>\n<p style=\"font-weight: 400;\" data-start=\"2405\" data-end=\"2585\">Brug denne essens i overgangsfaser, som st\u00f8tte i kreative eller relationelle processer, eller n\u00e5r tale og f\u00f8lelser kan (re)tilpasse sig den, du virkelig er.<\/p>\n","protected":false},"excerpt":{"rendered":"<div>\n<p>Blomsteressens til f\u00f8lelsesm\u00e6ssigt flow og selvudfoldelse. Udtryk hj\u00e6lper med at \u00e5bne det andet og femte chakra, underst\u00f8tter blokeringer inden for kreativitet, sensualitet, sandhed og kommunikation. <\/p>\n<\/div>\n","protected":false},"featured_media":17443,"comment_status":"open","ping_status":"closed","template":"","meta":{"wds_primary_product_brand":0,"wds_primary_product_cat":0,"wds_primary_merken":0},"product_brand":[],"product_cat":[3319],"product_tag":[3320,3653,3654,3322,3657,3658,3567,3655,3321,3656],"merken":[],"class_list":{"0":"post-6979","1":"product","2":"type-product","3":"status-publish","4":"has-post-thumbnail","6":"product_cat-blomster-retsmidler","7":"product_tag-blomst-essens-da","8":"product_tag-chakra-2-da","9":"product_tag-chakra-5-da","10":"product_tag-energisk-beskyttelse-da","11":"product_tag-folelsesmaessig-helbredelse","12":"product_tag-folsomme-dyr-da","13":"product_tag-hoj-folsomhed","14":"product_tag-kreativitet-da","15":"product_tag-ngd-care-blossoms-da","16":"product_tag-selvudfoldelse","17":"infinite-scroll-item","18":"sales-flash-overlay","19":"woocommerce-text-align-center","20":"woocommerce-image-align-center","21":"do-quantity-buttons","23":"first","24":"instock","25":"taxable","26":"shipping-taxable","27":"purchasable","28":"product-type-simple"},"_links":{"self":[{"href":"https:\/\/www.ngdcare.nl\/da\/wp-json\/wp\/v2\/product\/6979","targetHints":{"allow":["GET"]}}],"collection":[{"href":"https:\/\/www.ngdcare.nl\/da\/wp-json\/wp\/v2\/product"}],"about":[{"href":"https:\/\/www.ngdcare.nl\/da\/wp-json\/wp\/v2\/types\/product"}],"replies":[{"embeddable":true,"href":"https:\/\/www.ngdcare.nl\/da\/wp-json\/wp\/v2\/comments?post=6979"}],"wp:featuredmedia":[{"embeddable":true,"href":"https:\/\/www.ngdcare.nl\/da\/wp-json\/wp\/v2\/media\/17443"}],"wp:attachment":[{"href":"https:\/\/www.ngdcare.nl\/da\/wp-json\/wp\/v2\/media?parent=6979"}],"wp:term":[{"taxonomy":"product_brand","embeddable":true,"href":"https:\/\/www.ngdcare.nl\/da\/wp-json\/wp\/v2\/product_brand?post=6979"},{"taxonomy":"product_cat","embeddable":true,"href":"https:\/\/www.ngdcare.nl\/da\/wp-json\/wp\/v2\/product_cat?post=6979"},{"taxonomy":"product_tag","embeddable":true,"href":"https:\/\/www.ngdcare.nl\/da\/wp-json\/wp\/v2\/product_tag?post=6979"},{"taxonomy":"merken","embeddable":true,"href":"https:\/\/www.ngdcare.nl\/da\/wp-json\/wp\/v2\/merken?post=6979"}],"curies":[{"name":"wp","href":"https:\/\/api.w.org\/{rel}","templated":true}]}}