{"id":6981,"date":"2025-09-27T23:26:38","date_gmt":"2025-09-27T21:26:38","guid":{"rendered":"https:\/\/www.ngdcare.nl\/product\/Ikke%20kategoriseret\/operatie-herstelpakket-kirurgisk-genopretningssaet\/"},"modified":"2025-10-15T21:04:36","modified_gmt":"2025-10-15T19:04:36","slug":"operatie-herstelpakket-kirurgisk-genopretningssaet","status":"publish","type":"product","link":"https:\/\/www.ngdcare.nl\/da\/product\/protokoller\/operatie-herstelpakket-kirurgisk-genopretningssaet\/","title":{"rendered":"Operatie herstelpakket \u2013 Kirurgisk genopretningss\u00e6t"},"content":{"rendered":"<p style=\"font-weight: 400;\" data-start=\"674\" data-end=\"904\"><strong data-start=\"678\" data-end=\"703\">Operation Recovery Package<\/strong> fra NGD Care er specielt formuleret til restitutionsfasen efter operation hos b\u00e5de dyr og mennesker. Denne naturlige kombinationspakke tilbyder st\u00f8tte p\u00e5 et fysisk, energisk og f\u00f8lelsesm\u00e6ssigt plan. <\/p>\n<p style=\"font-weight: 400;\" data-start=\"906\" data-end=\"1105\">Den kraftfulde sammens\u00e6tning fremmer fjernelse af rester efter an\u00e6stesi eller medicin, underst\u00f8tter s\u00e5rheling og genopretning og hj\u00e6lper med at behandle stress, traumer eller forvirring efter proceduren.<\/p>\n<p data-start=\"1112\" data-end=\"1147\">Pakken best\u00e5r af 3 kosttilskud.<\/p>\n<ul>\n<li data-start=\"1152\" data-end=\"1372\"><strong data-start=\"1152\" data-end=\"1201\">Essens efter operativ genopretning  <\/strong>\n<ul>\n<li data-start=\"1152\" data-end=\"1372\">Blomsteressens, som indeholder et energisk aftryk af terra, englesv\u00e6rd, frynset viol, rhodolit granat, dyrepleje, k\u00e6rlighed og h\u00e5b, Betlehemsstjerne, valmue, maskeblomst og barmhjertighedsurt.<\/li>\n<li data-start=\"1152\" data-end=\"1372\">Underst\u00f8tter energetisk restitution, traumeintegration og indre ro efter operationen.<\/li>\n<\/ul>\n<\/li>\n<li data-start=\"1377\" data-end=\"1532\"><strong data-start=\"1377\" data-end=\"1430\">Chlorella-Spirulina-Alfalfa blanding<\/strong>\n<ul>\n<li data-start=\"1377\" data-end=\"1532\">Til naturlig afgiftning, lever- og nyrest\u00f8tte, rig p\u00e5 klorofyl og antioxidanter.<\/li>\n<\/ul>\n<\/li>\n<li data-start=\"1537\" data-end=\"1701\"><strong data-start=\"1537\" data-end=\"1570\">PEA\/Boswellia-komplekset  <\/strong>\n<ul>\n<li data-start=\"1537\" data-end=\"1701\">Hj\u00e6lper med bet\u00e6ndelsesh\u00e6mning, underst\u00f8tter v\u00e6vsreparation og immunfunktion. Naturligt alternativ til almindelige smertestillende midler. <\/li>\n<\/ul>\n<\/li>\n<\/ul>\n<p data-start=\"1708\" data-end=\"1740\">Hvis der er givet en antibiotikakur under operationen, anbefaler vi at tilf\u00f8je vores <strong>pr\u00e6biotika<\/strong> og <strong>probiotika<\/strong> .<\/p>\n<p data-start=\"1708\" data-end=\"1740\">Vi anbefaler at tilf\u00f8je <strong>\u00e6ggeskalsmembranen<\/strong> i ortop\u00e6dkirurgi.<\/p>\n","protected":false},"excerpt":{"rendered":"<p>St\u00f8tte efter operationen med en kraftfuld, naturlig restitutionspakke. Med blomsteressens, PEA og chlorella for at fremme detox, healing og indre balance. <\/p>\n","protected":false},"featured_media":0,"comment_status":"open","ping_status":"closed","template":"","meta":[],"product_brand":[],"product_cat":[2526],"product_tag":[3320,3672,3670,3674,3673,3668,2763,2637,3666,3676],"merken":[],"class_list":{"0":"post-6981","1":"product","2":"type-product","3":"status-publish","5":"product_cat-protokoller","6":"product_tag-blomst-essens-da","7":"product_tag-chlorella-detox-da","8":"product_tag-curcuma-supplement-da","9":"product_tag-detox-efter-anaestesi","10":"product_tag-energisk-restitution","11":"product_tag-gendannelse-af-operation","12":"product_tag-naturlig-antiinflammatorisk","13":"product_tag-ngd-pleje","14":"product_tag-postoperativt","15":"product_tag-sarheling","16":"infinite-scroll-item","17":"sales-flash-overlay","18":"woocommerce-text-align-center","19":"woocommerce-image-align-center","20":"do-quantity-buttons","22":"first","23":"instock","24":"sale","25":"taxable","26":"shipping-taxable","27":"purchasable","28":"product-type-simple"},"_links":{"self":[{"href":"https:\/\/www.ngdcare.nl\/da\/wp-json\/wp\/v2\/product\/6981","targetHints":{"allow":["GET"]}}],"collection":[{"href":"https:\/\/www.ngdcare.nl\/da\/wp-json\/wp\/v2\/product"}],"about":[{"href":"https:\/\/www.ngdcare.nl\/da\/wp-json\/wp\/v2\/types\/product"}],"replies":[{"embeddable":true,"href":"https:\/\/www.ngdcare.nl\/da\/wp-json\/wp\/v2\/comments?post=6981"}],"wp:attachment":[{"href":"https:\/\/www.ngdcare.nl\/da\/wp-json\/wp\/v2\/media?parent=6981"}],"wp:term":[{"taxonomy":"product_brand","embeddable":true,"href":"https:\/\/www.ngdcare.nl\/da\/wp-json\/wp\/v2\/product_brand?post=6981"},{"taxonomy":"product_cat","embeddable":true,"href":"https:\/\/www.ngdcare.nl\/da\/wp-json\/wp\/v2\/product_cat?post=6981"},{"taxonomy":"product_tag","embeddable":true,"href":"https:\/\/www.ngdcare.nl\/da\/wp-json\/wp\/v2\/product_tag?post=6981"},{"taxonomy":"merken","embeddable":true,"href":"https:\/\/www.ngdcare.nl\/da\/wp-json\/wp\/v2\/merken?post=6981"}],"curies":[{"name":"wp","href":"https:\/\/api.w.org\/{rel}","templated":true}]}}