{"id":6985,"date":"2025-09-27T23:05:20","date_gmt":"2025-09-27T21:05:20","guid":{"rendered":"https:\/\/www.ngdcare.nl\/product\/Ikke%20kategoriseret\/essens-af-tarmfoelelse-chakra-3-og-6\/"},"modified":"2026-03-29T14:30:41","modified_gmt":"2026-03-29T12:30:41","slug":"essens-af-tarmfoelelse-chakra-3-og-6","status":"publish","type":"product","link":"https:\/\/www.ngdcare.nl\/da\/product\/veterinary-health\/blomster-retsmidler\/essens-af-tarmfoelelse-chakra-3-og-6\/","title":{"rendered":"Essens af tarmf\u00f8lelse \u2013 Chakra 3 og 6"},"content":{"rendered":"<p style=\"font-weight: 400;\" data-start=\"379\" data-end=\"758\">Blomsteressensen <strong>Gut Feeling<\/strong> er en n\u00f8je sammensat kombination af blomster, der forbinder det 3. chakra (personlig kraft) og det 6. chakra (intuition og indsigt). Denne kombination er beregnet til mennesker og dyr, der har sv\u00e6rt ved at tr\u00e6ffe valg, mangler selvtillid eller er for meget &#8216;i hovedet&#8217;. <\/p>\n<p style=\"font-weight: 400;\" data-start=\"760\" data-end=\"1108\">Hvor det tredje chakra handler om beslutsomhed, vilje og retning, st\u00e5r det sjette chakra for intuitiv perception og indre viden. Hvis disse centre ikke er i balance, opst\u00e5r der ofte forvirring, ubeslutsomhed eller overdreven kontrol. Denne blomst er med til at harmonisere t\u00e6nkning, f\u00f8lelse og handling \u2013 fra et rent indre kompas.  <\/p>\n<p style=\"font-weight: 400;\" data-start=\"1110\" data-end=\"1251\"><strong>Ans\u00f8gning<\/strong>:<\/p>\n<p style=\"font-weight: 400;\" data-start=\"1110\" data-end=\"1251\">med stress, bekymring, frygt for fiasko, blokeringer i beslutningstagningen, manglende tillid til intuitionen, overstimulering eller udbr\u00e6ndthed.<\/p>\n<p style=\"font-weight: 400;\" data-start=\"1110\" data-end=\"1251\"><strong data-start=\"1311\" data-end=\"1359\">Indeholder f\u00f8lgende blomster:<\/strong><\/p>\n<ul>\n<li data-start=\"1364\" data-end=\"1410\"><strong data-start=\"1364\" data-end=\"1377\">Plumb<\/strong> \u2013 intuitiv handling og retning<\/li>\n<li data-start=\"1413\" data-end=\"1458\"><strong data-start=\"1413\" data-end=\"1429\">Kopersille<\/strong> \u2013 afslappet selvudfoldelse<\/li>\n<li data-start=\"1461\" data-end=\"1533\"><strong data-start=\"1461\" data-end=\"1478\">Sommerfuglebusk<\/strong> \u2013 indre styrke, der bryder fri af gamle overbevisninger<\/li>\n<li data-start=\"1536\" data-end=\"1589\"><strong data-start=\"1536\" data-end=\"1551\">Wild Apple<\/strong> \u2013 udrensning af begr\u00e6nsende selvbillede<\/li>\n<li data-start=\"1592\" data-end=\"1654\"><strong data-start=\"1592\" data-end=\"1613\">Betlehemsstjernen<\/strong> \u2013 genopretning efter chok, traumer eller udbr\u00e6ndthed<\/li>\n<li><strong>Sumpmorgenfrue<\/strong> \u2013 aktivering af det tredje \u00f8je<\/li>\n<li data-start=\"1707\" data-end=\"1757\"><strong data-start=\"1707\" data-end=\"1719\">Barnet<\/strong> \u2013 tillid til intuitive impulser<\/li>\n<li data-start=\"1760\" data-end=\"1808\"><strong data-start=\"1760\" data-end=\"1770\">Ismene<\/strong> \u2013 f\u00f8lsomhed, indre viden<\/li>\n<li data-start=\"1811\" data-end=\"1858\"><strong data-start=\"1811\" data-end=\"1824\">Hortensia<\/strong> \u2013 balance mellem hoved og f\u00f8lelse<\/li>\n<li data-start=\"1861\" data-end=\"1919\"><strong data-start=\"1861\" data-end=\"1875\">Immortelle<\/strong> \u2013 sj\u00e6lens hukommelse, \u00e5ndelig fordybelse<\/li>\n<li data-start=\"1922\" data-end=\"1971\"><strong data-start=\"1922\" data-end=\"1932\">Balance<\/strong> \u2013 harmoniserer vilje, t\u00e6nkning og f\u00f8lelse<\/li>\n<li data-start=\"1974\" data-end=\"2033\"><strong data-start=\"1974\" data-end=\"1998\">Spice Don&#8217;t r\u00f8r me<\/strong> \u2013 beskyttelse mod overstimulering<\/li>\n<\/ul>\n","protected":false},"excerpt":{"rendered":"<p>Blomsterkombination for indre styrke og klar intuition. Hj\u00e6lper med valgstress, tvivl, tab af kontrol eller overv\u00e6ldelse. St\u00f8tter de 3. og 6. chakraer (solar plexus og tredje \u00f8je) i deres samarbejde.  <\/p>\n","protected":false},"featured_media":17433,"comment_status":"open","ping_status":"closed","template":"","meta":{"wds_primary_product_brand":0,"wds_primary_product_cat":0,"wds_primary_merken":0},"product_brand":[],"product_cat":[3319],"product_tag":[3706,3704,3705,3700,3701,3707,2637,3708,3702,3556,3703],"merken":[],"class_list":{"0":"post-6985","1":"product","2":"type-product","3":"status-publish","4":"has-post-thumbnail","6":"product_cat-blomster-retsmidler","7":"product_tag-andelig-stotte","8":"product_tag-blomst-essens-selvtillid","9":"product_tag-blossom-intuition-da","10":"product_tag-chakra-3-da","11":"product_tag-chakra-6-da","12":"product_tag-indre-styrke","13":"product_tag-ngd-pleje","14":"product_tag-overstimulering-da","15":"product_tag-sollys","16":"product_tag-stjerne-retsmidler","17":"product_tag-tredje-oje","18":"infinite-scroll-item","19":"sales-flash-overlay","20":"woocommerce-text-align-center","21":"woocommerce-image-align-center","22":"do-quantity-buttons","24":"first","25":"instock","26":"taxable","27":"shipping-taxable","28":"purchasable","29":"product-type-simple"},"_links":{"self":[{"href":"https:\/\/www.ngdcare.nl\/da\/wp-json\/wp\/v2\/product\/6985","targetHints":{"allow":["GET"]}}],"collection":[{"href":"https:\/\/www.ngdcare.nl\/da\/wp-json\/wp\/v2\/product"}],"about":[{"href":"https:\/\/www.ngdcare.nl\/da\/wp-json\/wp\/v2\/types\/product"}],"replies":[{"embeddable":true,"href":"https:\/\/www.ngdcare.nl\/da\/wp-json\/wp\/v2\/comments?post=6985"}],"wp:featuredmedia":[{"embeddable":true,"href":"https:\/\/www.ngdcare.nl\/da\/wp-json\/wp\/v2\/media\/17433"}],"wp:attachment":[{"href":"https:\/\/www.ngdcare.nl\/da\/wp-json\/wp\/v2\/media?parent=6985"}],"wp:term":[{"taxonomy":"product_brand","embeddable":true,"href":"https:\/\/www.ngdcare.nl\/da\/wp-json\/wp\/v2\/product_brand?post=6985"},{"taxonomy":"product_cat","embeddable":true,"href":"https:\/\/www.ngdcare.nl\/da\/wp-json\/wp\/v2\/product_cat?post=6985"},{"taxonomy":"product_tag","embeddable":true,"href":"https:\/\/www.ngdcare.nl\/da\/wp-json\/wp\/v2\/product_tag?post=6985"},{"taxonomy":"merken","embeddable":true,"href":"https:\/\/www.ngdcare.nl\/da\/wp-json\/wp\/v2\/merken?post=6985"}],"curies":[{"name":"wp","href":"https:\/\/api.w.org\/{rel}","templated":true}]}}