{"id":6996,"date":"2025-05-30T00:05:46","date_gmt":"2025-05-29T22:05:46","guid":{"rendered":"https:\/\/www.ngdcare.nl\/product\/Ikke%20kategoriseret\/5-greener\/"},"modified":"2025-11-26T22:43:32","modified_gmt":"2025-11-26T21:43:32","slug":"5-greener","status":"publish","type":"product","link":"https:\/\/www.ngdcare.nl\/da\/product\/veterinary-health\/berigelse\/mad-toppings\/5-greener\/","title":{"rendered":"Fem gr\u00f8nne"},"content":{"rendered":"<p data-start=\"3693\" data-end=\"4089\"><strong>Five Greens<\/strong> best\u00e5r af fem klorofyllrige gr\u00e6sarter: <strong>Kamut<\/strong> (gammel hvedegr\u00e6s), <strong>byggr\u00e6s<\/strong>, <strong>havregr\u00e6s<\/strong>, <strong>hvedegr\u00e6s<\/strong> og <strong>lucerne<\/strong>. Disse ingredienser indeholder naturlige mineraler, fyton\u00e6ringsstoffer og vegetabilske farvestoffer, som traditionelt er blevet brugt som supplement til den daglige kost. Gr\u00f8nne planter indeholder ogs\u00e5 fibre og mikron\u00e6ringsstoffer, der passer til en varieret og naturlig kost. De er koldpressede for at sikre kvalitet og indeholder mange vitaminer (forskellige B-vitaminer), mineraler (jern, zink, magnesium og fosfor) samt enzymer. Den indeholder en h\u00f8j koncentration af klorofyl.    <\/p>\n<p data-start=\"4091\" data-end=\"4509\">Kombinationen af disse fem gr\u00e6sser giver en ren og neutral smag, der passer godt til n\u00e6sten ethvert m\u00e5ltid. Five Greens er nemt at tils\u00e6tte til smoothies, yoghurt, vand, hjemmelavede snacks, frisk k\u00f8d, d\u00e5semad eller t\u00f8rfoder. Blandingen er en enkel m\u00e5de at \u00f8ge indtaget af gr\u00f8nne planter p\u00e5, b\u00e5de hos aktive personer og i situationer, hvor ekstra st\u00f8tte eller variation \u00f8nskes.  <\/p>\n<p data-start=\"4511\" data-end=\"4780\">Denne superfood-blanding passer ind i daglige rutiner for mennesker og dyr og kan bruges \u00e5ret rundt. Balancen mellem forskellige gr\u00f8nne planter skaber en alsidig og komplet gr\u00f8n blanding, der egner sig til langvarig, mild st\u00f8tte. <\/p>\n","protected":false},"excerpt":{"rendered":"<p data-start=\"7392\" data-end=\"7532\">Five Greens er en ren gr\u00f8n superfood-blanding med fem klorofylrige gr\u00e6sser til daglige mineraler, antioxidanter og naturlig energi.<\/p>\n","protected":false},"featured_media":11165,"comment_status":"open","ping_status":"closed","template":"","meta":{"wds_primary_product_brand":0,"wds_primary_product_cat":15,"wds_primary_merken":0},"product_brand":[],"product_cat":[3494,4775],"product_tag":[],"merken":[],"class_list":{"0":"post-6996","1":"product","2":"type-product","3":"status-publish","4":"has-post-thumbnail","6":"product_cat-mad-toppings","7":"product_cat-superfoods-da","8":"infinite-scroll-item","9":"sales-flash-overlay","10":"woocommerce-text-align-center","11":"woocommerce-image-align-center","12":"do-quantity-buttons","14":"first","15":"instock","16":"taxable","17":"shipping-taxable","18":"purchasable","19":"product-type-simple"},"_links":{"self":[{"href":"https:\/\/www.ngdcare.nl\/da\/wp-json\/wp\/v2\/product\/6996","targetHints":{"allow":["GET"]}}],"collection":[{"href":"https:\/\/www.ngdcare.nl\/da\/wp-json\/wp\/v2\/product"}],"about":[{"href":"https:\/\/www.ngdcare.nl\/da\/wp-json\/wp\/v2\/types\/product"}],"replies":[{"embeddable":true,"href":"https:\/\/www.ngdcare.nl\/da\/wp-json\/wp\/v2\/comments?post=6996"}],"wp:featuredmedia":[{"embeddable":true,"href":"https:\/\/www.ngdcare.nl\/da\/wp-json\/wp\/v2\/media\/11165"}],"wp:attachment":[{"href":"https:\/\/www.ngdcare.nl\/da\/wp-json\/wp\/v2\/media?parent=6996"}],"wp:term":[{"taxonomy":"product_brand","embeddable":true,"href":"https:\/\/www.ngdcare.nl\/da\/wp-json\/wp\/v2\/product_brand?post=6996"},{"taxonomy":"product_cat","embeddable":true,"href":"https:\/\/www.ngdcare.nl\/da\/wp-json\/wp\/v2\/product_cat?post=6996"},{"taxonomy":"product_tag","embeddable":true,"href":"https:\/\/www.ngdcare.nl\/da\/wp-json\/wp\/v2\/product_tag?post=6996"},{"taxonomy":"merken","embeddable":true,"href":"https:\/\/www.ngdcare.nl\/da\/wp-json\/wp\/v2\/merken?post=6996"}],"curies":[{"name":"wp","href":"https:\/\/api.w.org\/{rel}","templated":true}]}}